{"id":674,"date":"2019-07-18T13:57:53","date_gmt":"2019-07-18T11:57:53","guid":{"rendered":"http:\/\/www.cifalmalaga.org\/?page_id=674"},"modified":"2019-09-13T13:13:11","modified_gmt":"2019-09-13T11:13:11","slug":"e-learning","status":"publish","type":"page","link":"https:\/\/cifalmalaga.org\/en\/e-learning\/","title":{"rendered":"Virtual Classroom"},"content":{"rendered":"<h1>Cursos E-learning<\/h1>\n<p>Te presentamos los cursos que puedes seguir a trav\u00e9s de nuestro portal de formaci\u00f3n. Usa el bot\u00f3n de registro de cada curso para matricularte.<\/p>\n<div class=\"cajacurso row\">\n<ul class=\"col-sm-12 datoscurso\">\n<li>ABIERTO<\/li>\n<li>Curso on Line<\/li>\n<li><i class=\"fa fa-clock\"><\/i> 25 horas<\/li>\n<li><i class=\"fa fa-file-certificate\"><\/i> Certificado por CIFAL M\u00e1laga-UNITAR<\/li>\n<\/ul>\n<h2>ESTRATEGIAS DE TURISMO SOSTENIBLE PARA EL DESARROLLO LOCAL<\/h2>\n<p><a href=\"https:\/\/cifalmalaga.org\/moodle\/local\/skillup_inscript_mat\/signup.php?courseid=4\" target=\"_blank\" rel=\"noopener noreferrer\"><button class=\"btn btn-lg btn-primary\"><i class=\"fa fa-plus-circle\"><\/i> Reg\u00edstrame<\/button><\/a><\/p>\n<div class=\"row\">\n<div class=\"col-sm-4\"><img decoding=\"async\" width=\"750\" height=\"1024\" class=\"wp-image-679 img-curso\" src=\"http:\/\/cifalmalaga.org\/wp-content\/uploads\/2019\/07\/cartel.jpg\" alt=\"\" srcset=\"https:\/\/cifalmalaga.org\/wp-content\/uploads\/2019\/07\/cartel-9x12.jpg 9w, https:\/\/cifalmalaga.org\/wp-content\/uploads\/2019\/07\/cartel-200x273.jpg 200w, https:\/\/cifalmalaga.org\/wp-content\/uploads\/2019\/07\/cartel-220x300.jpg 220w, https:\/\/cifalmalaga.org\/wp-content\/uploads\/2019\/07\/cartel-400x546.jpg 400w, https:\/\/cifalmalaga.org\/wp-content\/uploads\/2019\/07\/cartel-600x819.jpg 600w, https:\/\/cifalmalaga.org\/wp-content\/uploads\/2019\/07\/cartel.jpg 750w, https:\/\/cifalmalaga.org\/wp-content\/uploads\/2019\/07\/cartel-768x1049.jpg 768w, https:\/\/cifalmalaga.org\/wp-content\/uploads\/2019\/07\/cartel-800x1092.jpg 800w\" sizes=\"(max-width: 750px) 100vw, 750px\" \/><\/div>\n<div class=\"col-sm-8\">\n<p class=\"lead\">La definici\u00f3n de Turismo Sostenible seg\u00fan la Organizaci\u00f3n Mundial del Turismo (OMT) es: \u201c<em>El turismo que tiene plenamente en cuenta las repercusiones actuales y futuras, econ\u00f3micas, sociales y medioambientales para satisfacer las necesidades de los visitantes, de la industria, del entorno y de las comunidades anfitrionas<\/em>\u201d. Gracias a la diversidad de relaciones implicadas en la actividad tur\u00edstica, el turismo sostenible tiene la capacidad de actuar como catalizador de cambio en el mundo, beneficiando a la lucha de causas como el hambre, la paz y seguridad y, el fomento de las econom\u00edas locales.<\/p>\n<\/div>\n<\/div>\n<div class=\"row\">\n<div class=\"col-sm-6\">\n<h4>OBJETIVO<\/h4>\n<p>El principal objetivo del curso es la capacitaci\u00f3n para el refinamiento de las estrategias de turismo sostenibles en el \u00e1mbito local y c\u00f3mo establecer las l\u00edneas b\u00e1sicas para un plan de acci\u00f3n y seguimiento. El curso incluye tambi\u00e9n una parte de introducci\u00f3n a los ODS y su vinculaci\u00f3n con las ciudades donde se explica el inter\u00e9s por implantarlos y seguirlos, haciendo un especial hincapi\u00e9 en la importancia de los t\u00e9cnicos a la hora de realizar dicha implantaci\u00f3n y seguimiento en el \u00e1mbito del turismo.<\/p>\n<\/div>\n<div class=\"col-sm-6\">\n<h4>ENFOQUE<\/h4>\n<p>El curso consta de cuatro m\u00f3dulos, se har\u00e1 una evaluaci\u00f3n por m\u00f3dulo y la evaluaci\u00f3n final; en todos los casos el alumno tiene que superar el 70 por ciento de las respuestas para optar al certificado. El curso cuenta con un foro interactivo para relacionarse con otros alumnos del mismo y con el coordinador.<\/p>\n<\/div>\n<\/div>\n<\/div>\n<div class=\"cajacurso row\">\n<ul class=\"col-sm-12 datoscurso\">\n<li>ABIERTO<\/li>\n<li>Curso on Line<\/li>\n<li><i class=\"fa fa-clock\"><\/i> 25 horas<\/li>\n<li><i class=\"fa fa-file-certificate\"><\/i> Certificado por CIFAL M\u00e1laga-UNITAR<\/li>\n<\/ul>\n<h2>LA AGENDA 2030 Y LOS 17 OBJETIVOS DE DESARROLLO SOSTENIBLE DE NACIONES UNIDAS<\/h2>\n<p><a href=\"https:\/\/cifalmalaga.org\/moodle\/local\/skillup_inscript_mat\/signup.php?courseid=2\" target=\"_blank\" rel=\"noopener noreferrer\"><button class=\"btn btn-lg btn-primary\"><i class=\"fa fa-plus-circle\"><\/i> Reg\u00edstrame<\/button><\/a><\/p>\n<div class=\"row\">\n<div class=\"col-sm-4\"><img decoding=\"async\" width=\"371\" height=\"329\" class=\"wp-image-696\" src=\"http:\/\/cifalmalaga.org\/wp-content\/uploads\/2019\/07\/objetivos.png\" alt=\"\" srcset=\"https:\/\/cifalmalaga.org\/wp-content\/uploads\/2019\/07\/objetivos-14x12.png 14w, https:\/\/cifalmalaga.org\/wp-content\/uploads\/2019\/07\/objetivos-200x177.png 200w, https:\/\/cifalmalaga.org\/wp-content\/uploads\/2019\/07\/objetivos-300x266.png 300w, https:\/\/cifalmalaga.org\/wp-content\/uploads\/2019\/07\/objetivos.png 371w\" sizes=\"(max-width: 371px) 100vw, 371px\" \/><\/div>\n<div class=\"col-sm-8\">\n<p class=\"lead\"><strong>Transformar Nuestro Mundo<\/strong> es el lema de la Agenda 2030, la nueva agenda internacional que desgrana los objetivos de la comunidad internacional en el periodo 2016-2030 para erradicar la pobreza y favorecer un desarrollo sostenible e igualitario. La Agenda 2030 est\u00e1 integrada por 17 objetivos de desarrollo sostenible y 169 metas. Suponen un nuevo reto de la comunidad internacional para extender el acceso a los derechos humanos, lograr un desarrollo econ\u00f3mico global sostenible y respetuoso con el planeta y los recursos que ofrece.<\/p>\n<\/div>\n<\/div>\n<div class=\"row\">\n<div class=\"col-sm-6\">\n<h4>OBJETIVO<\/h4>\n<p>El principal objetivo del curso es la capacitaci\u00f3n de los estudiantes en el conocimiento, el manejo y la aplicaci\u00f3n en los diferentes \u00e1mbitos tanto p\u00fablicos como privados o del Tercer Sector, de la Agenda 2030 y los 17 Objetivos de Desarrollo Sostenible.<\/p>\n<\/div>\n<div class=\"col-sm-6\">\n<h4>ENFOQUE<\/h4>\n<p>El curso consta de cuatro m\u00f3dulos, se har\u00e1 una evaluaci\u00f3n por m\u00f3dulo y la evaluaci\u00f3n final; en todos los casos el alumno tiene que superar el 70 por ciento de las respuestas para optar al certificado. El curso cuenta con un foro interactivo para relacionarse con otros alumnos del mismo y con el coordinador.<\/p>\n<\/div>\n<\/div>\n<\/div>\n<div class=\"cajacurso row\">\n<ul class=\"col-sm-12 datoscurso\">\n<li><i class=\"fa fa-user\"><\/i> Presencial con incripci\u00f3n online<\/li>\n<li><i class=\"fa fa-calendar\"><\/i> 16 de octubre 2019<\/li>\n<li><i class=\"fa fa-file-certificate\"><\/i>Certificado por CIFAL M\u00e1laga-UNITAR<\/li>\n<\/ul>\n<h2>I JORNADAS INTERNACIONAL GESTI\u00d3N CIRCULAR DEL AGUA<\/h2>\n<p><a href=\"http:\/\/cifalmalaga.org\/wp-content\/uploads\/2019\/09\/d\u00edptico-agua.pdf\" target=\"_blank\" rel=\"noopener noreferrer\"><button class=\"btn btn-lg btn-primary\"><i class=\"fa fa-file-pdf\"><\/i> Programa completo<\/button><\/a><a href=\"https:\/\/cifalmalaga.org\/moodle\/local\/skillup_inscript_mat\/signup.php?courseid=5\" target=\"_blank\" rel=\"noopener noreferrer\"><button class=\"btn btn-lg btn-primary\"><i class=\"fa fa-plus-circle\"><\/i> Reg\u00edstrame<\/button><\/a><\/p>\n<div class=\"row\">\n<div class=\"col-sm-4\"><img decoding=\"async\" class=\"alignnone wp-image-809 size-full\" src=\"http:\/\/cifalmalaga.org\/wp-content\/uploads\/2019\/09\/agua_sept.png\" alt=\"\" width=\"616\" height=\"838\" srcset=\"https:\/\/cifalmalaga.org\/wp-content\/uploads\/2019\/09\/agua_sept-9x12.png 9w, https:\/\/cifalmalaga.org\/wp-content\/uploads\/2019\/09\/agua_sept-200x272.png 200w, https:\/\/cifalmalaga.org\/wp-content\/uploads\/2019\/09\/agua_sept-221x300.png 221w, https:\/\/cifalmalaga.org\/wp-content\/uploads\/2019\/09\/agua_sept-400x544.png 400w, https:\/\/cifalmalaga.org\/wp-content\/uploads\/2019\/09\/agua_sept-600x816.png 600w, https:\/\/cifalmalaga.org\/wp-content\/uploads\/2019\/09\/agua_sept.png 616w\" sizes=\"(max-width: 616px) 100vw, 616px\" \/><\/div>\n<div class=\"col-sm-8\">\n<p class=\"lead\">El agua es un recurso b\u00e1sico de sostenibilidad. El acceso al agua potable es uno de los standards de salubridad de una comunidad y en nuestros d\u00edas un requisito imprescindible para garantizar unas condiciones de desarrollo. En estas jornadas se abordan desde una perspectiva multidimensional los aspectos t\u00e9cnicos, geol\u00f3gicos, legislativos, pol\u00edticos, geoestrat\u00e9gicos y econ\u00f3micos de la gesti\u00f3n del agua.<\/p>\n<h5>MATR\u00cdCULA<\/h5>\n<ul>\n<li>75 \u20ac por asistente.<\/li>\n<li>10 \u20ac, para alumnos universitarios acreditados (que se conceder\u00e1n por orden de petici\u00f3n).<\/li>\n<\/ul>\n<p>La matr\u00edcula incluye desayuno, comida y libro con las ponencias que se les remitir\u00e1 posteriormente.<br \/>\nPara el pago de la matr\u00edcula realice su ingreso a la siguiente C\/C: ES82 2103 3050 0400 3004 2901, indicando su nombre y apellidos, y en el campo de \u00abobservaciones\u00bb: I Jornadas del Agua y env\u00ede el justificante de las transferencia y la acreditaci\u00f3n como alumno universitario (en su caso) a\u00a0<a href=\"mailto:info@cifalmalaga.org\" target=\"_blank\" rel=\"noopener noreferrer\">info@cifalmalaga.org<\/a><\/p>\n<\/div>\n<\/div>\n<\/div>\n<div class=\"cajacurso row\">\n<ul class=\"col-sm-12 datoscurso\">\n<li>PR\u00d3XIMAMENTE<\/li>\n<li><i class=\"fa fa-clock\"><\/i> 300 horas<\/li>\n<li><i class=\"fa fa-file-certificate\"><\/i> Certificado por CIFAL M\u00e1laga-UNITAR<\/li>\n<\/ul>\n<h2>CIBERTERRORISMO, CIBERINTELIGENCIA Y CIBERSEGURIDAD. RIESGOS Y AMENAZAS EN UN MARCO GLOBAL<\/h2>\n<p><a href=\"http:\/\/cifalmalaga.org\/wp-content\/uploads\/2019\/08\/ciberinteligencia-3.pdf\" target=\"_blank\" rel=\"noopener noreferrer\"><button class=\"btn btn-lg btn-primary\"><i class=\"fa fa-file-pdf\"><\/i> Programa completo<\/button><\/a><\/p>\n<div class=\"row\">\n<div class=\"col-sm-4\"><img decoding=\"async\" class=\"alignnone wp-image-762 size-800\" src=\"http:\/\/cifalmalaga.org\/wp-content\/uploads\/2019\/07\/nueva-ciber-800x363.png\" alt=\"\" width=\"800\" height=\"363\" srcset=\"https:\/\/cifalmalaga.org\/wp-content\/uploads\/2019\/07\/nueva-ciber-18x8.png 18w, https:\/\/cifalmalaga.org\/wp-content\/uploads\/2019\/07\/nueva-ciber-200x91.png 200w, https:\/\/cifalmalaga.org\/wp-content\/uploads\/2019\/07\/nueva-ciber-300x136.png 300w, https:\/\/cifalmalaga.org\/wp-content\/uploads\/2019\/07\/nueva-ciber-400x182.png 400w, https:\/\/cifalmalaga.org\/wp-content\/uploads\/2019\/07\/nueva-ciber-600x273.png 600w, https:\/\/cifalmalaga.org\/wp-content\/uploads\/2019\/07\/nueva-ciber-768x349.png 768w, https:\/\/cifalmalaga.org\/wp-content\/uploads\/2019\/07\/nueva-ciber-800x363.png 800w, https:\/\/cifalmalaga.org\/wp-content\/uploads\/2019\/07\/nueva-ciber-1024x465.png 1024w, https:\/\/cifalmalaga.org\/wp-content\/uploads\/2019\/07\/nueva-ciber.png 1200w\" sizes=\"(max-width: 800px) 100vw, 800px\" \/><\/div>\n<div class=\"col-sm-8\">\n<p class=\"lead\">Este Curso ampl\u00eda las capacidades de miembros de las fuerzas y cuerpos de seguridad, Defensa, Comunidad de Inteligencia, analistas de asuntos exteriores y estrategia, periodistas y, en general, de todos los profesionales que deban analizar datos y realizar informes sobre temas de ciberinteligencia, ciberterrorismo y ciberseguridad. La aplicaci\u00f3n de los conocimientos adquiridos no s\u00f3lo se circunscribe al entorno de seguridad y defensa, ya que en la actualidad, las competencias obtenidas, son altamente demandadas en el mundo de los Recursos Humanos, inteligencia en empresas, medios de comunicaci\u00f3n y organismos de todo tipo.<\/p>\n<\/div>\n<\/div>\n<\/div>\n<div class=\"cajacurso row\">\n<ul class=\"col-sm-12 datoscurso\">\n<li>PR\u00d3XIMAMENTE<\/li>\n<li><i class=\"fa fa-clock\"><\/i> 25 horas<\/li>\n<li><i class=\"fa fa-file-certificate\"><\/i> Certificado por CIFAL M\u00e1laga-UNITAR<\/li>\n<\/ul>\n<h2>GOBIERNO ABIERTO Y ODS<\/h2>\n<p><a href=\"http:\/\/cifalmalaga.org\/wp-content\/uploads\/2019\/07\/gobabierto.pdf\" target=\"_blank\" rel=\"noopener noreferrer\"><button class=\"btn btn-lg btn-primary\"><i class=\"fa fa-file-pdf\"><\/i> Programa completo<\/button><\/a><\/p>\n<div class=\"row\">\n<div class=\"col-sm-4\"><img decoding=\"async\" class=\"alignnone wp-image-734 size-800\" src=\"http:\/\/cifalmalaga.org\/wp-content\/uploads\/2019\/07\/odss-800x410.jpg\" alt=\"\" width=\"800\" height=\"410\" srcset=\"https:\/\/cifalmalaga.org\/wp-content\/uploads\/2019\/07\/odss-18x9.jpg 18w, https:\/\/cifalmalaga.org\/wp-content\/uploads\/2019\/07\/odss-200x102.jpg 200w, https:\/\/cifalmalaga.org\/wp-content\/uploads\/2019\/07\/odss-300x154.jpg 300w, https:\/\/cifalmalaga.org\/wp-content\/uploads\/2019\/07\/odss-400x205.jpg 400w, https:\/\/cifalmalaga.org\/wp-content\/uploads\/2019\/07\/odss-600x307.jpg 600w, https:\/\/cifalmalaga.org\/wp-content\/uploads\/2019\/07\/odss-768x393.jpg 768w, https:\/\/cifalmalaga.org\/wp-content\/uploads\/2019\/07\/odss-800x410.jpg 800w, https:\/\/cifalmalaga.org\/wp-content\/uploads\/2019\/07\/odss.jpg 881w\" sizes=\"(max-width: 800px) 100vw, 800px\" \/><\/div>\n<div class=\"col-sm-8\">\n<p class=\"lead\">El Gobierno Abierto incluye temas de participaci\u00f3n, transparencia y rendici\u00f3n de cuentas, Open Data, colaboraci\u00f3n e innovaci\u00f3n p\u00fablica, entre otros temas, todos ellos relacionados con los Objetivos de Naciones Unidas (ODS) y la Agenda 2030. El valor principal del curso es la formaci\u00f3n sobre c\u00f3mo ofrecer servicios a medida a lo largo de la cadena de valor de la gesti\u00f3n p\u00fablica, desde la elaboraci\u00f3n de estrategias y planes hasta la propia comunicaci\u00f3n de los resultados obtenidos.<\/p>\n<\/div>\n<\/div>\n<\/div>","protected":false},"excerpt":{"rendered":"<p>Cursos E-learning Te presentamos los cursos que puedes seguir a  [&#8230;]<\/p>","protected":false},"author":1,"featured_media":0,"parent":0,"menu_order":0,"comment_status":"closed","ping_status":"closed","template":"","meta":{"footnotes":""},"class_list":["post-674","page","type-page","status-publish","hentry"],"_links":{"self":[{"href":"https:\/\/cifalmalaga.org\/en\/wp-json\/wp\/v2\/pages\/674","targetHints":{"allow":["GET"]}}],"collection":[{"href":"https:\/\/cifalmalaga.org\/en\/wp-json\/wp\/v2\/pages"}],"about":[{"href":"https:\/\/cifalmalaga.org\/en\/wp-json\/wp\/v2\/types\/page"}],"author":[{"embeddable":true,"href":"https:\/\/cifalmalaga.org\/en\/wp-json\/wp\/v2\/users\/1"}],"replies":[{"embeddable":true,"href":"https:\/\/cifalmalaga.org\/en\/wp-json\/wp\/v2\/comments?post=674"}],"version-history":[{"count":45,"href":"https:\/\/cifalmalaga.org\/en\/wp-json\/wp\/v2\/pages\/674\/revisions"}],"predecessor-version":[{"id":811,"href":"https:\/\/cifalmalaga.org\/en\/wp-json\/wp\/v2\/pages\/674\/revisions\/811"}],"wp:attachment":[{"href":"https:\/\/cifalmalaga.org\/en\/wp-json\/wp\/v2\/media?parent=674"}],"curies":[{"name":"wp","href":"https:\/\/api.w.org\/{rel}","templated":true}]}}