{"id":668,"date":"2019-07-17T16:43:49","date_gmt":"2019-07-17T14:43:49","guid":{"rendered":"http:\/\/www.cifalmalaga.org\/?page_id=668"},"modified":"2025-12-18T09:21:48","modified_gmt":"2025-12-18T08:21:48","slug":"quienes-somos","status":"publish","type":"page","link":"https:\/\/cifalmalaga.org\/en\/sobre-cifal-malaga\/quienes-somos\/","title":{"rendered":"About us"},"content":{"rendered":"<div class=\"fusion-fullwidth fullwidth-box fusion-builder-row-1 fusion-flex-container nonhundred-percent-fullwidth non-hundred-percent-height-scrolling\" style=\"--awb-border-radius-top-left:0px;--awb-border-radius-top-right:0px;--awb-border-radius-bottom-right:0px;--awb-border-radius-bottom-left:0px;--awb-flex-wrap:wrap;\" ><div class=\"fusion-builder-row fusion-row fusion-flex-align-items-flex-start fusion-flex-content-wrap\" style=\"max-width:1664px;margin-left: calc(-4% \/ 2 );margin-right: calc(-4% \/ 2 );\"><div class=\"fusion-layout-column fusion_builder_column fusion-builder-column-0 fusion_builder_column_1_1 1_1 fusion-flex-column\" style=\"--awb-bg-size:cover;--awb-width-large:100%;--awb-margin-top-large:0px;--awb-spacing-right-large:1.92%;--awb-margin-bottom-large:0px;--awb-spacing-left-large:1.92%;--awb-width-medium:100%;--awb-spacing-right-medium:1.92%;--awb-spacing-left-medium:1.92%;--awb-width-small:100%;--awb-spacing-right-small:1.92%;--awb-spacing-left-small:1.92%;\"><div class=\"fusion-column-wrapper fusion-flex-justify-content-flex-start fusion-content-layout-column\"><div class=\"fusion-text fusion-text-1\"><h1>About us<\/h1>\n<p>CIFAL M\u00e1laga, Centro Internacional de Formaci\u00f3n de Autoridades y L\u00edderes, es un centro dependiente del Instituto de las Naciones Unidas para la Formaci\u00f3n Profesional y la Investigaci\u00f3n (UNITAR). CIFAL M\u00e1laga , como el resto de los centros que forman parte de la Red Global CIFAL, tiene como objetivos:<\/p>\n<ul>\n<li>Facilitate the transfer of knowledge, experiences and best practices between representatives of the public sector, representatives of the private sector and leaders of civil society.<\/li>\n<li>Foster cooperation and the development of multisectoral associations.<\/li>\n<li>Provide opportunities that lead to collaboration between cities.<\/li>\n<li>Contribute to the development of local and national strategies.<\/li>\n<\/ul>\n<p class=\" translation-block\">Each of our <b>learning<\/b> and <b>training<\/b> activities includes a variety of learning resources that combine content, hands-on exercises, homework, quizzes, teamwork, interactive activities, and tutorials. All activities are designed in a <b>practical<\/b> and <b>interactive<\/b> way. Depending on the needs of the beneficiaries and the objectives of the training, the activities are offered in different formats: <b>face-to-face<\/b>, <b>virtual<\/b>, or a combination of both.<\/p>\n<p class=\" translation-block\"><b>UNITAR and the Malaga City Council<\/b> signed in 2018 a non-regulatory International Agreement for the establishment of <b>CIFAL Malaga<\/b>. Subsequently, in March 2019, the CIFAL M\u00e1laga Association was established, as a non-profit, non-governmental entity, through which its first Board of Directors was elected and the statutes that govern it were approved.<\/p>\n<h3>The aims of the Association are as follows:<\/h3>\n<ul>\n<li>To support the activities of the United Nations Institute for Training and Research (UNITAR);<\/li>\n<li>To carry out training, informative and awareness-raising activities;<\/li>\n<li>To support the activities of International Training Centre for Authorities and Leaders affiliated to UNITAR that offer training opportunities and exchange of good practices, tools and strategies between local and regional authorities, international agencies, private sector and civil society;<\/li>\n<li>To support local actors by improving their decision-making processes.<\/li>\n<\/ul>\n<p><img decoding=\"async\" class=\"alignnone size-800 wp-image-658\" src=\"https:\/\/cifalmalaga.org\/wp-content\/uploads\/2020\/07\/orgchart.png\" alt=\"\" width=\"800\" height=\"453\" srcset=\"https:\/\/cifalmalaga.org\/wp-content\/uploads\/2020\/07\/orgchart-18x10.png 18w, https:\/\/cifalmalaga.org\/wp-content\/uploads\/2020\/07\/orgchart-200x113.png 200w, https:\/\/cifalmalaga.org\/wp-content\/uploads\/2020\/07\/orgchart-300x170.png 300w, https:\/\/cifalmalaga.org\/wp-content\/uploads\/2020\/07\/orgchart-400x227.png 400w, https:\/\/cifalmalaga.org\/wp-content\/uploads\/2020\/07\/orgchart-600x340.png 600w, https:\/\/cifalmalaga.org\/wp-content\/uploads\/2020\/07\/orgchart-768x435.png 768w, https:\/\/cifalmalaga.org\/wp-content\/uploads\/2020\/07\/orgchart-800x453.png 800w, https:\/\/cifalmalaga.org\/wp-content\/uploads\/2020\/07\/orgchart.png 808w\" sizes=\"(max-width: 800px) 100vw, 800px\" \/><\/p>\n<\/div><\/div><\/div><\/div><\/div>","protected":false},"excerpt":{"rendered":"","protected":false},"author":1,"featured_media":477,"parent":647,"menu_order":0,"comment_status":"closed","ping_status":"closed","template":"","meta":{"footnotes":""},"class_list":["post-668","page","type-page","status-publish","has-post-thumbnail","hentry"],"_links":{"self":[{"href":"https:\/\/cifalmalaga.org\/en\/wp-json\/wp\/v2\/pages\/668","targetHints":{"allow":["GET"]}}],"collection":[{"href":"https:\/\/cifalmalaga.org\/en\/wp-json\/wp\/v2\/pages"}],"about":[{"href":"https:\/\/cifalmalaga.org\/en\/wp-json\/wp\/v2\/types\/page"}],"author":[{"embeddable":true,"href":"https:\/\/cifalmalaga.org\/en\/wp-json\/wp\/v2\/users\/1"}],"replies":[{"embeddable":true,"href":"https:\/\/cifalmalaga.org\/en\/wp-json\/wp\/v2\/comments?post=668"}],"version-history":[{"count":6,"href":"https:\/\/cifalmalaga.org\/en\/wp-json\/wp\/v2\/pages\/668\/revisions"}],"predecessor-version":[{"id":4373,"href":"https:\/\/cifalmalaga.org\/en\/wp-json\/wp\/v2\/pages\/668\/revisions\/4373"}],"up":[{"embeddable":true,"href":"https:\/\/cifalmalaga.org\/en\/wp-json\/wp\/v2\/pages\/647"}],"wp:featuredmedia":[{"embeddable":true,"href":"https:\/\/cifalmalaga.org\/en\/wp-json\/wp\/v2\/media\/477"}],"wp:attachment":[{"href":"https:\/\/cifalmalaga.org\/en\/wp-json\/wp\/v2\/media?parent=668"}],"curies":[{"name":"wp","href":"https:\/\/api.w.org\/{rel}","templated":true}]}}