{"id":649,"date":"2019-07-16T10:59:50","date_gmt":"2019-07-16T08:59:50","guid":{"rendered":"http:\/\/www.cifalmalaga.org\/?page_id=649"},"modified":"2026-01-22T13:12:32","modified_gmt":"2026-01-22T12:12:32","slug":"mision-y-objetivos","status":"publish","type":"page","link":"https:\/\/cifalmalaga.org\/en\/sobre-cifal-malaga\/mision-y-objetivos\/","title":{"rendered":"Mission and goals"},"content":{"rendered":"<div class=\"fusion-fullwidth fullwidth-box fusion-builder-row-1 fusion-flex-container nonhundred-percent-fullwidth non-hundred-percent-height-scrolling\" style=\"--awb-border-radius-top-left:0px;--awb-border-radius-top-right:0px;--awb-border-radius-bottom-right:0px;--awb-border-radius-bottom-left:0px;--awb-flex-wrap:wrap;\" ><div class=\"fusion-builder-row fusion-row fusion-flex-align-items-flex-start fusion-flex-content-wrap\" style=\"max-width:1664px;margin-left: calc(-4% \/ 2 );margin-right: calc(-4% \/ 2 );\"><div class=\"fusion-layout-column fusion_builder_column fusion-builder-column-0 fusion_builder_column_1_1 1_1 fusion-flex-column\" style=\"--awb-bg-size:cover;--awb-width-large:100%;--awb-margin-top-large:0px;--awb-spacing-right-large:1.92%;--awb-margin-bottom-large:0px;--awb-spacing-left-large:1.92%;--awb-width-medium:100%;--awb-spacing-right-medium:1.92%;--awb-spacing-left-medium:1.92%;--awb-width-small:100%;--awb-spacing-right-small:1.92%;--awb-spacing-left-small:1.92%;\"><div class=\"fusion-column-wrapper fusion-flex-justify-content-flex-start fusion-content-layout-column\"><div class=\"fusion-text fusion-text-1\"><h1>Mission and goals<\/h1>\n<p>La misi\u00f3n de CIFAL M\u00e1laga es fortalecer las capacidades de los actores p\u00fablicos, privados y sociales para afrontar los retos actuales del desarrollo sostenible, promoviendo una gobernanza m\u00e1s eficaz, inclusiva e innovadora. A trav\u00e9s de la formaci\u00f3n, el intercambio de conocimiento y la cooperaci\u00f3n internacional, el centro impulsa soluciones pr\u00e1cticas que contribuyen a la implementaci\u00f3n real de la Agenda 2030 y a la mejora de la calidad de vida de las personas.<\/p>\n<p data-start=\"671\" data-end=\"1099\">CIFAL M\u00e1laga act\u00faa como un espacio de encuentro y aprendizaje entre administraciones p\u00fablicas, organismos internacionales, sector privado, entidades sociales y ciudadan\u00eda, favoreciendo el di\u00e1logo multiactor y la transferencia de buenas pr\u00e1cticas. Su labor se centra en reforzar el liderazgo, la capacidad de decisi\u00f3n y la innovaci\u00f3n en el dise\u00f1o de pol\u00edticas p\u00fablicas, con una clara orientaci\u00f3n a resultados y al impacto social.<\/p>\n<p data-start=\"1101\" data-end=\"1627\">El objetivo estrat\u00e9gico del centro es consolidarse como un referente en formaci\u00f3n y capacitaci\u00f3n en el sur de Europa, el Magreb y el norte de \u00c1frica, contribuyendo al desarrollo de territorios m\u00e1s sostenibles, resilientes e inclusivos. Para ello, promueve acciones formativas y proyectos que permiten a l\u00edderes locales, regionales y nacionales adquirir herramientas clave para afrontar desaf\u00edos como la cohesi\u00f3n social, el cambio clim\u00e1tico, la transformaci\u00f3n digital, la participaci\u00f3n ciudadana o la igualdad de oportunidades.<\/p>\n<p data-start=\"1629\" data-end=\"1946\">Un eje fundamental de la misi\u00f3n de CIFAL M\u00e1laga es la educaci\u00f3n en valores y el empoderamiento de la juventud. A trav\u00e9s de programas espec\u00edficos, el centro acerca los Objetivos de Desarrollo Sostenible a ni\u00f1os, j\u00f3venes y comunidades educativas, fomentando una ciudadan\u00eda activa, cr\u00edtica y comprometida con su entorno.<\/p>\n<p data-start=\"1948\" data-end=\"2449\">En coherencia con la Red Global CIFAL de UNITAR, CIFAL M\u00e1laga desarrolla su actividad en ocho grandes \u00e1reas tem\u00e1ticas: sostenibilidad, pol\u00edticas p\u00fablicas y gobernanza, gesti\u00f3n p\u00fablica, paz y seguridad, desarrollo humano y social, medio ambiente y cambio clim\u00e1tico, desarrollo econ\u00f3mico e infraestructuras, y tecnolog\u00eda e innovaci\u00f3n. Desde una visi\u00f3n transversal, el centro integra estas \u00e1reas en sus proyectos formativos para ofrecer respuestas reales a los desaf\u00edos locales con una proyecci\u00f3n global.<\/p>\n<p data-start=\"1948\" data-end=\"2449\"><strong>Metodolog\u00eda\u00a0<\/strong><\/p>\n<p data-start=\"1948\" data-end=\"2449\">El plan de formaci\u00f3n de CIFAL M\u00e1laga incluye tres tipos de formaci\u00f3n:<br \/>\n\u25cf Formaci\u00f3n presencial<br \/>\n\u25cf Cursos e-Learning<br \/>\n\u25cf Formaci\u00f3n mixta<\/p>\n<p data-start=\"1948\" data-end=\"2449\">Para ello, utilizamos una variedad de m\u00e9todos:<br \/>\n\u25cf Aprendizaje de conceptos (workshops, cursos, seminarios, etc.)<br \/>\n\u25cf Conferencias<br \/>\n\u25cf Eventos internacionales con mesas redondas de buenas pr\u00e1cticas.<br \/>\n\u25cf Visitas de campo<br \/>\n\u25cf Intercambio de experiencias (grupos de discusi\u00f3n, paneles de expertos, etc.)<\/p>\n<p data-start=\"1948\" data-end=\"2449\">La metodolog\u00eda de la formaci\u00f3n que usamos se basa en un sistema de gesti\u00f3n del conocimiento denominada Citi Share. Dicha metodolog\u00eda consiste en varios procesos de autoevaluaci\u00f3n, revisi\u00f3n y transmisi\u00f3n de experiencias y buenas pr\u00e1cticas para el logro de la mejora de la actuaci\u00f3n de una organizaci\u00f3n. Asimismo, contamos con una variedad de herramientas que proveen un lenguaje com\u00fan para la evaluaci\u00f3n, el intercambio y la adaptaci\u00f3n de las experiencias compartidas por las ciudades part\u00edcipes, as\u00ed como tambi\u00e9n una hoja de ruta para la acci\u00f3n y el progreso. El proceso busca la optimizaci\u00f3n de un aprendizaje com\u00fan entre los funcionarios locales y los l\u00edderes. Los participantes comparten conocimiento, experiencias, buenas pr\u00e1cticas y las lecciones aprendidas, con el objetivo de construir un plan de acci\u00f3n estrat\u00e9gica integrando acuerdos provenientes de convenciones internacionales en programas de desarrollo local.<\/p>\n<\/div><\/div><\/div><\/div><\/div>","protected":false},"excerpt":{"rendered":"","protected":false},"author":1,"featured_media":530,"parent":647,"menu_order":0,"comment_status":"closed","ping_status":"closed","template":"","meta":{"footnotes":""},"class_list":["post-649","page","type-page","status-publish","has-post-thumbnail","hentry"],"_links":{"self":[{"href":"https:\/\/cifalmalaga.org\/en\/wp-json\/wp\/v2\/pages\/649","targetHints":{"allow":["GET"]}}],"collection":[{"href":"https:\/\/cifalmalaga.org\/en\/wp-json\/wp\/v2\/pages"}],"about":[{"href":"https:\/\/cifalmalaga.org\/en\/wp-json\/wp\/v2\/types\/page"}],"author":[{"embeddable":true,"href":"https:\/\/cifalmalaga.org\/en\/wp-json\/wp\/v2\/users\/1"}],"replies":[{"embeddable":true,"href":"https:\/\/cifalmalaga.org\/en\/wp-json\/wp\/v2\/comments?post=649"}],"version-history":[{"count":11,"href":"https:\/\/cifalmalaga.org\/en\/wp-json\/wp\/v2\/pages\/649\/revisions"}],"predecessor-version":[{"id":4398,"href":"https:\/\/cifalmalaga.org\/en\/wp-json\/wp\/v2\/pages\/649\/revisions\/4398"}],"up":[{"embeddable":true,"href":"https:\/\/cifalmalaga.org\/en\/wp-json\/wp\/v2\/pages\/647"}],"wp:featuredmedia":[{"embeddable":true,"href":"https:\/\/cifalmalaga.org\/en\/wp-json\/wp\/v2\/media\/530"}],"wp:attachment":[{"href":"https:\/\/cifalmalaga.org\/en\/wp-json\/wp\/v2\/media?parent=649"}],"curies":[{"name":"wp","href":"https:\/\/api.w.org\/{rel}","templated":true}]}}