{"id":647,"date":"2019-07-16T10:56:51","date_gmt":"2019-07-16T08:56:51","guid":{"rendered":"http:\/\/www.cifalmalaga.org\/?page_id=647"},"modified":"2025-12-30T10:47:37","modified_gmt":"2025-12-30T09:47:37","slug":"sobre-cifal-malaga","status":"publish","type":"page","link":"https:\/\/cifalmalaga.org\/en\/sobre-cifal-malaga\/","title":{"rendered":"About CIFAL M\u00e1laga"},"content":{"rendered":"<div class=\"fusion-fullwidth fullwidth-box fusion-builder-row-1 fusion-flex-container nonhundred-percent-fullwidth non-hundred-percent-height-scrolling\" style=\"--awb-border-radius-top-left:0px;--awb-border-radius-top-right:0px;--awb-border-radius-bottom-right:0px;--awb-border-radius-bottom-left:0px;--awb-flex-wrap:wrap;\" ><div class=\"fusion-builder-row fusion-row fusion-flex-align-items-flex-start fusion-flex-content-wrap\" style=\"max-width:1664px;margin-left: calc(-4% \/ 2 );margin-right: calc(-4% \/ 2 );\"><div class=\"fusion-layout-column fusion_builder_column fusion-builder-column-0 fusion_builder_column_1_1 1_1 fusion-flex-column\" style=\"--awb-bg-size:cover;--awb-width-large:100%;--awb-margin-top-large:0px;--awb-spacing-right-large:1.92%;--awb-margin-bottom-large:0px;--awb-spacing-left-large:1.92%;--awb-width-medium:100%;--awb-spacing-right-medium:1.92%;--awb-spacing-left-medium:1.92%;--awb-width-small:100%;--awb-spacing-right-small:1.92%;--awb-spacing-left-small:1.92%;\"><div class=\"fusion-column-wrapper fusion-flex-justify-content-flex-start fusion-content-layout-column\"><div class=\"fusion-text fusion-text-1\"><h1>Sobre CIFAL M\u00e1laga<\/h1>\n<p><span style=\"color: #000000;\"><span style=\"font-family: Times New Roman, serif;\"><span style=\"font-size: medium;\"><span style=\"font-family: Calibri, serif;\"><span style=\"font-size: small;\"><i>On the picture above: Inauguration of the headquarters of CIFAL M\u00e1laga in the Casita del Jardinero, with the presence of Nikhil Seth, Assistant Secretary-General of the United Nations and the Executive Director of UNITAR; Alex Mej\u00eda, director of the Global CIFAL Network; Julio Andrade, Director of CIFAL M\u00e1laga and several representatives of Malaga society.<\/i><\/span><\/span><\/span><\/span><\/span><\/p>\n<p>CIFAL M\u00e1laga es un centro internacional de formaci\u00f3n y cooperaci\u00f3n vinculado al Instituto de las Naciones Unidas para Formaci\u00f3n Profesional e Investigaciones (UNITAR), que act\u00faa como plataforma de referencia para el fortalecimiento de capacidades en \u00e1mbitos clave del desarrollo sostenible, la gobernanza democr\u00e1tica, la cohesi\u00f3n social y la innovaci\u00f3n p\u00fablica.<\/p>\n<p>Desde M\u00e1laga, CIFAL desarrolla y coordina programas formativos, proyectos europeos e iniciativas de transferencia de conocimiento dirigidas a administraciones p\u00fablicas, profesionales, entidades sociales, fuerzas de seguridad, comunidad educativa y ciudadan\u00eda en general. Su actividad se orienta a promover pol\u00edticas p\u00fablicas m\u00e1s eficaces, inclusivas y alineadas con la Agenda 2030 y los Objetivos de Desarrollo Sostenible.<\/p>\n<p>El centro trabaja de manera transversal en \u00e1reas como la participaci\u00f3n ciudadana, la educaci\u00f3n c\u00edvica, la prevenci\u00f3n de la discriminaci\u00f3n y los delitos de odio, la sostenibilidad ambiental, la innovaci\u00f3n social, la cooperaci\u00f3n internacional, la formaci\u00f3n en valores democr\u00e1ticos y el fortalecimiento institucional. Asimismo, impulsa proyectos europeos y redes de colaboraci\u00f3n que conectan el \u00e1mbito local con los desaf\u00edos globales, fomentando el aprendizaje mutuo y el intercambio de buenas pr\u00e1cticas.<\/p>\n<p>CIFAL M\u00e1laga combina un enfoque pr\u00e1ctico y aplicado con una s\u00f3lida base t\u00e9cnica y acad\u00e9mica, desarrollando acciones formativas presenciales y online, talleres especializados, seminarios internacionales, materiales pedag\u00f3gicos y estudios estrat\u00e9gicos. Todo ello con el objetivo de contribuir a una sociedad m\u00e1s justa, resiliente y comprometida con el desarrollo sostenible, desde el \u00e1mbito local hacia el contexto europeo e internacional.<\/p>\n<\/div><\/div><\/div><\/div><\/div>","protected":false},"excerpt":{"rendered":"","protected":false},"author":1,"featured_media":660,"parent":0,"menu_order":0,"comment_status":"closed","ping_status":"closed","template":"","meta":{"footnotes":""},"class_list":["post-647","page","type-page","status-publish","has-post-thumbnail","hentry"],"_links":{"self":[{"href":"https:\/\/cifalmalaga.org\/en\/wp-json\/wp\/v2\/pages\/647","targetHints":{"allow":["GET"]}}],"collection":[{"href":"https:\/\/cifalmalaga.org\/en\/wp-json\/wp\/v2\/pages"}],"about":[{"href":"https:\/\/cifalmalaga.org\/en\/wp-json\/wp\/v2\/types\/page"}],"author":[{"embeddable":true,"href":"https:\/\/cifalmalaga.org\/en\/wp-json\/wp\/v2\/users\/1"}],"replies":[{"embeddable":true,"href":"https:\/\/cifalmalaga.org\/en\/wp-json\/wp\/v2\/comments?post=647"}],"version-history":[{"count":8,"href":"https:\/\/cifalmalaga.org\/en\/wp-json\/wp\/v2\/pages\/647\/revisions"}],"predecessor-version":[{"id":4381,"href":"https:\/\/cifalmalaga.org\/en\/wp-json\/wp\/v2\/pages\/647\/revisions\/4381"}],"wp:featuredmedia":[{"embeddable":true,"href":"https:\/\/cifalmalaga.org\/en\/wp-json\/wp\/v2\/media\/660"}],"wp:attachment":[{"href":"https:\/\/cifalmalaga.org\/en\/wp-json\/wp\/v2\/media?parent=647"}],"curies":[{"name":"wp","href":"https:\/\/api.w.org\/{rel}","templated":true}]}}