{"id":4249,"date":"2025-10-17T12:52:04","date_gmt":"2025-10-17T10:52:04","guid":{"rendered":"https:\/\/cifalmalaga.org\/?page_id=4249"},"modified":"2025-11-13T16:19:34","modified_gmt":"2025-11-13T15:19:34","slug":"documentos-reto","status":"publish","type":"page","link":"https:\/\/cifalmalaga.org\/en\/documentos-reto\/","title":{"rendered":"Documentos RETO"},"content":{"rendered":"<div class=\"fusion-fullwidth fullwidth-box fusion-builder-row-1 fusion-flex-container nonhundred-percent-fullwidth non-hundred-percent-height-scrolling\" style=\"--awb-border-radius-top-left:0px;--awb-border-radius-top-right:0px;--awb-border-radius-bottom-right:0px;--awb-border-radius-bottom-left:0px;--awb-flex-wrap:wrap;\" ><div class=\"fusion-builder-row fusion-row fusion-flex-align-items-flex-start fusion-flex-content-wrap\" style=\"max-width:1664px;margin-left: calc(-4% \/ 2 );margin-right: calc(-4% \/ 2 );\"><div class=\"fusion-layout-column fusion_builder_column fusion-builder-column-0 fusion_builder_column_1_1 1_1 fusion-flex-column\" style=\"--awb-bg-size:cover;--awb-width-large:100%;--awb-margin-top-large:0px;--awb-spacing-right-large:1.92%;--awb-margin-bottom-large:0px;--awb-spacing-left-large:1.92%;--awb-width-medium:100%;--awb-spacing-right-medium:1.92%;--awb-spacing-left-medium:1.92%;--awb-width-small:100%;--awb-spacing-right-small:1.92%;--awb-spacing-left-small:1.92%;\"><div class=\"fusion-column-wrapper fusion-flex-justify-content-flex-start fusion-content-layout-column\"><div class=\"fusion-text fusion-text-1\"><p>Los siguientes documentos hacen parte del proyecto RETO<\/p>\n<p><strong>INFORME METODOL\u00d3GICO PARA LA RECOGIDA Y AN\u00c1LISIS DE DATOS SOBRE DISCURSOS Y DELITOS DE ODIO EN ANDALUC\u00cdA<\/strong><\/p>\n<p><img decoding=\"async\" class=\"wp-image-4250 alignright\" src=\"https:\/\/cifalmalaga.org\/wp-content\/uploads\/2025\/10\/analisis-reto.jpg\" alt=\"\" width=\"213\" height=\"133\" srcset=\"https:\/\/cifalmalaga.org\/wp-content\/uploads\/2025\/10\/analisis-reto-18x12.jpg 18w, https:\/\/cifalmalaga.org\/wp-content\/uploads\/2025\/10\/analisis-reto-200x125.jpg 200w, https:\/\/cifalmalaga.org\/wp-content\/uploads\/2025\/10\/analisis-reto-300x187.jpg 300w, https:\/\/cifalmalaga.org\/wp-content\/uploads\/2025\/10\/analisis-reto-320x202.jpg 320w, https:\/\/cifalmalaga.org\/wp-content\/uploads\/2025\/10\/analisis-reto-400x250.jpg 400w, https:\/\/cifalmalaga.org\/wp-content\/uploads\/2025\/10\/analisis-reto-600x375.jpg 600w, https:\/\/cifalmalaga.org\/wp-content\/uploads\/2025\/10\/analisis-reto.jpg 613w\" sizes=\"(max-width: 213px) 100vw, 213px\" \/><\/p>\n<p>El proyecto europeo ReTo \u2013 Red para la Tolerancia Contra los delitos de Odio da un paso clave en su desarrollo con la publicaci\u00f3n de su segundo documento oficial: un informe t\u00e9cnico detallado que detalla la metodolog\u00eda de recogida y an\u00e1lisis de datos sobre el discurso de odio y los delitos de odio en Espa\u00f1a, con especial atenci\u00f3n al contexto andaluz y vocaci\u00f3n de r\u00e9plica a escala nacional y europea.<\/p>\n<p><a href=\"https:\/\/cifalmalaga.org\/wp-content\/uploads\/2025\/10\/RETO_D2.1.-ESP-1.pdf\">Ver documento.<\/a><\/p>\n<p><strong>INFORME DE ESTRATEGIAS DE PROMOCI\u00d3N<\/strong><\/p>\n<p><img decoding=\"async\" class=\"wp-image-4311 alignleft\" src=\"https:\/\/cifalmalaga.org\/wp-content\/uploads\/2025\/11\/estrategiaP.png\" alt=\"\" width=\"369\" height=\"207\" srcset=\"https:\/\/cifalmalaga.org\/wp-content\/uploads\/2025\/11\/estrategiaP-18x10.png 18w, https:\/\/cifalmalaga.org\/wp-content\/uploads\/2025\/11\/estrategiaP-200x112.png 200w, https:\/\/cifalmalaga.org\/wp-content\/uploads\/2025\/11\/estrategiaP-300x169.png 300w, https:\/\/cifalmalaga.org\/wp-content\/uploads\/2025\/11\/estrategiaP-400x225.png 400w, https:\/\/cifalmalaga.org\/wp-content\/uploads\/2025\/11\/estrategiaP-600x337.png 600w, https:\/\/cifalmalaga.org\/wp-content\/uploads\/2025\/11\/estrategiaP-768x432.png 768w, https:\/\/cifalmalaga.org\/wp-content\/uploads\/2025\/11\/estrategiaP-800x449.png 800w, https:\/\/cifalmalaga.org\/wp-content\/uploads\/2025\/11\/estrategiaP-1024x575.png 1024w, https:\/\/cifalmalaga.org\/wp-content\/uploads\/2025\/11\/estrategiaP.png 1180w\" sizes=\"(max-width: 369px) 100vw, 369px\" \/><\/p>\n<p>La Estrategia de Concienciaci\u00f3n P\u00fablica, Promoci\u00f3n y Apoyo a las V\u00edctimas tiene como prop\u00f3sito servir como una gu\u00eda y referencia a lo largo de la implementaci\u00f3n del proyecto RETO, proporcionando orientaciones conceptuales y pr\u00e1cticas que faciliten su correcta ejecuci\u00f3n. Asimismo, forma parte de los materiales de capacitaci\u00f3n elaborados en el marco del proyecto, con el fin de fortalecer las competencias de los distintos actores implicados.<\/p>\n<p><a href=\"https:\/\/cifalmalaga.org\/wp-content\/uploads\/2025\/11\/D3.1.-Estrategia-de-Concienciacion-Publica-Promocion-y-apoyo-a-las-Victimas_ESP_vFinal.pdf\">Ver documento<\/a><\/p>\n<h4>Pr\u00f3ximamente los siguiente informes<\/h4>\n<table style=\"height: 340px;\" width=\"921\">\n<tbody>\n<tr>\n<td width=\"240\"><\/td>\n<\/tr>\n<tr>\n<td width=\"240\"><span style=\"color: #993300;\">Directrices para la presentaci\u00f3n de informes \u00e9ticos<\/span><\/td>\n<\/tr>\n<tr>\n<td width=\"240\"><span style=\"color: #993300;\">Informe de base de datos centralizada<\/span><\/td>\n<\/tr>\n<tr>\n<td width=\"240\"><span style=\"color: #993300;\">Informe de seguimiento de IA<\/span><\/td>\n<\/tr>\n<tr>\n<td width=\"240\"><span style=\"color: #993300;\">Servicios de asistencia jur\u00eddica y apoyo a las v\u00edctimas informe<\/span><\/td>\n<\/tr>\n<tr>\n<td width=\"240\"><span style=\"color: #993300;\">Informe de seguimiento de los medios de comunicaci\u00f3n<\/span><\/td>\n<\/tr>\n<tr>\n<td width=\"240\"><span style=\"color: #993300;\">Informe de la campa\u00f1a de inclusi\u00f3n deportiva<\/span><\/td>\n<\/tr>\n<tr>\n<td width=\"240\"><span style=\"color: #993300;\">Informe final de investigaci\u00f3n sobre el discurso de odio y cr\u00edmenes de odio<\/span><\/td>\n<\/tr>\n<tr>\n<td width=\"240\"><span style=\"color: #993300;\">Informe del taller sobre la aplicaci\u00f3n de la ley<\/span><\/td>\n<\/tr>\n<tr>\n<td width=\"240\"><span style=\"color: #993300;\">Informe de la campa\u00f1a de concienciaci\u00f3n cultural<\/span><\/td>\n<\/tr>\n<tr>\n<td width=\"240\"><span style=\"color: #993300;\">Resumen del programa de embajadores deportivos<\/span><\/td>\n<\/tr>\n<tr>\n<td width=\"240\"><span style=\"color: #993300;\">Celebrando la diversidad: ciclo de cine<\/span><\/td>\n<\/tr>\n<\/tbody>\n<\/table>\n<\/div><\/div><\/div><\/div><\/div>","protected":false},"excerpt":{"rendered":"","protected":false},"author":2,"featured_media":0,"parent":0,"menu_order":0,"comment_status":"closed","ping_status":"closed","template":"","meta":{"footnotes":""},"class_list":["post-4249","page","type-page","status-publish","hentry"],"_links":{"self":[{"href":"https:\/\/cifalmalaga.org\/en\/wp-json\/wp\/v2\/pages\/4249","targetHints":{"allow":["GET"]}}],"collection":[{"href":"https:\/\/cifalmalaga.org\/en\/wp-json\/wp\/v2\/pages"}],"about":[{"href":"https:\/\/cifalmalaga.org\/en\/wp-json\/wp\/v2\/types\/page"}],"author":[{"embeddable":true,"href":"https:\/\/cifalmalaga.org\/en\/wp-json\/wp\/v2\/users\/2"}],"replies":[{"embeddable":true,"href":"https:\/\/cifalmalaga.org\/en\/wp-json\/wp\/v2\/comments?post=4249"}],"version-history":[{"count":18,"href":"https:\/\/cifalmalaga.org\/en\/wp-json\/wp\/v2\/pages\/4249\/revisions"}],"predecessor-version":[{"id":4323,"href":"https:\/\/cifalmalaga.org\/en\/wp-json\/wp\/v2\/pages\/4249\/revisions\/4323"}],"wp:attachment":[{"href":"https:\/\/cifalmalaga.org\/en\/wp-json\/wp\/v2\/media?parent=4249"}],"curies":[{"name":"wp","href":"https:\/\/api.w.org\/{rel}","templated":true}]}}