{"id":4064,"date":"2025-08-27T13:20:19","date_gmt":"2025-08-27T11:20:19","guid":{"rendered":"https:\/\/cifalmalaga.org\/?page_id=4064"},"modified":"2025-08-28T11:19:24","modified_gmt":"2025-08-28T09:19:24","slug":"actuaciones-a-dos-anos","status":"publish","type":"page","link":"https:\/\/cifalmalaga.org\/en\/actuaciones-a-dos-anos\/","title":{"rendered":"Actuaciones a dos a\u00f1os"},"content":{"rendered":"<div class=\"fusion-fullwidth fullwidth-box fusion-builder-row-1 fusion-flex-container nonhundred-percent-fullwidth non-hundred-percent-height-scrolling\" style=\"--awb-border-radius-top-left:0px;--awb-border-radius-top-right:0px;--awb-border-radius-bottom-right:0px;--awb-border-radius-bottom-left:0px;--awb-flex-wrap:wrap;\" ><div class=\"fusion-builder-row fusion-row fusion-flex-align-items-flex-start fusion-flex-content-wrap\" style=\"max-width:1664px;margin-left: calc(-4% \/ 2 );margin-right: calc(-4% \/ 2 );\"><div class=\"fusion-layout-column fusion_builder_column fusion-builder-column-0 fusion_builder_column_1_1 1_1 fusion-flex-column\" style=\"--awb-bg-size:cover;--awb-width-large:100%;--awb-margin-top-large:0px;--awb-spacing-right-large:1.92%;--awb-margin-bottom-large:0px;--awb-spacing-left-large:1.92%;--awb-width-medium:100%;--awb-spacing-right-medium:1.92%;--awb-spacing-left-medium:1.92%;--awb-width-small:100%;--awb-spacing-right-small:1.92%;--awb-spacing-left-small:1.92%;\"><div class=\"fusion-column-wrapper fusion-flex-justify-content-flex-start fusion-content-layout-column\"><div class=\"fusion-text fusion-text-1\"><h2>Actuaciones a dos a\u00f1os<\/h2>\n<p>ReTo realizar\u00e1 durante los pr\u00f3ximos dos a\u00f1os una serie de documentos, informes, investigaciones, bases de datos, programas de formaci\u00f3n, eventos deportivos inclusivos, y festivales culturales; creando as\u00ed un protocolo de actuaci\u00f3n frente a los delitos de odio que coordine un trabajo en red entre las diferentes entidades p\u00fablicas y privadas, los cuerpos de seguridad del Estado, el sistema educativo y los medios de comunicaci\u00f3n. El proyecto se realizar\u00e1 en Andaluc\u00eda, siendo extrapolable a otras comunidades de Espa\u00f1a y Europa.<\/p>\n<p>Los paquetes de trabajo y sus l\u00edderes son los siguientes:<\/p>\n<p><img decoding=\"async\" class=\"wp-image-4126 aligncenter\" src=\"https:\/\/cifalmalaga.org\/wp-content\/uploads\/2025\/08\/wp1a.png\" alt=\"\" width=\"897\" height=\"867\" srcset=\"https:\/\/cifalmalaga.org\/wp-content\/uploads\/2025\/08\/wp1a-12x12.png 12w, https:\/\/cifalmalaga.org\/wp-content\/uploads\/2025\/08\/wp1a-200x193.png 200w, https:\/\/cifalmalaga.org\/wp-content\/uploads\/2025\/08\/wp1a-300x290.png 300w, https:\/\/cifalmalaga.org\/wp-content\/uploads\/2025\/08\/wp1a-400x386.png 400w, https:\/\/cifalmalaga.org\/wp-content\/uploads\/2025\/08\/wp1a-600x580.png 600w, https:\/\/cifalmalaga.org\/wp-content\/uploads\/2025\/08\/wp1a-768x742.png 768w, https:\/\/cifalmalaga.org\/wp-content\/uploads\/2025\/08\/wp1a-800x773.png 800w, https:\/\/cifalmalaga.org\/wp-content\/uploads\/2025\/08\/wp1a-1024x989.png 1024w, https:\/\/cifalmalaga.org\/wp-content\/uploads\/2025\/08\/wp1a-1200x1159.png 1200w, https:\/\/cifalmalaga.org\/wp-content\/uploads\/2025\/08\/wp1a.png 1267w\" sizes=\"(max-width: 897px) 100vw, 897px\" \/>\u00a0<img decoding=\"async\" class=\"wp-image-4125 aligncenter\" src=\"https:\/\/cifalmalaga.org\/wp-content\/uploads\/2025\/08\/wp7.png\" alt=\"\" width=\"897\" height=\"867\" srcset=\"https:\/\/cifalmalaga.org\/wp-content\/uploads\/2025\/08\/wp7-12x12.png 12w, https:\/\/cifalmalaga.org\/wp-content\/uploads\/2025\/08\/wp7-200x193.png 200w, https:\/\/cifalmalaga.org\/wp-content\/uploads\/2025\/08\/wp7-300x290.png 300w, https:\/\/cifalmalaga.org\/wp-content\/uploads\/2025\/08\/wp7-400x386.png 400w, https:\/\/cifalmalaga.org\/wp-content\/uploads\/2025\/08\/wp7-600x580.png 600w, https:\/\/cifalmalaga.org\/wp-content\/uploads\/2025\/08\/wp7-768x742.png 768w, https:\/\/cifalmalaga.org\/wp-content\/uploads\/2025\/08\/wp7-800x773.png 800w, https:\/\/cifalmalaga.org\/wp-content\/uploads\/2025\/08\/wp7-1024x989.png 1024w, https:\/\/cifalmalaga.org\/wp-content\/uploads\/2025\/08\/wp7-1200x1159.png 1200w, https:\/\/cifalmalaga.org\/wp-content\/uploads\/2025\/08\/wp7.png 1267w\" sizes=\"(max-width: 897px) 100vw, 897px\" \/><\/p>\n<\/div><\/div><\/div><\/div><\/div>","protected":false},"excerpt":{"rendered":"","protected":false},"author":2,"featured_media":0,"parent":0,"menu_order":0,"comment_status":"closed","ping_status":"closed","template":"","meta":{"footnotes":""},"class_list":["post-4064","page","type-page","status-publish","hentry"],"_links":{"self":[{"href":"https:\/\/cifalmalaga.org\/en\/wp-json\/wp\/v2\/pages\/4064","targetHints":{"allow":["GET"]}}],"collection":[{"href":"https:\/\/cifalmalaga.org\/en\/wp-json\/wp\/v2\/pages"}],"about":[{"href":"https:\/\/cifalmalaga.org\/en\/wp-json\/wp\/v2\/types\/page"}],"author":[{"embeddable":true,"href":"https:\/\/cifalmalaga.org\/en\/wp-json\/wp\/v2\/users\/2"}],"replies":[{"embeddable":true,"href":"https:\/\/cifalmalaga.org\/en\/wp-json\/wp\/v2\/comments?post=4064"}],"version-history":[{"count":19,"href":"https:\/\/cifalmalaga.org\/en\/wp-json\/wp\/v2\/pages\/4064\/revisions"}],"predecessor-version":[{"id":4129,"href":"https:\/\/cifalmalaga.org\/en\/wp-json\/wp\/v2\/pages\/4064\/revisions\/4129"}],"wp:attachment":[{"href":"https:\/\/cifalmalaga.org\/en\/wp-json\/wp\/v2\/media?parent=4064"}],"curies":[{"name":"wp","href":"https:\/\/api.w.org\/{rel}","templated":true}]}}