{"id":4054,"date":"2025-08-27T10:36:05","date_gmt":"2025-08-27T08:36:05","guid":{"rendered":"https:\/\/cifalmalaga.org\/?page_id=4054"},"modified":"2025-08-27T13:03:49","modified_gmt":"2025-08-27T11:03:49","slug":"inicio-del-proyecto-reto-kick-off","status":"publish","type":"page","link":"https:\/\/cifalmalaga.org\/en\/inicio-del-proyecto-reto-kick-off\/","title":{"rendered":"Inicio del proyecto Reto (Kick Off)"},"content":{"rendered":"<div class=\"fusion-fullwidth fullwidth-box fusion-builder-row-1 fusion-flex-container nonhundred-percent-fullwidth non-hundred-percent-height-scrolling\" style=\"--awb-border-radius-top-left:0px;--awb-border-radius-top-right:0px;--awb-border-radius-bottom-right:0px;--awb-border-radius-bottom-left:0px;--awb-flex-wrap:wrap;\" ><div class=\"fusion-builder-row fusion-row fusion-flex-align-items-flex-start fusion-flex-content-wrap\" style=\"max-width:1664px;margin-left: calc(-4% \/ 2 );margin-right: calc(-4% \/ 2 );\"><div class=\"fusion-layout-column fusion_builder_column fusion-builder-column-0 fusion_builder_column_1_1 1_1 fusion-flex-column\" style=\"--awb-bg-size:cover;--awb-width-large:100%;--awb-margin-top-large:0px;--awb-spacing-right-large:1.92%;--awb-margin-bottom-large:0px;--awb-spacing-left-large:1.92%;--awb-width-medium:100%;--awb-spacing-right-medium:1.92%;--awb-spacing-left-medium:1.92%;--awb-width-small:100%;--awb-spacing-right-small:1.92%;--awb-spacing-left-small:1.92%;\"><div class=\"fusion-column-wrapper fusion-flex-justify-content-flex-start fusion-content-layout-column\"><div class=\"fusion-text fusion-text-1\"><h2>Kick off 26 de junio 2025<\/h2>\n<p>El pasado 26 de junio de 2025 se dio inicio al proyecto ReTo, con un encuentro presencial donde asistieron todos los socios del proyecto y las entidades colaboradoras. Se definieron todas las tareas y roles de cada socio, se dieron a conocer los WP del proyecto y se presentaron los lineamientos de cada uno de los paquetes de trabajo liderados por cada entidad participante.<\/p>\n<p>Tambi\u00e9n se presentaron las entidades que van a colaborar de manera transversal sin participaci\u00f3n econ\u00f3mica en el proyecto, las cuales son:<\/p>\n<p><img decoding=\"async\" class=\"wp-image-4055 alignnone\" src=\"https:\/\/cifalmalaga.org\/wp-content\/uploads\/2025\/08\/otras-aso.png\" alt=\"\" width=\"548\" height=\"147\" srcset=\"https:\/\/cifalmalaga.org\/wp-content\/uploads\/2025\/08\/otras-aso-18x5.png 18w, https:\/\/cifalmalaga.org\/wp-content\/uploads\/2025\/08\/otras-aso-200x54.png 200w, https:\/\/cifalmalaga.org\/wp-content\/uploads\/2025\/08\/otras-aso-300x80.png 300w, https:\/\/cifalmalaga.org\/wp-content\/uploads\/2025\/08\/otras-aso-400x107.png 400w, https:\/\/cifalmalaga.org\/wp-content\/uploads\/2025\/08\/otras-aso-600x161.png 600w, https:\/\/cifalmalaga.org\/wp-content\/uploads\/2025\/08\/otras-aso-768x206.png 768w, https:\/\/cifalmalaga.org\/wp-content\/uploads\/2025\/08\/otras-aso.png 787w\" sizes=\"(max-width: 548px) 100vw, 548px\" \/><\/p>\n<ul>\n<li>UNIVERSIDAD DE ALMER\u00cdA (UAL)<\/li>\n<li>ALMER\u00cdA ACOGE (ALMER\u00cdA ACOGE)<\/li>\n<li>YO SOY EL OTRO ASOCIACI\u00d3N CULTURAL<\/li>\n<\/ul>\n<p><strong>Objetivos<\/strong><\/p>\n<p><em>General: <\/em><\/p>\n<p>Crear un marco integral con m\u00faltiples actores que fortalezca la capacidad de las organizaciones de la sociedad civil, las autoridades p\u00fablicas y los actores comunitarios para prevenir y responder al discurso de odio y los delitos de odio, implementando un plan estrat\u00e9gico en Andaluc\u00eda como modelo de r\u00e9plica regional y nacional.<\/p>\n<p><em>Espec\u00edficos:\u00a0<\/em><\/p>\n<ul>\n<li>Desarrollar e implementar un plan estrat\u00e9gico para Andaluc\u00eda que pueda replicarse en otras regiones comunidades aut\u00f3nomas en Espa\u00f1a.<\/li>\n<li>Mejorar la coordinaci\u00f3n entre las fuerzas del orden, las OSC y los gobiernos locales para mejorar la denuncia, investigaci\u00f3n y persecuci\u00f3n de cr\u00edmenes de odio.<\/li>\n<li>Empoderar a las comunidades vulnerables y aumentar la conciencia p\u00fablica a trav\u00e9s de la educaci\u00f3n y la cultura y con actividades e iniciativas deportivas.<\/li>\n<li>Mejorar la recopilaci\u00f3n de datos y las metodolog\u00edas de investigaci\u00f3n para comprender mejor las tendencias del discurso de odio, en particular en el espacio en l\u00ednea, y desarrollar intervenciones espec\u00edficas.<\/li>\n<\/ul>\n<p><img decoding=\"async\" class=\"alignnone size-full wp-image-4058 aligncenter\" src=\"https:\/\/cifalmalaga.org\/wp-content\/uploads\/2025\/08\/icono.png\" alt=\"\" width=\"181\" height=\"181\" srcset=\"https:\/\/cifalmalaga.org\/wp-content\/uploads\/2025\/08\/icono-12x12.png 12w, https:\/\/cifalmalaga.org\/wp-content\/uploads\/2025\/08\/icono-66x66.png 66w, https:\/\/cifalmalaga.org\/wp-content\/uploads\/2025\/08\/icono-150x150.png 150w, https:\/\/cifalmalaga.org\/wp-content\/uploads\/2025\/08\/icono.png 181w\" sizes=\"(max-width: 181px) 100vw, 181px\" \/><\/p>\n<\/div><\/div><\/div><\/div><\/div>","protected":false},"excerpt":{"rendered":"","protected":false},"author":2,"featured_media":0,"parent":0,"menu_order":0,"comment_status":"closed","ping_status":"closed","template":"","meta":{"footnotes":""},"class_list":["post-4054","page","type-page","status-publish","hentry"],"_links":{"self":[{"href":"https:\/\/cifalmalaga.org\/en\/wp-json\/wp\/v2\/pages\/4054","targetHints":{"allow":["GET"]}}],"collection":[{"href":"https:\/\/cifalmalaga.org\/en\/wp-json\/wp\/v2\/pages"}],"about":[{"href":"https:\/\/cifalmalaga.org\/en\/wp-json\/wp\/v2\/types\/page"}],"author":[{"embeddable":true,"href":"https:\/\/cifalmalaga.org\/en\/wp-json\/wp\/v2\/users\/2"}],"replies":[{"embeddable":true,"href":"https:\/\/cifalmalaga.org\/en\/wp-json\/wp\/v2\/comments?post=4054"}],"version-history":[{"count":6,"href":"https:\/\/cifalmalaga.org\/en\/wp-json\/wp\/v2\/pages\/4054\/revisions"}],"predecessor-version":[{"id":4063,"href":"https:\/\/cifalmalaga.org\/en\/wp-json\/wp\/v2\/pages\/4054\/revisions\/4063"}],"wp:attachment":[{"href":"https:\/\/cifalmalaga.org\/en\/wp-json\/wp\/v2\/media?parent=4054"}],"curies":[{"name":"wp","href":"https:\/\/api.w.org\/{rel}","templated":true}]}}