{"id":3964,"date":"2025-08-11T11:51:20","date_gmt":"2025-08-11T09:51:20","guid":{"rendered":"https:\/\/cifalmalaga.org\/?page_id=3964"},"modified":"2025-08-12T11:24:40","modified_gmt":"2025-08-12T09:24:40","slug":"proyectos-2","status":"publish","type":"page","link":"https:\/\/cifalmalaga.org\/en\/proyectos-2\/","title":{"rendered":"PROYECTOS"},"content":{"rendered":"<div class=\"fusion-fullwidth fullwidth-box fusion-builder-row-1 fusion-flex-container has-pattern-background has-mask-background nonhundred-percent-fullwidth non-hundred-percent-height-scrolling\" style=\"--awb-border-radius-top-left:0px;--awb-border-radius-top-right:0px;--awb-border-radius-bottom-right:0px;--awb-border-radius-bottom-left:0px;--awb-margin-bottom:3rem;--awb-flex-wrap:wrap;\" id=\"listado_proyectos\" ><div class=\"fusion-builder-row fusion-row fusion-flex-align-items-flex-start fusion-flex-content-wrap\" style=\"max-width:1664px;margin-left: calc(-4% \/ 2 );margin-right: calc(-4% \/ 2 );\"><div class=\"fusion-layout-column fusion_builder_column fusion-builder-column-0 fusion_builder_column_1_1 1_1 fusion-flex-column\" style=\"--awb-bg-size:cover;--awb-width-large:100%;--awb-margin-top-large:0px;--awb-spacing-right-large:1.92%;--awb-margin-bottom-large:20px;--awb-spacing-left-large:1.92%;--awb-width-medium:100%;--awb-order-medium:0;--awb-spacing-right-medium:1.92%;--awb-spacing-left-medium:1.92%;--awb-width-small:100%;--awb-order-small:0;--awb-spacing-right-small:1.92%;--awb-spacing-left-small:1.92%;\"><div class=\"fusion-column-wrapper fusion-column-has-shadow fusion-flex-justify-content-flex-start fusion-content-layout-column\"><div class=\"fusion-title title fusion-title-1 fusion-sep-none fusion-title-text fusion-title-size-one\"><h1 class=\"fusion-title-heading title-heading-left\" style=\"margin:0;\">Proyectos de Cifal M\u00e1laga<\/h1><\/div><div class=\"fusion-text fusion-text-1\"><style id=\"smart_post_show_dynamic_css3924\">#pcp_wrapper-3924:not(.sps-glossary-layout) .sp-pcp-row,#pcp_wrapper-3924 .sps-glossary-items-group .sps-glossary-items-content {margin-right: -10px;margin-left: -10px;}#pcp_wrapper-3924 .sp-pcp-row [class*='sp-pcp-col-'],#pcp_wrapper-3924 .sp-pcp-row .sp-pcp-block-hierarchical{padding-right: 10px;padding-left: 10px; padding-bottom:20px;}.pcp-wrapper-3924 .sp-pcp-title a,.pcp-modal-3924 .sp-pcp-title, .pcp-wrapper-3924 .pcp-collapse-header a{text-align: left;text-transform: none;font-size: 24px;line-height: 28px;letter-spacing: 0px;color: #03a9f4;display: inherit;}.pcp-wrapper-3924 .sp-pcp-title, .pcp-modal-3924 .sp-pcp-title {margin: 20px 0px 20px 0px;}.pcp-wrapper-3924 .pcp-collapse-header a{display: inline-block;}.pcp-modal-3924 .sp-pcp-title{text-align: left;color: #111; display: block;}.pcp-wrapper-3924 .sp-pcp-title a:hover,.pcp-wrapper-3924 .pcp-collapse-header:hover a{color: #03a9f4;}.pcp-wrapper-3924 .sp-pcp-post-content, .pcp-modal-3924 .sp-pcp-post-content, .pcp-wrapper-3924 .sp-pcp-post-content p, .pcp-modal-3924 .sp-pcp-post-content p{text-align: left;text-transform: none;font-size: 16px;line-height: 20px;letter-spacing: 0px;margin: 0px 0px 20px 0px;color: #444; }.pcp-modal-3924 .sp-pcp-post-content,.pcp-modal-3924 .sp-pcp-post-content p,.pcp-modal-3924 .sp-pcp-post-content * {color: #444;}#pcp_wrapper-3924 .sp-pcp-post ,#pcp_wrapper-3924 .sp-pcp-post td, #pcp_wrapper-3924 .table-responsive th {border: 0px solid #e2e2e2; border-radius:0px;}#pcp_wrapper-3924 .sp-pcp-post{background-color: transparent;}#pcp_wrapper-3924 .sp-pcp-post {padding: 0 0 0 0;}#pcp_wrapper-3924 .sp-pcp-post-details {padding: 0 0 0 0;}#pcp_wrapper-3924 .sp-pcp-post .pcp-post-thumb-wrapper{margin: 0px 0px 0px 0px;}.pcp-modal-3924 .sp-pcp-post .sp-pcp-post-thumb-area {margin: 0px 0px 0px 0px;}#pcp_wrapper-3924 .sp-overlay.sp-pcp-post .pcp-post-thumb-wrapper,#pcp_wrapper-3924 .left-thumb.sp-pcp-post .pcp-post-thumb-wrapper,#pcp_wrapper-3924 .right-thumb.sp-pcp-post .pcp-post-thumb-wrapper,#pcp_wrapper-3924 .sp-pcp-content-box.sp-pcp-post .pcp-post-thumb-wrapper{margin: 0;}#pcp_wrapper-3924 .pcp-post-thumb-wrapper{border: 0px solid #dddddd;border-radius:0px;}.pcp-wrapper-3924 .sp_pcp_cf_list,.pcp-popup-3924 .sp_pcp_cf_list{text-align: left;text-transform: none;font-size: 14px;line-height: 18px;letter-spacing: 0px;color: #888;margin: 24px 0px 24px 0px;}.pcp-popup-3924 .sp_pcp_cf_list{color: #888;}.pcp-wrapper-3924 .sp-pcp-post .pcp-category a,.pcp-wrapper-3924 .sp-pcp-post .sp-pcp-post-meta ul li{margin: 0px 5px 5px 0px;}.pcp-wrapper-3924 .sp-pcp-post-meta li,.pcp-wrapper-3924 td.sp-pcp-post-meta,.pcp-wrapper-3924 .sp-pcp-post-meta ul,.pcp-wrapper-3924 .sp-pcp-post-meta li a,.pcp-popup-3924 .sp-pcp-post-meta ul,.pcp-popup-3924 .sp-pcp-post-meta li,.pcp-popup-3924 .sp-pcp-post-meta li a{text-transform: uppercase;font-size: 13px;line-height: 16px;letter-spacing: 0px;color: #607d8b;}.pcp-popup-3924 .sp-pcp-post-meta ul,.pcp-popup-3924 .sp-pcp-post-meta li,.pcp-popup-3924 .sp-pcp-post-meta li a {color: #888;}.pcp-modal-3924 .sp-pcp-post-meta,.pcp-wrapper-3924 .sp-pcp-post-meta{margin: 0px 0px 12px 0px;text-align: left;}.pcp-wrapper-3924 .sp-pcp-post-meta li a:hover,.pcp-popup-3924 .sp-pcp-post-meta li a:hover{color: #03a9f4;}#pcp_wrapper-3924 .sp-pcp-post .sp-pcp-social-share{text-align: left;}.pcp-popup-3924 .sp-pcp-post .sp-pcp-social-share{text-align: left;}#pcp_wrapper-3924 .sp-pcp-post .sp-pcp-social-share,.pcp-popup-3924 .sp-pcp-post .sp-pcp-social-share{margin: 0px 0px 0px 0px;}.pcp-popup-3924 .sp-pcp-post .sp-pcp-social-share a.icon_only .fa,#pcp_wrapper-3924 .sp-pcp-post .sp-pcp-social-share a.icon_only .fa{background: transparent;border: none;}#pcp_wrapper-3924 .pcp-readmore-link{text-transform: uppercase; font-size: 16px; line-height: 18px; letter-spacing: 0px; }#pcp_wrapper-3924 .sp-pcp-readmore{ text-align: left; }#pcp_wrapper-3924 .pcp-readmore-link{ background: #03a9f4; color: #ffffff; border: 1px solid #ffffff; border-radius: 0px; } #pcp_wrapper-3924 .pcp-readmore-link:hover { background-color: #ffffff; color: #03a9f4; border-color: #03a9f4; }#pcp_wrapper-3924 .wp-block-columns {display: flex;gap: 1em;}#pcp_wrapper-3924 .wp-block-columns >.wp-block-column{flex-basis: 100%;}@media only screen and (max-width: 576px) {#pcp_wrapper-3924 .wp-block-columns {display: block;}}#pcp_wrapper-3924 .pcp-post-pagination .page-numbers.current, #pcp_wrapper-3924 .pcp-post-pagination a.active , #pcp_wrapper-3924 .pcp-post-pagination a:hover{ color: #ffffff; background-color: #e1624b; border-color: #e1624b; }#pcp_wrapper-3924 .pcp-post-pagination,#pcp_wrapper-3924 .pcp-load-more,#pcp_wrapper-3924 .pcp-infinite-scroll-loader{ text-align: center; }#pcp_wrapper-3924 .pcp-post-pagination .page-numbers, .pcp-post-pagination a{ background: #ffffff; color:#5e5e5e; border: 1px solid #bbbbbb;border-radius: 2px;}#pcp_wrapper-3924 .pcp-load-more button{ background: #ffffff; color: #5e5e5e; border: 1px solid #bbbbbb; border-radius: 2px; }#pcp_wrapper-3924 .pcp-load-more button:hover{ background: #e1624b; color: #ffffff; border: 1px solid #e1624b; cursor: pointer; }#pcp_wrapper-3924 .pcp-filter-bar .pcp-filter-by.pcp-bar.fl_button.filter- label{margin: 0px 8px 8px 0px;}#pcp_wrapper-3924 .pcp-filter-bar .pcp-filter-by.pcp-bar.fl_button.filter- input~div{background: #ffffff;color: #5e5e5e;border: 1px solid #bbbbbb;border-radius:2px;font-size: 13px;text-transform: uppercase;letter-spacing: 0px;line-height: 24px;}#pcp_wrapper-3924 .pcp-filter-bar .pcp-filter-by.pcp-bar.fl_button.filter- input:checked~div,.pcp-order-by.pcp-bar.fl-btn input:checked~div{color: #ffffff;background: #e1624b;border-color: #e1624b;}#pcp_wrapper-3924 .pcp-filter-bar .pcp-filter-by.pcp-bar.fl_button.filter- input:hover~div,.pcp-order-by.pcp-bar.fl-btn input:hover~div{color: #ffffff;background: #e1624b;border-color: #e1624b;}#pcp_wrapper-3924 .pcp-filter-bar .pcp-filter-by select{border: 1px solid #bbbbbb;border-radius:2px;}#pcp_wrapper-3924 .pcp-filter-bar .pcp-filter-by select:hover{border-color: #e1624b;}#pcp_wrapper-3924 .pcp-shuffle-filter .taxonomy-group{ margin: 0px 0px 30px 0px; }#pcp_wrapper-3924 .sps-glossary-filter li button,#pcp_wrapper-3924 .pcp-shuffle-filter .pcp-button{background: transparent;color: #444444;margin: 0px 8px 8px 0px;border: 2px solid #bbbbbb;font-size: 13px;text-transform: uppercase;letter-spacing: 0px;}#pcp_wrapper-3924 .sps-glossary-filter li button:hover,#pcp_wrapper-3924 .pcp-shuffle-filter .pcp-button:hover, #pcp_wrapper-3924 .sps-glossary-filter li button.active, #pcp_wrapper-3924 .pcp-shuffle-filter .pcp-button.is-active { background: #e1624b; color: #ffffff; border: 2px solid #e1624b; } #pcp_wrapper-3924 .sps-az-filter-button.sps-glossary-filter { justify-content: center; } @media (max-width: 768px) {.pcp-wrapper-3924 .sp-pcp-title a{ font-size: 18px; line-height: 22px; }.pcp-wrapper-3924 .sp-pcp-post-content, .pcp-wrapper-3924 .sp-pcp-post-content p{ font-size: 14px; line-height: 18px; }#pcp_wrapper-3924 .pcp-readmore-link{ font-size: 12px; line-height: 18px; }.pcp-wrapper-3924 .sp-pcp-post-meta li, .pcp-wrapper-3924 .sp-pcp-post-meta li a { font-size: 14px; line-height: 16px; } .pcp-wrapper-3924 .sp_pcp_cf_list{ font-size: 14px; line-height: 18px; } }@media (max-width: 420px) {.pcp-wrapper-3924 .sp-pcp-title a{ font-size: 16px; line-height: 20px; }.pcp-wrapper-3924 .sp-pcp-post-content, .pcp-wrapper-3924 .sp-pcp-post-content p{ font-size: 12px; line-height: 18px; }#pcp_wrapper-3924 .pcp-readmore-link{ font-size: 10px; line-height: 16px; }.pcp-wrapper-3924 .sp-pcp-post-meta li, .pcp-wrapper-3924 .sp-pcp-post-meta li a{ font-size: 12px; line-height: 16px; } .pcp-wrapper-3924 .sp_pcp_cf_list{ font-size: 12px; line-height: 16px; } }#pcp_wrapper-3924 .pcp-table-layout table tbody tr.sp-pcp-post:nth-child(even) { background-color: hsl(0deg 0% 60% \/ 10%);}.sp-pcp-row .sp-pcp-block-6 { flex: 1 1 calc(50% );}@media (min-width: 1200px) { .sp-pcp-row .sp-pcp-col-xl-1 { flex: 1 1 100%; max-width: 100%; } .sp-pcp-row .sp-pcp-col-xl-2 { flex: 1 1 calc(50% ); max-width: calc(50% ); } .sp-pcp-row .sp-pcp-col-xl-3 { flex: 1 1 calc(33.22% ); max-width: calc(33.22% ); } .sp-pcp-row .sp-pcp-col-xl-4 { flex: 1 1 25%; max-width: 25%; } .sp-pcp-row .sp-pcp-col-xl-5 { flex: 1 1 calc(20% ); max-width: calc(20% ); } .sp-pcp-row .sp-pcp-col-xl-6 { flex: 1 1 calc(16.66% ); max-width: calc(16.66% ); } .sp-pcp-row .sp-pcp-col-xl-7 { flex: 1 1 calc(14.285% );max-width: calc(14.285% ); } .sp-pcp-row .sp-pcp-col-xl-8 { flex: 1 1 calc(12.5% );max-width: calc(12.5% ); }}@media (max-width: 1200px) { .sp-pcp-row .sp-pcp-col-lg-1 { flex: 1 1 100%; max-width: 100%; } .sp-pcp-row .sp-pcp-col-lg-2 { flex: 1 1 calc(50% );max-width: calc(50% ); } .sp-pcp-row .sp-pcp-col-lg-3 { flex: 1 1 calc(33.22% ); max-width: calc(33.22% ); } .sp-pcp-row .sp-pcp-col-lg-4 { flex: 1 1 calc(25% ); max-width: calc(25% ); } .sp-pcp-row .sp-pcp-col-lg-5 { flex: 1 1 calc(20% ); max-width: calc(20% ); } .sp-pcp-row .sp-pcp-col-lg-6 { flex: 1 1 calc(16.66% ); max-width: calc(16.66% ); } .sp-pcp-row .sp-pcp-col-lg-7 { flex: 1 1 calc(14.285% ); max-width: calc(14.285% ); } .sp-pcp-row .sp-pcp-col-lg-8 { flex: 1 1 calc(12.5% ); max-width: calc(12.5% ); }}@media (max-width: 992px) { .sp-pcp-row .sp-pcp-col-md-1 { flex: 1 1 100%; max-width: 100%; } .sp-pcp-row .sp-pcp-col-md-2 { flex: 1 1 calc(50% ); max-width: calc(50% ); } .sp-pcp-row .sp-pcp-col-md-2-5 { flex: 1 1 calc(75% ); max-width: calc(75% ); } .sp-pcp-row .sp-pcp-col-md-3 { flex: 1 1 calc(33.22% ); max-width: calc(33.22% ); } .sp-pcp-row .sp-pcp-col-md-4 { flex: 1 1 calc(25% ); max-width: 25%; } .sp-pcp-row .sp-pcp-col-md-5 { flex: 1 1 calc(20% ); max-width: calc(25% ); } .sp-pcp-row .sp-pcp-col-md-6 { flex: 1 1 calc(16.66% ); max-width: calc(16.66% ); } .sp-pcp-row .sp-pcp-col-md-7 { flex: 1 1 calc(14.285% ); max-width: calc(14.285% ); } .sp-pcp-row .sp-pcp-col-md-8 { flex: 1 1 calc(12.5% ); max-width: calc(12.5% ); }}@media (max-width: 768px) { .sp-pcp-row .sp-pcp-col-sm-1 { flex: 1 1 100%; max-width: 100%; } .sp-pcp-row .sp-pcp-col-sm-2 { flex: 1 1 calc(50% ); max-width: calc(50% ); } .sp-pcp-row .sp-pcp-col-sm-2-5 { flex: 1 1 calc(75% ); max-width: calc(75% ); } .sp-pcp-row .sp-pcp-col-sm-3 { flex: 1 1 calc(33.22% ); max-width: calc(33.22% ); } .sp-pcp-row .sp-pcp-col-sm-4 { flex: 1 1 calc(25% ); max-width: calc(25% ); } .sp-pcp-row .sp-pcp-col-sm-5 { flex: 1 1 calc(20% ); max-width: calc(20% ); } .sp-pcp-row .sp-pcp-col-sm-6 { flex: 1 1 calc(16.66% ); max-width: calc(16.66% ); } .sp-pcp-row .sp-pcp-col-sm-7 { flex: 1 1 calc(14.285% ); max-width: calc(14.285% ); } .sp-pcp-row .sp-pcp-col-sm-8 { flex: 1 1 calc(12.5% ); max-width: calc(12.5% ); }}.pcp-post-pagination.pcp-on-mobile { display: none;}@media (max-width: 576px) {.sp-pcp-row .sp-pcp-col-xs-1 { flex: 1 1 100%; max-width: 100%; } .sp-pcp-row .sp-pcp-col-xs-2 { flex: 1 1 calc(50% ); max-width: calc(50% ); } .sp-pcp-row .sp-pcp-col-xs-3 { flex: 1 1 calc(33.22% ); max-width: calc(33.22% ); } .sp-pcp-row .sp-pcp-col-xs-4 { flex: 1 1 calc(25% ); max-width: calc(25% ); } .sp-pcp-row .sp-pcp-col-xs-5 { flex: 1 1 calc(20% ); max-width: calc(20% ); } .sp-pcp-row .sp-pcp-col-xs-6 { flex: 1 1 calc(16.66% ); max-width: calc(16.66% ); } .sp-pcp-row .sp-pcp-col-xs-7 { flex: 1 1 calc(14.285% ); max-width: calc(14.285% ); } .sp-pcp-row .sp-pcp-col-xs-8 { flex: 1 1 calc(12.5% ); max-width: calc(12.5% ); } .pcp-post-pagination.pcp-on-mobile:not(.pcp-hide) { display: block; } .pcp-post-pagination:not(.pcp-on-mobile) { display: none; }}.sp-pcp-post.left-thumb .pcp-post-thumb-wrapper { width: 100% !important; max-width: 300px !important; height: auto;}<\/style><div id=\"pcp_wrapper-3924\"class=\"sp-pcp-section sp-pcp-container pcp-wrapper-3924\" data-pagination=\"infinite_scroll\" data-pagination_mobile=\"infinite_scroll\" data-sid=\"3924\" data-lang=\"\" data-current_post_id=\"3964\"><div class=\"pcp_ex_filter_bar\"><div class=\"pcp-ajax-search pcp-bar\" style=\"text-align:left;\"><label class=\"pcp-label\">Buscar <input type=\"text\" value=\"\" class=\"pcp-search-field\" placeholder=\"Search...\"><\/label><\/div><\/div><div class=\"sp-pcp-row\"><div class=\"sp-pcp-col-xs-1\"><div class=\"sp-pcp-post left-thumb pcp-item-4179\" data-id=\"4179\"><div class=\"pcp-post-thumb-wrapper\"><div class=\"sp-pcp-post-thumb-area\"><a class=\"sp-pcp-thumb\" aria-label=\"feature_image\" href=\"https:\/\/cifalmalaga.org\/en\/proyecto\/faunos\/\" target=\"_blank\" ><img data-sps_src=\"https:\/\/cifalmalaga.org\/wp-content\/uploads\/2025\/09\/fAUNOS-460x295.jpg\" class=\"pcp-lazyload\" width=\"460\" height=\"295\" alt=\"\"><\/a><\/div><\/div><div class=\"sp-pcp-post-details\"><div class=\"sp-pcp-post-details-content\"><h2 class=\"sp-pcp-title\"><a href=\"https:\/\/cifalmalaga.org\/en\/proyecto\/faunos\/\" target=\"_blank\">FAUNOS<\/a><\/h2><div class=\"sp-pcp-post-content\">FAUNOS es una iniciativa europea cuyo objetivo estrat\u00e9gico es\u00a0reforzar la prevenci\u00f3n, detecci\u00f3n e investigaci\u00f3n del crimen ambiental organizado, poniendo en manos de las Fuerzas y Cuerpos de Seguridad herramientas tecnol\u00f3gicas avanzadas. Este tipo de delito est\u00e1 se\u00f1alado como una de las principales prioridades en la\u00a0Estrategia de la Uni\u00f3n de Seguridad de la UE 2020-2025, ya que constituye el tercer negocio...<div class=\"sp-pcp-readmore\"><a class=\"pcp-readmore-link\" target=\"_blank\" href=\"https:\/\/cifalmalaga.org\/en\/proyecto\/faunos\/\">Leer m\u00e1s <\/a><\/div><\/div><\/div><\/div><\/div><\/div><div class=\"sp-pcp-col-xs-1\"><div class=\"sp-pcp-post left-thumb pcp-item-4050\" data-id=\"4050\"><div class=\"pcp-post-thumb-wrapper\"><div class=\"sp-pcp-post-thumb-area\"><a class=\"sp-pcp-thumb\" aria-label=\"feature_image\" href=\"https:\/\/cifalmalaga.org\/en\/proyecto\/reto\/\" target=\"_blank\" ><img data-sps_src=\"https:\/\/cifalmalaga.org\/wp-content\/uploads\/2025\/08\/Logo.f-e1766047222273-460x295.png\" class=\"pcp-lazyload\" width=\"460\" height=\"295\" alt=\"\"><\/a><\/div><\/div><div class=\"sp-pcp-post-details\"><div class=\"sp-pcp-post-details-content\"><h2 class=\"sp-pcp-title\"><a href=\"https:\/\/cifalmalaga.org\/en\/proyecto\/reto\/\" target=\"_blank\">RETO<\/a><\/h2><div class=\"sp-pcp-post-content\">ReTo es un proyecto europeo que lucha contra el discurso y los delitos de odio en Espa\u00f1a, tomando Andaluc\u00eda como regi\u00f3n piloto. A trav\u00e9s de formaci\u00f3n, campa\u00f1as, actividades culturales y deportivas, promueve la tolerancia, la inclusi\u00f3n y el respeto a la diversidad. Su meta es crear un modelo replicable que fortalezca comunidades m\u00e1s justas y cohesionadas en todo el pa\u00eds....<div class=\"sp-pcp-readmore\"><a class=\"pcp-readmore-link\" target=\"_blank\" href=\"https:\/\/cifalmalaga.org\/en\/proyecto\/reto\/\">Leer m\u00e1s <\/a><\/div><\/div><\/div><\/div><\/div><\/div><div class=\"sp-pcp-col-xs-1\"><div class=\"sp-pcp-post left-thumb pcp-item-4012\" data-id=\"4012\"><div class=\"pcp-post-thumb-wrapper\"><div class=\"sp-pcp-post-thumb-area\"><a class=\"sp-pcp-thumb\" aria-label=\"feature_image\" href=\"https:\/\/cifalmalaga.org\/en\/proyecto\/preserve\/\" target=\"_blank\" ><img data-sps_src=\"https:\/\/cifalmalaga.org\/wp-content\/uploads\/2025\/08\/Imagen-web-460x295.jpg\" class=\"pcp-lazyload\" width=\"460\" height=\"295\" alt=\"\"><\/a><\/div><\/div><div class=\"sp-pcp-post-details\"><div class=\"sp-pcp-post-details-content\"><h2 class=\"sp-pcp-title\"><a href=\"https:\/\/cifalmalaga.org\/en\/proyecto\/preserve\/\" target=\"_blank\">PRESERVE<\/a><\/h2><div class=\"sp-pcp-post-content\">CIFAL M\u00e1laga participa en PRESERVE, un proyecto europeo que impulsa una innovadora plataforma contra el uso indebido de drones. La iniciativa fortalece a las autoridades policiales en la detecci\u00f3n y neutralizaci\u00f3n de amenazas emergentes, mejora la seguridad en espacios p\u00fablicos y se alinea con la nueva pol\u00edtica anti-UAS de la UE....<div class=\"sp-pcp-readmore\"><a class=\"pcp-readmore-link\" target=\"_blank\" href=\"https:\/\/cifalmalaga.org\/en\/proyecto\/preserve\/\">Leer m\u00e1s <\/a><\/div><\/div><\/div><\/div><\/div><\/div><div class=\"sp-pcp-col-xs-1\"><div class=\"sp-pcp-post left-thumb pcp-item-4011\" data-id=\"4011\"><div class=\"pcp-post-thumb-wrapper\"><div class=\"sp-pcp-post-thumb-area\"><a class=\"sp-pcp-thumb\" aria-label=\"feature_image\" href=\"https:\/\/cifalmalaga.org\/en\/proyecto\/ecovoyagers\/\" target=\"_blank\" ><img data-sps_src=\"https:\/\/cifalmalaga.org\/wp-content\/uploads\/2025\/08\/2-1-460x295.png\" class=\"pcp-lazyload\" width=\"460\" height=\"295\" alt=\"\"><\/a><\/div><\/div><div class=\"sp-pcp-post-details\"><div class=\"sp-pcp-post-details-content\"><h2 class=\"sp-pcp-title\"><a href=\"https:\/\/cifalmalaga.org\/en\/proyecto\/ecovoyagers\/\" target=\"_blank\">ECOVOYAGERS<\/a><\/h2><div class=\"sp-pcp-post-content\">CIFAL M\u00e1laga y la Uni\u00f3n Juvenil de Cilento impulsan Ecovoyagers, un proyecto europeo que promueve el slow tourism y el turismo sostenible en el Camino de San Nilo. La iniciativa busca crear una identidad tur\u00edstica \u00fanica para la regi\u00f3n, ofreciendo experiencias aut\u00e9nticas, responsables y respetuosas con el entorno....<div class=\"sp-pcp-readmore\"><a class=\"pcp-readmore-link\" target=\"_blank\" href=\"https:\/\/cifalmalaga.org\/en\/proyecto\/ecovoyagers\/\">Leer m\u00e1s <\/a><\/div><\/div><\/div><\/div><\/div><\/div><div class=\"sp-pcp-col-xs-1\"><div class=\"sp-pcp-post left-thumb pcp-item-4010\" data-id=\"4010\"><div class=\"pcp-post-thumb-wrapper\"><div class=\"sp-pcp-post-thumb-area\"><a class=\"sp-pcp-thumb\" aria-label=\"feature_image\" href=\"https:\/\/cifalmalaga.org\/en\/proyecto\/proyecto-youth-eu-vision\/\" target=\"_blank\" ><img data-sps_src=\"https:\/\/cifalmalaga.org\/wp-content\/uploads\/2024\/09\/image-460x295.png\" class=\"pcp-lazyload\" width=\"460\" height=\"295\" alt=\"\"><\/a><\/div><\/div><div class=\"sp-pcp-post-details\"><div class=\"sp-pcp-post-details-content\"><h2 class=\"sp-pcp-title\"><a href=\"https:\/\/cifalmalaga.org\/en\/proyecto\/proyecto-youth-eu-vision\/\" target=\"_blank\">YouthEUVision<\/a><\/h2><div class=\"sp-pcp-post-content\">YouthEUVision es un proyecto europeo que impulsa la participaci\u00f3n de los j\u00f3venes en la vida democr\u00e1tica, promoviendo la inclusi\u00f3n y la ciudadan\u00eda activa en toda Europa. A trav\u00e9s de formaci\u00f3n, di\u00e1logo y cooperaci\u00f3n internacional, la iniciativa capacita a la juventud para convertirse en protagonista del futuro europeo....<div class=\"sp-pcp-readmore\"><a class=\"pcp-readmore-link\" target=\"_blank\" href=\"https:\/\/cifalmalaga.org\/en\/proyecto\/proyecto-youth-eu-vision\/\">Leer m\u00e1s <\/a><\/div><\/div><\/div><\/div><\/div><\/div><div class=\"sp-pcp-col-xs-1\"><div class=\"sp-pcp-post left-thumb pcp-item-4009\" data-id=\"4009\"><div class=\"pcp-post-thumb-wrapper\"><div class=\"sp-pcp-post-thumb-area\"><a class=\"sp-pcp-thumb\" aria-label=\"feature_image\" href=\"https:\/\/cifalmalaga.org\/en\/proyecto\/su-empresa-puede-ser-parte-de-cascos-verdes-ofrecemos-un-dia-de-team-building-innovador\/\" target=\"_blank\" ><img data-sps_src=\"https:\/\/cifalmalaga.org\/wp-content\/uploads\/2024\/05\/84-1-460x295.jpg\" class=\"pcp-lazyload\" width=\"460\" height=\"295\" alt=\"\"><\/a><\/div><\/div><div class=\"sp-pcp-post-details\"><div class=\"sp-pcp-post-details-content\"><h2 class=\"sp-pcp-title\"><a href=\"https:\/\/cifalmalaga.org\/en\/proyecto\/su-empresa-puede-ser-parte-de-cascos-verdes-ofrecemos-un-dia-de-team-building-innovador\/\" target=\"_blank\">TALLER PARTICIPATIVO CASCOS VERDES<\/a><\/h2><div class=\"sp-pcp-post-content\">Taller Participativo ODS \u2013 Cascos Verdes ofrece a empresas jornadas te\u00f3rico-pr\u00e1cticas sobre sostenibilidad y los ODS, incluyendo la elaboraci\u00f3n de bombas de semillas \u201cNendo Dango\u201d y un curso online de 8 horas certificado por CIFAL M\u00e1laga \u2013 UNITAR, fomentando compromiso, acci\u00f3n local y protecci\u00f3n de los ecosistemas....<div class=\"sp-pcp-readmore\"><a class=\"pcp-readmore-link\" target=\"_blank\" href=\"https:\/\/cifalmalaga.org\/en\/proyecto\/su-empresa-puede-ser-parte-de-cascos-verdes-ofrecemos-un-dia-de-team-building-innovador\/\">Leer m\u00e1s <\/a><\/div><\/div><\/div><\/div><\/div><\/div><\/div><span class=\"sp-pcp-pagination-data\" style=\"display:none;\" data-loadmoretext=\"Ver m\u00e1s proyectos\" data-endingtext=\"\"><\/span><nav class=\"pcp-post-pagination pcp-on-desktop infinite_scroll\"><a href=\"#\" class=\"page-numbers active\" data-page=\"1\">1<\/a><a href=\"#\" class=\"page-numbers\" data-page=\"2\">2<\/a><a href=\"#\" class=\"page-numbers\" data-page=\"3\">3<\/a><a href=\"#\" class=\"page-numbers\" data-page=\"4\">4<\/a><\/nav><nav class=\"pcp-post-pagination pcp-on-mobile infinite_scroll\"><a href=\"#\" class=\"page-numbers active\" data-page=\"1\">1<\/a><a href=\"#\" class=\"page-numbers\" data-page=\"2\">2<\/a><a href=\"#\" class=\"page-numbers\" data-page=\"3\">3<\/a><a href=\"#\" class=\"page-numbers\" data-page=\"4\">4<\/a><\/nav><\/div>\n<\/div><\/div><\/div><\/div><\/div>","protected":false},"excerpt":{"rendered":"","protected":false},"author":1,"featured_media":0,"parent":0,"menu_order":0,"comment_status":"closed","ping_status":"closed","template":"","meta":{"footnotes":""},"class_list":["post-3964","page","type-page","status-publish","hentry"],"_links":{"self":[{"href":"https:\/\/cifalmalaga.org\/en\/wp-json\/wp\/v2\/pages\/3964","targetHints":{"allow":["GET"]}}],"collection":[{"href":"https:\/\/cifalmalaga.org\/en\/wp-json\/wp\/v2\/pages"}],"about":[{"href":"https:\/\/cifalmalaga.org\/en\/wp-json\/wp\/v2\/types\/page"}],"author":[{"embeddable":true,"href":"https:\/\/cifalmalaga.org\/en\/wp-json\/wp\/v2\/users\/1"}],"replies":[{"embeddable":true,"href":"https:\/\/cifalmalaga.org\/en\/wp-json\/wp\/v2\/comments?post=3964"}],"version-history":[{"count":4,"href":"https:\/\/cifalmalaga.org\/en\/wp-json\/wp\/v2\/pages\/3964\/revisions"}],"predecessor-version":[{"id":4014,"href":"https:\/\/cifalmalaga.org\/en\/wp-json\/wp\/v2\/pages\/3964\/revisions\/4014"}],"wp:attachment":[{"href":"https:\/\/cifalmalaga.org\/en\/wp-json\/wp\/v2\/media?parent=3964"}],"curies":[{"name":"wp","href":"https:\/\/api.w.org\/{rel}","templated":true}]}}