{"id":3,"date":"2019-04-26T10:18:17","date_gmt":"2019-04-26T08:18:17","guid":{"rendered":"http:\/\/www.cifalmalaga.org\/?page_id=3"},"modified":"2020-04-13T19:00:18","modified_gmt":"2020-04-13T17:00:18","slug":"politica-privacidad","status":"publish","type":"page","link":"https:\/\/cifalmalaga.org\/en\/politica-privacidad\/","title":{"rendered":"Privacy policy"},"content":{"rendered":"<h1 class=\"wp-block-heading\">Pol\u00edtica de privacidad de CIFAL M\u00e1laga<\/h1>\r\n<p>\u00a1Bienvenido a\u00a0<a href=\"https:\/\/cifalmalaga.org\" target=\"_blank\" rel=\"noopener noreferrer\">cifalmalaga.org<\/a>! Esta Pol\u00edtica de Privacidad es parte integrante de las Condiciones Generales. El acceso y la navegaci\u00f3n en el sitio, o el uso de los servicios del mismo, implican la aceptaci\u00f3n de las Condiciones Generales (y por tanto de la Pol\u00edtica de Privacidad y Pol\u00edtica de Cookies). Por favor, l\u00e9alas atentamente.<\/p>\r\n<p>En esta Pol\u00edtica de Privacidad te informamos sobre:<\/p>\r\n<ol>\r\n<li>\u00bfQui\u00e9n es el responsable del tratamiento de tus datos?<\/li>\r\n<li>\u00bfQui\u00e9n puede facilitarnos datos?<\/li>\r\n<li>\u00bfQu\u00e9 datos recopilamos?<\/li>\r\n<li>\u00bfC\u00f3mo recopilamos sus datos personales?<\/li>\r\n<li>Finalidad y legitimidad para el uso de sus datos.<\/li>\r\n<li>Sus Derechos en Protecci\u00f3n de Datos \u00bfC\u00f3mo ejercer dichos derechos?<\/li>\r\n<li>Cesi\u00f3n de datos personales<\/li>\r\n<li>\u00a0Seguridad de Datos<\/li>\r\n<li>Transferencias internacionales<\/li>\r\n<\/ol>\r\n<h2>1. \u00bfQui\u00e9n es el responsable del tratamiento de tus datos?<\/h2>\r\n<p>Todos los datos facilitados por los usuarios en <a href=\"https:\/\/cifalmalaga.org\/\">cifalmalaga.org<\/a> y a trav\u00e9s de los<\/p>\r\n<p>formularios de inscripci\u00f3n a los distintos eventos formativos organizados o co-<br \/>organizados por CIFAL M\u00e1laga, ser\u00e1n incorporados y tratados, tanto a trav\u00e9s de medios<\/p>\r\n<p>telem\u00e1ticos, inform\u00e1ticos y no automatizados, en ficheros responsabilidad de:<br \/>Asociaci\u00f3n CIFAL M\u00e1laga<br \/>C\/Corregidor Francisco de Molina, no 1<br \/>29006. M\u00e1laga<br \/>CIF: G-93677516<br \/>Tel\u00e9fono: 34 951 92 81 23 y correo electr\u00f3nico <a href=\"mailto:info@cifalmalaga.org\" target=\"_blank\" rel=\"noopener noreferrer\">info@cifalmalaga.org<\/a><br \/><br \/>Por tanto, ASOCIACI\u00d3N CIFAL M\u00c1LAGA, es el responsable de sus datos. (En<br \/>adelante \u00abnosotros\u00bb o \u00abnuestro\u00bb).<\/p>\r\n<h2>2. \u00bfQui\u00e9n puede facilitarnos datos?<\/h2>\r\n<p>Al acceder a nuestra p\u00e1gina y\/o a nuestros formularios de inscripci\u00f3n, manifiesta que es<br \/>mayor de edad de acuerdo con su ley nacional y que todos los datos que nos facilite,<br \/>bien sean obligatorios para prestarle el servicio o informaci\u00f3n o bien datos adicionales<br \/>que completan su informaci\u00f3n y solicitud, son veraces y correctos, es decir, responden a<br \/>su situaci\u00f3n real. Estos datos nos los proporciona voluntariamente y nos das su<br \/>consentimiento para que podamos tratarlos, tanto inform\u00e1ticamente como de manera no<br \/>automatizada, para finalidades determinadas y leg\u00edtimas de CIFAL M\u00e1laga, no siendo<br \/>utilizados para fines incompatibles o no autorizados.<\/p>\r\n<h2>3. \u00bfQu\u00e9 datos recopilamos?<\/h2>\r\n<p>El Reglamento General de Protecci\u00f3n de Datos, nos dice que dato personal es toda<br \/>informaci\u00f3n sobre una persona f\u00edsica identificada o identificable, es decir toda la<br \/>informaci\u00f3n capaz de identificar a una persona. Esto no incluir\u00eda los datos an\u00f3nimos, ni<br \/>porcentuales.<br \/>Al enviar una consulta de informaci\u00f3n, inscribirse en nuestros cursos, acciones, eventos o<br \/>ponerse en contacto con nosotros a trav\u00e9s de correo electr\u00f3nico, podemos solicitarle que<\/p>\r\n<p>nos facilite una serie de datos e informaci\u00f3n personal tal como su nombre, apellidos,<br \/>direcci\u00f3n, email, tel\u00e9fono contacto. Estos datos que le solicitamos, y que son objeto de<br \/>tratamiento, ser\u00e1n siempre los adecuados, pertinentes y no excesivos a su solicitud de<br \/>informaci\u00f3n o servicio que nos realice.<br \/>Por tanto, los datos personales que tratamos pueden incluir:<\/p>\r\n<ul>\r\n<li>Datos de identidad: nombre, apellido y nombre de usuario.<\/li>\r\n<li>Datos de contacto: email o direcci\u00f3n de facturaci\u00f3n.<\/li>\r\n<li>Datos t\u00e9cnicos: datos de inicio de sesi\u00f3n, direcciones de protocolo de Internet, tipo<br \/>y versi\u00f3n de navegador, configuraci\u00f3n y ubicaci\u00f3n de la zona horaria, sistema<br \/>operativo, tipos y versiones de plug-in de navegador, y cualquier otra tecnolog\u00eda en<br \/>los dispositivos que usa para acceder a nuestra p\u00e1gina web.<\/li>\r\n<li>Datos de perfil: nombre de usuario y contrase\u00f1a, datos bancarios, datos de los<br \/>usuarios, comentarios y respuestas a encuestas.<\/li>\r\n<li>Datos de uso: informaci\u00f3n sobre como usa nuestra web, productos y servicios.<\/li>\r\n<li>Datos de marketing y comunicaciones: preferencias para recibir comunicaciones de<br \/>marketing por nuestra parte y medio preferente de comunicaci\u00f3n.<\/li>\r\n<li>Datos de voz e imagen durante el desarrollo de nuestras acciones formativas y<br \/>eventos<\/li>\r\n<\/ul>\r\n<p>No recopilamos ning\u00fan dato relativo a categor\u00edas especiales de datos personales (aquellos<br \/>que desvelen su origen \u00e9tnico o racial, las opiniones pol\u00edticas, las convicciones religiosas o<br \/>filos\u00f3ficas, la afiliaci\u00f3n sindical e informaci\u00f3n sobre su salud, datos gen\u00e9ticos o<br \/>biom\u00e9tricos).<br \/>En caso de que se le solicite recopilar datos personales por ley o seg\u00fan los t\u00e9rminos de<br \/>contrataci\u00f3n entre nosotros y se niegue a facilit\u00e1rnoslos, es posible que no podamos<br \/>realizar dicho contrato o prestar el servicio, debiendo comunic\u00e1rnoslo con antelaci\u00f3n.<\/p>\r\n<h2>4. \u00bfC\u00f3mo recopilamos sus datos personales?<\/h2>\r\n<p>Los medios que usamos para recopilar datos personales son:<\/p>\r\n<ul>\r\n<li>A trav\u00e9s del formulario de nuestra p\u00e1gina web, a trav\u00e9s de formularios de<br \/>inscripci\u00f3n a actividades formativas, de nuestros email de contacto, por<br \/>tel\u00e9fono o correo postal, cuando:\r\n<ul>\r\n<li>Solicita informaci\u00f3n de nuestros productos o servicios<\/li>\r\n<li>Contrata la prestaci\u00f3n de nuestros servicios o productos<\/li>\r\n<li>Se suscribe a alguno de nuestros servicios o publicaciones<\/li>\r\n<li>Se inscribe a alguna de nuestras actividades formativas o eventos<\/li>\r\n<li>Env\u00eda sus comentarios<\/li>\r\n<\/ul>\r\n<\/li>\r\n<\/ul>\r\n<p>Para asegurar la calidad de nuestro portal, tenemos que reservamos el derecho de<br \/>rechazar cualquier solicitud de registro o bien de suspender o cancelar un<br \/>registro previamente aceptado si entendemos que no cumple estos requisitos o<br \/>cualquier otra ley o norma. Si esto ocurre, intentaremos exponer los motivos de<br \/>nuestra decisi\u00f3n, pero no nos podemos comprometer a hacerlo en todos los casos.<\/p>\r\n<ul>\r\n<li>A trav\u00e9s de la participaci\u00f3n en nuestras actividades formativas o eventos en<br \/>el que puede ser grabada su imagen y su voz<\/li>\r\n<li>A trav\u00e9s de la tecnolog\u00eda o interacciones automatizadas: en nuestro sitio<br \/>podemos recopilar autom\u00e1ticamente datos t\u00e9cnicos sobre su equipo, acciones de<br \/>navegaci\u00f3n y patrones de uso. Estos datos son recopilados a trav\u00e9s de cookies o<br \/>tecnolog\u00edas similares. Si quiere ampliar la informaci\u00f3n, puede consultar nuestra<br \/>pol\u00edtica de cookies aqu\u00ed.<br \/>Igualmente, podemos recabar informaci\u00f3n sobre su ordenador, incluido el caso, su<br \/>direcci\u00f3n de IP, sistema operativo y tipo de navegador, para la administraci\u00f3n del<br \/>sistema y para brindarle informaci\u00f3n m\u00e1s personalizada a su punto de conexi\u00f3n. Se<br \/>trata de datos estad\u00edsticos sobre las acciones y patrones de navegaci\u00f3n de nuestros<br \/>usuarios, y no identifica a ninguna persona.<\/li>\r\n<li>A trav\u00e9s de terceros:<br \/>o Redes Sociales: (Facebook, Instagram, Twitter, LinkedIn,<br \/>Youtube&#8230;) fuera de la Uni\u00f3n Europea.<\/li>\r\n<\/ul>\r\n<h2>5. Finalidad leg\u00edtima del uso de sus datos<\/h2>\r\n<p>Los usos m\u00e1s comunes de sus datos personales son:<\/p>\r\n<ul>\r\n<li>Para la formalizaci\u00f3n de la contrataci\u00f3n de un servicio entre ASOCIACI\u00d3N<br \/>CIFAL M\u00c1LAGA y usted.<\/li>\r\n<li>Cuando preste su consentimiento en el tratamiento de sus datos<\/li>\r\n<li>Cuando los necesitemos para dar cumplimiento a una obligaci\u00f3n legal o regulatoria<\/li>\r\n<li>Cuando sea necesario para nuestro inter\u00e9s leg\u00edtimo o de un tercero.<\/li>\r\n<\/ul>\r\n<p>El Usuario podr\u00e1 revocar el consentimiento prestado en cualquier momento enviando un<br \/>correo a<a href=\"mailto:info@cifalmalaga.org\"> info@cifalmalaga.org<\/a> o consultando el apartado de ejercicio de derechos m\u00e1s<br \/>adelante.<br \/>A continuaci\u00f3n adjuntamos una tabla en la que pueden consultar las formas en las que<br \/>vamos a utilizar sus datos personales y la legitimidad para su uso, adem\u00e1s de saber qu\u00e9 tipo<br \/>de datos personales vamos a tratar. Podemos procesar alg\u00fan dato personal por alg\u00fan<br \/>motivo legal adicional, por lo que si necesita detalles al respecto puede enviar un correo<br \/>electr\u00f3nico a <a href=\"mailto:info@cifalmalaga.org\">info@cifalmalaga.org<\/a><\/p>\r\n<table width=\"567\">\r\n<tbody>\r\n<tr>\r\n<td width=\"236\">\r\n<p><strong>Finalidad<\/strong><\/p>\r\n<\/td>\r\n<td width=\"198\">\r\n<p><strong>Tipo de datos<\/strong><\/p>\r\n<\/td>\r\n<td width=\"132\">\r\n<p><strong>Legitimidad para su tratamiento<\/strong><\/p>\r\n<\/td>\r\n<\/tr>\r\n<tr>\r\n<td width=\"236\">\r\n<p>Para su inscripci\u00f3n en las actividades formativas solicitadas<\/p>\r\n<\/td>\r\n<td width=\"198\">\r\n<p>&#8211;\u00a0\u00a0\u00a0\u00a0\u00a0\u00a0\u00a0 Nombre<\/p>\r\n<p>&#8211;\u00a0\u00a0\u00a0\u00a0\u00a0\u00a0\u00a0 Apellidos<\/p>\r\n<p>&#8211;\u00a0\u00a0\u00a0\u00a0\u00a0\u00a0\u00a0 Email<\/p>\r\n<p>&#8211;\u00a0\u00a0\u00a0\u00a0\u00a0\u00a0\u00a0 Profesi\u00f3n<\/p>\r\n<p>&#8211;\u00a0\u00a0\u00a0\u00a0\u00a0\u00a0\u00a0 Organizaci\u00f3n<\/p>\r\n<p>&#8211;\u00a0\u00a0\u00a0\u00a0\u00a0\u00a0\u00a0 Pa\u00eds<\/p>\r\n<\/td>\r\n<td width=\"132\">\r\n<p>Consentimiento del interesado<\/p>\r\n<\/td>\r\n<\/tr>\r\n<tr>\r\n<td width=\"236\">\r\n<p>Para solicitar informaci\u00f3n a trav\u00e9s del formulario de contacto<\/p>\r\n<\/td>\r\n<td width=\"198\">\r\n<p>&#8211;\u00a0\u00a0\u00a0\u00a0\u00a0\u00a0\u00a0 Nombre<\/p>\r\n<p>&#8211;\u00a0\u00a0\u00a0\u00a0\u00a0\u00a0\u00a0 Apellidos<\/p>\r\n<p>&#8211;\u00a0\u00a0\u00a0\u00a0\u00a0\u00a0\u00a0 Email<\/p>\r\n<\/td>\r\n<td width=\"132\">\r\n<p>Consentimiento del interesado<\/p>\r\n<\/td>\r\n<\/tr>\r\n<tr>\r\n<td width=\"236\">\r\n<p>Para la difusi\u00f3n de nuestras actividades en nuestras redes sociales y p\u00e1gina web<\/p>\r\n<\/td>\r\n<td width=\"198\">\r\n<p>&#8211;\u00a0\u00a0\u00a0\u00a0\u00a0\u00a0\u00a0 Voz<\/p>\r\n<p>&#8211;\u00a0\u00a0\u00a0\u00a0\u00a0\u00a0\u00a0 Imagen<\/p>\r\n<p>&nbsp;<\/p>\r\n<\/td>\r\n<td width=\"132\">\r\n<p>Consentimiento del interesado<\/p>\r\n<\/td>\r\n<\/tr>\r\n<tr>\r\n<td width=\"236\">\r\n<p>Para realizar comunicaciones comerciales, entreg\u00e1ndole contenido relevante y que le pueda resultar de inter\u00e9s<\/p>\r\n<\/td>\r\n<td width=\"198\">\r\n<p>&#8211;\u00a0\u00a0\u00a0\u00a0\u00a0\u00a0\u00a0 Nombre<\/p>\r\n<p>&#8211;\u00a0\u00a0\u00a0\u00a0\u00a0\u00a0\u00a0 Apellidos<\/p>\r\n<p>&#8211;\u00a0\u00a0\u00a0\u00a0\u00a0\u00a0\u00a0 Email<\/p>\r\n<\/td>\r\n<td width=\"132\">\r\n<p>Consentimiento del interesado<\/p>\r\n<\/td>\r\n<\/tr>\r\n<tr>\r\n<td width=\"236\">\r\n<p>Para administrar y proteger nuestro negocio y nuestra p\u00e1gina web<\/p>\r\n<\/td>\r\n<td width=\"198\">\r\n<p>&#8211;\u00a0\u00a0\u00a0\u00a0\u00a0\u00a0\u00a0 Datos t\u00e9cnicos<\/p>\r\n<p>&#8211;\u00a0\u00a0\u00a0\u00a0\u00a0\u00a0\u00a0 Nombre<\/p>\r\n<p>&#8211;\u00a0\u00a0\u00a0\u00a0\u00a0\u00a0\u00a0 Apellidos<\/p>\r\n<p>&#8211;\u00a0\u00a0\u00a0\u00a0\u00a0\u00a0\u00a0 Email<\/p>\r\n<\/td>\r\n<td width=\"132\">\r\n<p>Inter\u00e9s leg\u00edtimo<\/p>\r\n<\/td>\r\n<\/tr>\r\n<\/tbody>\r\n<\/table>\r\n<p><strong>Comunicaciones comerciales:<\/strong> solo recibir\u00e1 comunicaciones si<br \/>&#8211; Nos solicit\u00f3 informaci\u00f3n o realiz\u00f3 una contrataci\u00f3n con nosotros de un servicio.<br \/>&#8211; Si nos proporcion\u00f3 sus datos, aceptando la casilla habilitada al respecto en nuestro<br \/>formulario.<br \/>&#8211; Siempre y cuando no haya manifestado su voluntad de dejar de recibir dichas<br \/>comunicaciones.<\/p>\r\n<p>Obtenemos su consentimiento expreso antes de mandarle cualquier comunicaci\u00f3n,<br \/>pudiendo solicitar en cualquier momento que dejemos de mandarle comunicaciones en el<br \/>email <a href=\"mailto:info@cifalmalaga.org\">info@cifalmalaga.org<\/a><br \/>Cuando opte por dejar de recibir nuestras comunicaciones, sus datos personales seguir\u00e1n<br \/>almacenados como resultado de la contrataci\u00f3n realizada por usted para ajustarnos a las<br \/>exigencias legales.<br \/><strong>Finalidad<\/strong>: s\u00f3lo utilizaremos sus datos para los fines para los que los recopilamos, a menos<br \/>que consideremos razonablemente que debemos usarlo para otro motivo, notific\u00e1ndoselo<br \/>previamente para que est\u00e9 informado del motivo legal de su procesamiento y siempre y<br \/>cuando el fin sea compatible con el prop\u00f3sito original.<br \/><strong>Plazo de conservaci\u00f3n<\/strong>: Se conservar\u00e1n durante el tiempo necesario para cumplir con la<br \/>finalidad para la que se recabaron y para determinar las posibles responsabilidades que se<br \/>pudieran derivar de dicha finalidad y del tratamiento de los datos. Ser\u00e1 de aplicaci\u00f3n lo<br \/>dispuesto en la normativa de archivos y documentaci\u00f3n.<br \/><strong>Datos de los suscriptores por e-mail o formulario<\/strong>: Desde que el usuario se suscribe<br \/>hasta que se d\u00e9 de baja.<br \/><strong>Datos de los usuarios subidos por ASOCIACI\u00d3N CIFAL M\u00c1LAGA a sus Redes<\/strong><br \/><strong>Sociales o p\u00e1ginas<\/strong>: Desde que el usuario da su consentimiento hasta que lo retira.<\/p>\r\n<h2>6. Sus derechos de protecci\u00f3n de datos\u00a0 \u00bfc\u00f3mo ejercer dichos derechos?<\/h2>\r\n<p>De acuerdo con la normativa vigente comunitaria (Directiva 95\/46\/UE) y Espa\u00f1ola (Ley<br \/>Org\u00e1nica 15\/1999, de 13 de diciembre)\/ Reglamento UE 679\/2016, de 27 de abril de 2016,<br \/>relativo a la protecci\u00f3n de las personas f\u00edsicas en relaci\u00f3n al tratamiento de datos de<br \/>car\u00e1cter personal, tienes la posibilidad de ejercitar los siguientes derechos personal\u00edsimos,<br \/>acreditando de manera fehaciente tu identidad, bien a trav\u00e9s de una comunicaci\u00f3n al<br \/>domicilio social de ASOCIACI\u00d3N CIFAL M\u00c1LAGA o direcci\u00f3n de correo electr\u00f3nico<br \/>info@cifalmalaga.org, incluyendo en ambos casos fotocopia de su D.N.I u otro documento<br \/>de identificaci\u00f3n similar, para solicitar el ejercicio de los siguientes derechos:<\/p>\r\n<ul>\r\n<li><span style=\"text-decoration: underline;\"><strong>Acceso<\/strong> <\/span>a sus datos personales: podr\u00e1 preguntar a ASOCIACI\u00d3N CIFAL<br \/>M\u00c1LAGA si est\u00e1 usando sus datos personales.<\/li>\r\n<li>A solicitar su <strong><span style=\"text-decoration: underline;\">rectificaci\u00f3n<\/span><\/strong>, si no fuesen correctos, o a ejercer el derecho al olvido<br \/>con respecto a los mismos.<\/li>\r\n<li>A solicitar la <span style=\"text-decoration: underline;\"><strong>limitaci\u00f3n del tratamiento<\/strong><\/span>, en este caso, solo ser\u00e1n conservados por<br \/>ASOCIACI\u00d3N CIFAL M\u00c1LAGA para el ejercicio o defensa de reclamaciones<\/li>\r\n<li>A <span style=\"text-decoration: underline;\"><strong>oponerse<\/strong> <\/span>a su tratamiento: ASOCIACI\u00d3N CIFAL M\u00c1LAGA dejar\u00e1 tratar los<br \/>datos en la forma que nos indique, salvo que por motivos leg\u00edtimos o para el<br \/>ejercicio o defensa de posibles reclamaciones, estos deban seguir trat\u00e1ndose.<\/li>\r\n<li>A la <strong><span style=\"text-decoration: underline;\">portabilidad<\/span> <\/strong>de los datos: en caso de que quieras que sus datos sean tratados<br \/>por otra firma, ASOCIACI\u00d3N CIFAL M\u00c1LAGA le facilitar\u00e1 la portabilidad de sus<br \/>datos al nuevo responsable.<\/li>\r\n<\/ul>\r\n<p>Podr\u00e1s utilizar los modelos puestos a su disposici\u00f3n por la Agencia Espa\u00f1ola de Protecci\u00f3n<br \/>de Datos, para ejercer sus anteriores derechos: <a href=\"https:\/\/www.aepd.es\/reglamento\/derechos\/index.html\">aqu\u00ed<\/a><\/p>\r\n<p>Reclamar ante la AEPD: si consideras que hay un problema con la forma en que<br \/>ASOCIACI\u00d3N CIFAL M\u00c1LAGA est\u00e1 tratando sus datos, podr\u00e1 dirigir sus<br \/>reclamacionesa la autoridad de control correspondiente, siendo en Espa\u00f1a, la competente<br \/>para ello: <a href=\"https:\/\/sedeagpd.gob.es\/sede-electronica-web\/\">Agencia Espa\u00f1ola de Protecci\u00f3n de Datos<\/a>.<\/p>\r\n<p>Es posible que tengamos que solicitarte informaci\u00f3n espec\u00edfica para ayudarnos a confirmar<br \/>su identidad y garantizar su derecho a acceder a sus datos personales (o ejercer cualquier<br \/>otro de los derechos mencionados anteriormente). Esto es una medida de seguridad para<br \/>garantizar que los datos personales no se revelen a ninguna persona que no tenga derecho a<br \/>recibirlos.<\/p>\r\n<p>Todas las solicitudes las solventamos en el plazo legal indicado 1 mes. No obstante, puede<br \/>llevarnos m\u00e1s de un mes si su solicitud es particularmente compleja, o si ya ha realizado<br \/>una serie de actuaciones previamente. En este caso, le notificaremos y le mantendremos<br \/>actualizado.<\/p>\r\n<p>Nuestra p\u00e1gina <a href=\"https:\/\/cifalmalaga.org\/\">cifalmalaga.org<\/a> puede contener enlaces hacia y desde otras p\u00e1ginas<br \/>web, bien de nuestros partners, socios, entre otros. Si accedes a estas p\u00e1ginas, ten en cuenta<br \/>que en las mismas pueden serte solicitados datos o informaciones personales. Por ello, te<br \/>informamos que cuando visites estas p\u00e1ginas debes visitar sus pol\u00edticas de privacidad.<\/p>\r\n<h2>7. Cesi\u00f3n de datos personales<\/h2>\r\n<p>Es posible que, en el desempe\u00f1o de nuestro trabajo, necesitemos de la ayuda de terceros, que solo trataran los datos para prestar el servicio contratado, y con los que disponemos de las correspondientes medidas para garantizar sus derechos:<\/p>\r\n<ul>\r\n<li>Proveedores de servicios que brindan servicios de administraci\u00f3n de sistemas y tecnolog\u00eda de la informaci\u00f3n.<\/li>\r\n<li>Asesores profesionales que incluyen abogados, auditores y aseguradores que brindan servicios de consultor\u00eda bancarios, legales, de seguros y de contabilidad<\/li>\r\n<\/ul>\r\n<p>Todos los encargados de tratamiento a quienes transferimos sus datos respetaran la seguridad de sus datos personales y los trataran de acuerdo al RGPD.<\/p>\r\n<p>Solo permitimos que dichos encargados traten sus datos para fines determinados y de conformidad con nuestras instrucciones. No obstante, puede solicitarnos, en cumplimiento de la trasparencia un listado de quienes son estas empresas que nos prestan servicios, puede hacerlo al email: <a href=\"mailto:info@cifalmalaga.org\">info@cifalmalaga.org<\/a><\/p>\r\n<p><u>CIFAL M\u00e1laga le informa, de manera expresa, que en los supuestos en que formalice su inscripci\u00f3n en cursos y eventos, y dichas acciones est\u00e9n organizadas por CIFAL M\u00e1laga y otra\/s entidad\/es, procederemos a ceder sus datos a estas entidades formativas<\/u><\/p>\r\n<h2>8. Seguridad de datos<\/h2>\r\n<p>Hemos implementado las medidas de seguridad adecuadas para evitar que sus datos personales se pierdan accidentalmente, se usen o accedan de forma no autorizada, se modifiquen o divulguen. Adem\u00e1s, limitamos el acceso a sus datos personales a aquellos empleados, agentes contratistas y otros terceros que tengan una necesidad comercial de conocer dichos datos. Solo procesar\u00e1n sus datos personales seg\u00fan nuestras instrucciones y estar\u00e1n sujetos a un deber de confidencialidad.<\/p>\r\n<p>Hemos implementado procedimientos para tratar cualquier sospecha de violaci\u00f3n de sus datos personales y se lo notificaremos a usted y a la Autoridad de Control en caso de que ocurriera, tal como queda regulado en el RGPD en sus art\u00edculos 33 y 34, una brecha de seguridad.<\/p>\r\n<h2>9. Transperencias internacionales<\/h2>\r\n<p>Los pa\u00edses fuera del Espacio Econ\u00f3mico Europeo (EEE) no siempre ofrecen los mismos niveles de protecci\u00f3n a sus datos personales, por lo que la legislaci\u00f3n europea ha prohibido las transferencias de datos personales fuera del EEE a menos que la transferencia cumpla ciertos requisitos. \u00a0Algunos de nuestros proveedores de servicios externos se encuentran fuera del Espacio Econ\u00f3mico Europeo (EEE), por lo que le procesamiento de sus datos personales implicar\u00e1 una transferencia de datos fuera de EEE.<\/p>\r\n<ul>\r\n<li>Redes Sociales: ASOCIACI\u00d3N CIFAL M\u00c1LAGA hace uso de las redes sociales <a href=\"https:\/\/es-es.facebook.com\/privacy\/explanation\">Facebook<\/a>, <a href=\"https:\/\/es-la.facebook.com\/help\/instagram\/155833707900388\">Instagram<\/a>, <a href=\"https:\/\/www.linkedin.com\/legal\/privacy-policy?_l=es_ES\">LinkedIn<\/a>, <a href=\"https:\/\/www.youtube.com\/intl\/es\/about\/policies\/#community-guidelines\">YouTube<\/a> y <a href=\"https:\/\/twitter.com\/es\/privacy\">Twitter<\/a>, todas en EEUU.<\/li>\r\n<li>Correo electr\u00f3nico: El servicio de correo electr\u00f3nico de ASOCIACI\u00d3N CIFAL M\u00c1LAGAse presta usando los servicios de Google (Gmail) y la herramienta de marketing de correos electr\u00f3nicos MailChimp<\/li>\r\n<li>Almacenamiento y cifrado. ASOCIACI\u00d3N CIFAL M\u00c1LAGA utiliza el siguiente proveedor externo para el almacenamiento de sus datos personales: Google.<\/li>\r\n<\/ul>\r\n<p>Si necesita ampliaci\u00f3n con respecto al mecanismo espec\u00edfico utilizado por nosotros al transferir sus datos fuera del EEE, puede ponerse en contacto con nosotros a trav\u00e9s de nuestro correo electr\u00f3nico <a href=\"mailto:info@cifalmalaga.org\">info@cifalmalaga.org<\/a><\/p>\r\n<table width=\"664\">\r\n<tbody>\r\n<tr>\r\n<td width=\"121\">\r\n<p><strong>Responsable<\/strong><\/p>\r\n<\/td>\r\n<td width=\"543\">\r\n<p>&nbsp;<\/p>\r\n<p>C\/Corregidor Francisco de Molina, n\u00ba 1. C.P 29006. M\u00e1laga<\/p>\r\n<p><a href=\"mailto:info@cifalmalaga.org\">info@cifalmalaga.org<\/a>\u00a0 <a href=\"http:\/\/cifalmalaga.org\">cifalmalaga.org<\/a><\/p>\r\n<\/td>\r\n<\/tr>\r\n<tr>\r\n<td width=\"121\">\r\n<p><strong>Finalidad<\/strong><\/p>\r\n<\/td>\r\n<td width=\"543\">\r\n<p>Captaci\u00f3n y tratamiento de datos personas para la gesti\u00f3n de las acciones formativas, de sensibilizaci\u00f3n y eventos que lleve a cabo; as\u00ed como la captaci\u00f3n y el tratamiento de la imagen y voz en relaci\u00f3n a las instalaciones y\/o actividades realizadas en el interior de nuestras instalaciones, otras instalaciones o plataformas virtuales donde se desarrolle la actividad, y su difusi\u00f3n en nuestra p\u00e1gina web y Redes Sociales o en cualquier otra acci\u00f3n divulgativa que pueda iniciarse.<\/p>\r\n<\/td>\r\n<\/tr>\r\n<tr>\r\n<td width=\"121\">\r\n<p><strong>Base jur\u00eddica<\/strong><\/p>\r\n<\/td>\r\n<td width=\"543\">\r\n<p>Consentimiento del interesado. Inter\u00e9s leg\u00edtimo. Ejecuci\u00f3n de un contrato<\/p>\r\n<\/td>\r\n<\/tr>\r\n<tr>\r\n<td width=\"121\">\r\n<p><strong>Plazo de conservaci\u00f3n<\/strong><\/p>\r\n<\/td>\r\n<td width=\"543\">\r\n<p>Los datos ser\u00e1n conservados mientras permanezca la finalidad para la que fueron recogidos\u00a0 y no exista ninguna obligaci\u00f3n pendiente para el interesado.<\/p>\r\n<\/td>\r\n<\/tr>\r\n<tr>\r\n<td width=\"121\">\r\n<p><strong>Destinatarios<\/strong><\/p>\r\n<\/td>\r\n<td width=\"543\">\r\n<p>Los datos no ser\u00e1n cedidos ni se transferir\u00e1n fuera de la Uni\u00f3n Europea, salvo por obligaci\u00f3n legal.<\/p>\r\n<\/td>\r\n<\/tr>\r\n<tr>\r\n<td width=\"121\">\r\n<p><strong>Derechos<\/strong><\/p>\r\n<\/td>\r\n<td width=\"543\">\r\n<p>Acceder, rectificar y suprimir los datos, solicitar la portabilidad de los mismos, oponerse al tratamiento y solicitar la limitaci\u00f3n de \u00e9ste, puede ejercer los anteriores derechos enviando su solicitud a la direcci\u00f3n anteriormente indicada.<\/p>\r\n<\/td>\r\n<\/tr>\r\n<tr>\r\n<td width=\"121\">\r\n<p><strong>Reclamaci\u00f3n <\/strong><\/p>\r\n<\/td>\r\n<td width=\"543\">\r\n<p>Puede presentar una reclamaci\u00f3n dirigida a la AGPD, mediante la sede electr\u00f3nica de la Autoridad (<a href=\"https:\/\/sedeagpd.gob.es\/sede-electronica-web\/\">https:\/\/sedeagpd.gob.es\/sede-electronica-web\/<\/a>) o por medios no electr\u00f3nicos<\/p>\r\n<\/td>\r\n<\/tr>\r\n<tr>\r\n<td width=\"121\">\r\n<p><strong>Informaci\u00f3n <\/strong><\/p>\r\n<p><strong>Adicional<\/strong><\/p>\r\n<\/td>\r\n<td width=\"543\">\r\n<p>M\u00e1s informaci\u00f3n adicional y detallada disponible en la Pol\u00edtica de Privacidad de la web <a href=\"http:\/\/www.asamalaga.es\">cifalmalaga.org<\/a><\/p>\r\n<\/td>\r\n<\/tr>\r\n<\/tbody>\r\n<\/table>\r\n<p>&nbsp;<\/p>\r\n<p>\u00daltima actualizaci\u00f3n: Abril 2020<\/p>\r\n<p>&nbsp;<\/p>","protected":false},"excerpt":{"rendered":"<p>Pol\u00edtica de privacidad de CIFAL M\u00e1laga \u00a1Bienvenido a\u00a0cifalmalaga.org! Esta Pol\u00edtica  [&#8230;]<\/p>","protected":false},"author":1,"featured_media":0,"parent":0,"menu_order":0,"comment_status":"closed","ping_status":"open","template":"","meta":{"footnotes":""},"class_list":["post-3","page","type-page","status-publish","hentry"],"_links":{"self":[{"href":"https:\/\/cifalmalaga.org\/en\/wp-json\/wp\/v2\/pages\/3","targetHints":{"allow":["GET"]}}],"collection":[{"href":"https:\/\/cifalmalaga.org\/en\/wp-json\/wp\/v2\/pages"}],"about":[{"href":"https:\/\/cifalmalaga.org\/en\/wp-json\/wp\/v2\/types\/page"}],"author":[{"embeddable":true,"href":"https:\/\/cifalmalaga.org\/en\/wp-json\/wp\/v2\/users\/1"}],"replies":[{"embeddable":true,"href":"https:\/\/cifalmalaga.org\/en\/wp-json\/wp\/v2\/comments?post=3"}],"version-history":[{"count":12,"href":"https:\/\/cifalmalaga.org\/en\/wp-json\/wp\/v2\/pages\/3\/revisions"}],"predecessor-version":[{"id":1316,"href":"https:\/\/cifalmalaga.org\/en\/wp-json\/wp\/v2\/pages\/3\/revisions\/1316"}],"wp:attachment":[{"href":"https:\/\/cifalmalaga.org\/en\/wp-json\/wp\/v2\/media?parent=3"}],"curies":[{"name":"wp","href":"https:\/\/api.w.org\/{rel}","templated":true}]}}