{"id":2543,"date":"2021-06-17T16:34:45","date_gmt":"2021-06-17T14:34:45","guid":{"rendered":"https:\/\/www.cifalmalaga.org\/?page_id=2543"},"modified":"2025-09-18T12:41:40","modified_gmt":"2025-09-18T10:41:40","slug":"proximas_actividades","status":"publish","type":"page","link":"https:\/\/cifalmalaga.org\/en\/proximas_actividades\/","title":{"rendered":"PR\u00d3XIMAS ACTIVIDADES"},"content":{"rendered":"<div class=\"fusion-fullwidth fullwidth-box fusion-builder-row-1 fusion-flex-container nonhundred-percent-fullwidth non-hundred-percent-height-scrolling\" style=\"--awb-border-radius-top-left:0px;--awb-border-radius-top-right:0px;--awb-border-radius-bottom-right:0px;--awb-border-radius-bottom-left:0px;--awb-flex-wrap:wrap;\" ><div class=\"fusion-builder-row fusion-row fusion-flex-align-items-flex-start fusion-flex-content-wrap\" style=\"max-width:1664px;margin-left: calc(-4% \/ 2 );margin-right: calc(-4% \/ 2 );\"><div class=\"fusion-layout-column fusion_builder_column fusion-builder-column-0 fusion_builder_column_1_1 1_1 fusion-flex-column\" style=\"--awb-bg-size:cover;--awb-width-large:100%;--awb-margin-top-large:0px;--awb-spacing-right-large:1.92%;--awb-margin-bottom-large:0px;--awb-spacing-left-large:1.92%;--awb-width-medium:100%;--awb-order-medium:0;--awb-spacing-right-medium:1.92%;--awb-spacing-left-medium:1.92%;--awb-width-small:100%;--awb-order-small:0;--awb-spacing-right-small:1.92%;--awb-spacing-left-small:1.92%;\" id=\"listado_eventos\"><div class=\"fusion-column-wrapper fusion-column-has-shadow fusion-flex-justify-content-flex-start fusion-content-layout-column\"><div class=\"fusion-title title fusion-title-1 fusion-sep-none fusion-title-text fusion-title-size-one\"><h1 class=\"fusion-title-heading title-heading-left\" style=\"margin:0;\">Pr\u00f3ximas actividades<\/h1><\/div><div class=\"fusion-text fusion-text-1\"><style id=\"smart_post_show_dynamic_css2533\">#pcp_wrapper-2533:not(.sps-glossary-layout) .sp-pcp-row,#pcp_wrapper-2533 .sps-glossary-items-group .sps-glossary-items-content {margin-right: -24px;margin-left: -24px;}#pcp_wrapper-2533 .sp-pcp-row [class*='sp-pcp-col-'],#pcp_wrapper-2533 .sp-pcp-row .sp-pcp-block-hierarchical{padding-right: 24px;padding-left: 24px; padding-bottom:48px;}.pcp-wrapper-2533 .sp-pcp-title a,.pcp-modal-2533 .sp-pcp-title, .pcp-wrapper-2533 .pcp-collapse-header a{text-align: left;text-transform: uppercase;font-size: 20px;line-height: 24px;letter-spacing: 0px;color: #03a9f4;display: inherit;}.pcp-wrapper-2533 .sp-pcp-title, .pcp-modal-2533 .sp-pcp-title {margin: 0px 0px 9px 0px;}.pcp-wrapper-2533 .pcp-collapse-header a{display: inline-block;}.pcp-modal-2533 .sp-pcp-title{text-align: left;color: #111; display: block;}.pcp-wrapper-2533 .sp-pcp-title a:hover,.pcp-wrapper-2533 .pcp-collapse-header:hover a{color: #03a9f4;}.pcp-modal-2533 .sp-pcp-post-content,.pcp-modal-2533 .sp-pcp-post-content p,.pcp-modal-2533 .sp-pcp-post-content * {color: #444;}#pcp_wrapper-2533 .sp-pcp-post ,#pcp_wrapper-2533 .sp-pcp-post td, #pcp_wrapper-2533 .table-responsive th {border: 0px solid #e2e2e2; border-radius:0px;}#pcp_wrapper-2533 .sp-pcp-post{background-color: transparent;}#pcp_wrapper-2533 .sp-pcp-post {padding: 0 0 0 0;}#pcp_wrapper-2533 .sp-pcp-post-details {padding: 0 0 0 0;}#pcp_wrapper-2533 .sp-pcp-post .pcp-post-thumb-wrapper{margin: 0px 0px 11px 0px;}.pcp-modal-2533 .sp-pcp-post .sp-pcp-post-thumb-area {margin: 0px 0px 11px 0px;}#pcp_wrapper-2533 .sp-overlay.sp-pcp-post .pcp-post-thumb-wrapper,#pcp_wrapper-2533 .left-thumb.sp-pcp-post .pcp-post-thumb-wrapper,#pcp_wrapper-2533 .right-thumb.sp-pcp-post .pcp-post-thumb-wrapper,#pcp_wrapper-2533 .sp-pcp-content-box.sp-pcp-post .pcp-post-thumb-wrapper{margin: 0;}#pcp_wrapper-2533 .pcp-post-thumb-wrapper{border: 0px solid #dddddd;border-radius:0px;}#pcp_wrapper-2533 .sp-pcp-post-thumb-area:hover img,#pcp_wrapper-2533 .sp-overlay:hover .pcp-post-thumb-wrapper img,#pcp_wrapper-2533 .sp-pcp-content-box:hover .pcp-post-thumb-wrapper img{transform: scale(1.08);}.pcp-wrapper-2533 .sp_pcp_cf_list,.pcp-popup-2533 .sp_pcp_cf_list{text-align: left;text-transform: uppercase;font-size: 12px;line-height: 14px;letter-spacing: 0px;color: #888;margin: 0px 0px 15px 0px;}.pcp-popup-2533 .sp_pcp_cf_list{color: #888;}.pcp-wrapper-2533 .sp-pcp-post .pcp-category a,.pcp-wrapper-2533 .sp-pcp-post .sp-pcp-post-meta ul li{margin: 0px 5px 5px 0px;}.pcp-wrapper-2533 .sp-pcp-post-meta li,.pcp-wrapper-2533 td.sp-pcp-post-meta,.pcp-wrapper-2533 .sp-pcp-post-meta ul,.pcp-wrapper-2533 .sp-pcp-post-meta li a,.pcp-popup-2533 .sp-pcp-post-meta ul,.pcp-popup-2533 .sp-pcp-post-meta li,.pcp-popup-2533 .sp-pcp-post-meta li a{text-transform: uppercase;font-size: 12px;line-height: 16px;letter-spacing: 0px;color: #607d8b;}.pcp-popup-2533 .sp-pcp-post-meta ul,.pcp-popup-2533 .sp-pcp-post-meta li,.pcp-popup-2533 .sp-pcp-post-meta li a {color: #888;}.pcp-modal-2533 .sp-pcp-post-meta,.pcp-wrapper-2533 .sp-pcp-post-meta{margin: 0px 0px 9px 0px;text-align: left;}.pcp-wrapper-2533 .sp-pcp-post-meta li a:hover,.pcp-popup-2533 .sp-pcp-post-meta li a:hover{color: #03a9f4;}#pcp_wrapper-2533 .sp-pcp-post .sp-pcp-social-share{text-align: left;}.pcp-popup-2533 .sp-pcp-post .sp-pcp-social-share{text-align: left;}#pcp_wrapper-2533 .sp-pcp-post .sp-pcp-social-share,.pcp-popup-2533 .sp-pcp-post .sp-pcp-social-share{margin: 0px 0px 0px 0px;}.pcp-popup-2533 .sp-pcp-post .sp-pcp-social-share a.icon_only .fa,#pcp_wrapper-2533 .sp-pcp-post .sp-pcp-social-share a.icon_only .fa{background: transparent;border: none;}#pcp_wrapper-2533 .pcp-readmore-link{text-transform: uppercase; font-size: 12px; line-height: 18px; letter-spacing: 0px; }#pcp_wrapper-2533 .sp-pcp-readmore{ text-align: left; }#pcp_wrapper-2533 .pcp-readmore-link{ background: transparent; color: #03a9f4; border: 1px solid #888; border-radius: 0px; } #pcp_wrapper-2533 .pcp-readmore-link:hover { background-color: #0281e2; color: #fff; border-color: #03a9f4; }#pcp_wrapper-2533 .wp-block-columns {display: flex;gap: 1em;}#pcp_wrapper-2533 .wp-block-columns >.wp-block-column{flex-basis: 100%;}@media only screen and (max-width: 576px) {#pcp_wrapper-2533 .wp-block-columns {display: block;}}#pcp_wrapper-2533 .pcp-post-pagination .page-numbers.current, #pcp_wrapper-2533 .pcp-post-pagination a.active , #pcp_wrapper-2533 .pcp-post-pagination a:hover{ color: #ffffff; background-color: #e1624b; border-color: #e1624b; }#pcp_wrapper-2533 .pcp-post-pagination,#pcp_wrapper-2533 .pcp-load-more,#pcp_wrapper-2533 .pcp-infinite-scroll-loader{ text-align: center; }#pcp_wrapper-2533 .pcp-post-pagination .page-numbers, .pcp-post-pagination a{ background: #ffffff; color:#5e5e5e; border: 1px solid #bbbbbb;border-radius: 0px;}#pcp_wrapper-2533 .pcp-load-more button{ background: #ffffff; color: #5e5e5e; border: 1px solid #bbbbbb; border-radius: 0px; }#pcp_wrapper-2533 .pcp-load-more button:hover{ background: #e1624b; color: #ffffff; border: 1px solid #e1624b; cursor: pointer; }#pcp_wrapper-2533 .pcp-filter-bar .pcp-filter-by.pcp-bar.fl_button.filter-etiqueta-de-evento label{margin: 0px 8px 8px 0px;}#pcp_wrapper-2533 .pcp-filter-bar .pcp-filter-by.pcp-bar.fl_button.filter-etiqueta-de-evento input~div{background: #ffffff;color: #5e5e5e;border: 1px solid #bbbbbb;border-radius:2px;font-size: 13px;text-transform: uppercase;letter-spacing: 0px;line-height: 24px;}#pcp_wrapper-2533 .pcp-filter-bar .pcp-filter-by.pcp-bar.fl_button.filter-etiqueta-de-evento input:checked~div,.pcp-order-by.pcp-bar.fl-btn input:checked~div{color: #ffffff;background: #e1624b;border-color: #e1624b;}#pcp_wrapper-2533 .pcp-filter-bar .pcp-filter-by.pcp-bar.fl_button.filter-etiqueta-de-evento input:hover~div,.pcp-order-by.pcp-bar.fl-btn input:hover~div{color: #ffffff;background: #e1624b;border-color: #e1624b;}#pcp_wrapper-2533 .pcp-filter-bar .pcp-filter-by select{border: 1px solid #bbbbbb;border-radius:2px;}#pcp_wrapper-2533 .pcp-filter-bar .pcp-filter-by select:hover{border-color: #e1624b;}#pcp_wrapper-2533 .pcp-shuffle-filter .taxonomy-group{ margin: 0px 0px 30px 0px; }#pcp_wrapper-2533 .sps-glossary-filter li button,#pcp_wrapper-2533 .pcp-shuffle-filter .pcp-button{background: transparent;color: #444444;margin: 0px 8px 8px 0px;border: 2px solid #bbbbbb;font-size: 13px;text-transform: uppercase;letter-spacing: 0px;}#pcp_wrapper-2533 .sps-glossary-filter li button:hover,#pcp_wrapper-2533 .pcp-shuffle-filter .pcp-button:hover, #pcp_wrapper-2533 .sps-glossary-filter li button.active, #pcp_wrapper-2533 .pcp-shuffle-filter .pcp-button.is-active { background: #e1624b; color: #ffffff; border: 2px solid #e1624b; } #pcp_wrapper-2533 .sps-az-filter-button.sps-glossary-filter { justify-content: center; } @media (max-width: 768px) {.pcp-wrapper-2533 .sp-pcp-title a{ font-size: 18px; line-height: 22px; }#pcp_wrapper-2533 .pcp-readmore-link{ font-size: 12px; line-height: 18px; }.pcp-wrapper-2533 .sp-pcp-post-meta li, .pcp-wrapper-2533 .sp-pcp-post-meta li a { font-size: 14px; line-height: 16px; } .pcp-wrapper-2533 .sp_pcp_cf_list{ font-size: 14px; line-height: 18px; } }@media (max-width: 420px) {.pcp-wrapper-2533 .sp-pcp-title a{ font-size: 16px; line-height: 20px; }#pcp_wrapper-2533 .pcp-readmore-link{ font-size: 10px; line-height: 16px; }.pcp-wrapper-2533 .sp-pcp-post-meta li, .pcp-wrapper-2533 .sp-pcp-post-meta li a{ font-size: 12px; line-height: 16px; } .pcp-wrapper-2533 .sp_pcp_cf_list{ font-size: 12px; line-height: 16px; } }#pcp_wrapper-2533 .pcp-table-layout table tbody tr.sp-pcp-post:nth-child(even) { background-color: hsl(0deg 0% 60% \/ 10%);}.sp-pcp-row .sp-pcp-block-6 { flex: 1 1 calc(50% );}@media (min-width: 1200px) { .sp-pcp-row .sp-pcp-col-xl-1 { flex: 1 1 100%; max-width: 100%; } .sp-pcp-row .sp-pcp-col-xl-2 { flex: 1 1 calc(50% ); max-width: calc(50% ); } .sp-pcp-row .sp-pcp-col-xl-3 { flex: 1 1 calc(33.22% ); max-width: calc(33.22% ); } .sp-pcp-row .sp-pcp-col-xl-4 { flex: 1 1 25%; max-width: 25%; } .sp-pcp-row .sp-pcp-col-xl-5 { flex: 1 1 calc(20% ); max-width: calc(20% ); } .sp-pcp-row .sp-pcp-col-xl-6 { flex: 1 1 calc(16.66% ); max-width: calc(16.66% ); } .sp-pcp-row .sp-pcp-col-xl-7 { flex: 1 1 calc(14.285% );max-width: calc(14.285% ); } .sp-pcp-row .sp-pcp-col-xl-8 { flex: 1 1 calc(12.5% );max-width: calc(12.5% ); }}@media (max-width: 1200px) { .sp-pcp-row .sp-pcp-col-lg-1 { flex: 1 1 100%; max-width: 100%; } .sp-pcp-row .sp-pcp-col-lg-2 { flex: 1 1 calc(50% );max-width: calc(50% ); } .sp-pcp-row .sp-pcp-col-lg-3 { flex: 1 1 calc(33.22% ); max-width: calc(33.22% ); } .sp-pcp-row .sp-pcp-col-lg-4 { flex: 1 1 calc(25% ); max-width: calc(25% ); } .sp-pcp-row .sp-pcp-col-lg-5 { flex: 1 1 calc(20% ); max-width: calc(20% ); } .sp-pcp-row .sp-pcp-col-lg-6 { flex: 1 1 calc(16.66% ); max-width: calc(16.66% ); } .sp-pcp-row .sp-pcp-col-lg-7 { flex: 1 1 calc(14.285% ); max-width: calc(14.285% ); } .sp-pcp-row .sp-pcp-col-lg-8 { flex: 1 1 calc(12.5% ); max-width: calc(12.5% ); }}@media (max-width: 992px) { .sp-pcp-row .sp-pcp-col-md-1 { flex: 1 1 100%; max-width: 100%; } .sp-pcp-row .sp-pcp-col-md-2 { flex: 1 1 calc(50% ); max-width: calc(50% ); } .sp-pcp-row .sp-pcp-col-md-2-5 { flex: 1 1 calc(75% ); max-width: calc(75% ); } .sp-pcp-row .sp-pcp-col-md-3 { flex: 1 1 calc(33.22% ); max-width: calc(33.22% ); } .sp-pcp-row .sp-pcp-col-md-4 { flex: 1 1 calc(25% ); max-width: 25%; } .sp-pcp-row .sp-pcp-col-md-5 { flex: 1 1 calc(20% ); max-width: calc(25% ); } .sp-pcp-row .sp-pcp-col-md-6 { flex: 1 1 calc(16.66% ); max-width: calc(16.66% ); } .sp-pcp-row .sp-pcp-col-md-7 { flex: 1 1 calc(14.285% ); max-width: calc(14.285% ); } .sp-pcp-row .sp-pcp-col-md-8 { flex: 1 1 calc(12.5% ); max-width: calc(12.5% ); }}@media (max-width: 768px) { .sp-pcp-row .sp-pcp-col-sm-1 { flex: 1 1 100%; max-width: 100%; } .sp-pcp-row .sp-pcp-col-sm-2 { flex: 1 1 calc(50% ); max-width: calc(50% ); } .sp-pcp-row .sp-pcp-col-sm-2-5 { flex: 1 1 calc(75% ); max-width: calc(75% ); } .sp-pcp-row .sp-pcp-col-sm-3 { flex: 1 1 calc(33.22% ); max-width: calc(33.22% ); } .sp-pcp-row .sp-pcp-col-sm-4 { flex: 1 1 calc(25% ); max-width: calc(25% ); } .sp-pcp-row .sp-pcp-col-sm-5 { flex: 1 1 calc(20% ); max-width: calc(20% ); } .sp-pcp-row .sp-pcp-col-sm-6 { flex: 1 1 calc(16.66% ); max-width: calc(16.66% ); } .sp-pcp-row .sp-pcp-col-sm-7 { flex: 1 1 calc(14.285% ); max-width: calc(14.285% ); } .sp-pcp-row .sp-pcp-col-sm-8 { flex: 1 1 calc(12.5% ); max-width: calc(12.5% ); }}.pcp-post-pagination.pcp-on-mobile { display: none;}@media (max-width: 576px) {.sp-pcp-row .sp-pcp-col-xs-1 { flex: 1 1 100%; max-width: 100%; } .sp-pcp-row .sp-pcp-col-xs-2 { flex: 1 1 calc(50% ); max-width: calc(50% ); } .sp-pcp-row .sp-pcp-col-xs-3 { flex: 1 1 calc(33.22% ); max-width: calc(33.22% ); } .sp-pcp-row .sp-pcp-col-xs-4 { flex: 1 1 calc(25% ); max-width: calc(25% ); } .sp-pcp-row .sp-pcp-col-xs-5 { flex: 1 1 calc(20% ); max-width: calc(20% ); } .sp-pcp-row .sp-pcp-col-xs-6 { flex: 1 1 calc(16.66% ); max-width: calc(16.66% ); } .sp-pcp-row .sp-pcp-col-xs-7 { flex: 1 1 calc(14.285% ); max-width: calc(14.285% ); } .sp-pcp-row .sp-pcp-col-xs-8 { flex: 1 1 calc(12.5% ); max-width: calc(12.5% ); } .pcp-post-pagination.pcp-on-mobile:not(.pcp-hide) { display: block; } .pcp-post-pagination:not(.pcp-on-mobile) { display: none; }}.sp-pcp-post.left-thumb .pcp-post-thumb-wrapper { width: 100% !important; max-width: 300px !important; height: auto;}<\/style><div id=\"pcp_wrapper-2533\" class=\"sp-pcp-section sp-pcp-container pcp-wrapper-2533 pcp-even\" data-pagination=\"infinite_scroll\" data-pagination_mobile=\"infinite_scroll\" data-sid=\"2533\" data-lang=\"\" data-current_post_id=\"2543\"><div class=\"pcp-filter-bar\"><form class=\"pcp-filter-by pcp-bar fl_button filter-etiqueta-de-evento\" style=\"text-align:left;\" action=\"\"> <p>Filtros<\/p><div class=\"fl_radio\"><label><input checked type=\"radio\" name=\"etiqueta-de-evento\" data-taxonomy=\"etiqueta-de-evento\" value=\"all\"\/><div>todos<\/div><\/label><\/div><div class=\"fl_radio\"><label><input name=\"etiqueta-de-evento\" type=\"radio\" data-taxonomy=\"etiqueta-de-evento\" value=\"17\"\/><div class=\"pcp-banner\">Banner<span class=\"pcp-count\">(2)<\/span><\/div><\/label><\/div><div class=\"fl_radio\"><label><input name=\"etiqueta-de-evento\" type=\"radio\" data-taxonomy=\"etiqueta-de-evento\" value=\"30\"\/><div class=\"pcp-formaci\u00f3n\">formaci\u00f3n<span class=\"pcp-count\">(4)<\/span><\/div><\/label><\/div><div class=\"fl_radio\"><label><input name=\"etiqueta-de-evento\" type=\"radio\" data-taxonomy=\"etiqueta-de-evento\" value=\"37\"\/><div class=\"pcp-pr\u00f3ximas-actividades\">Pr\u00f3ximas Actividades<span class=\"pcp-count\">(3)<\/span><\/div><\/label><\/div><div class=\"fl_radio\"><label><input name=\"etiqueta-de-evento\" type=\"radio\" data-taxonomy=\"etiqueta-de-evento\" value=\"29\"\/><div class=\"pcp-talleres\">talleres<span class=\"pcp-count\">(1)<\/span><\/div><\/label><\/div><input type=\"hidden\" name=\"trp-form-language\" value=\"en\"\/><\/form><\/div><div class=\"pcp_ex_filter_bar\"><div class=\"pcp-ajax-search pcp-bar\" style=\"text-align:right;\"><label class=\"pcp-label\">Buscar <input type=\"text\" value=\"\" class=\"pcp-search-field\" placeholder=\"Search...\"><\/label><\/div><\/div><div class=\"sp-pcp-row sp-pcp-grid-layout\"><div class=\"sp-pcp-col-xs-1 sp-pcp-col-sm-1 sp-pcp-col-md-2 sp-pcp-col-lg-3 sp-pcp-col-xl-3\"><div class=\"sp-pcp-content-padding sp-pcp-post pcp-item-4475\" data-id=\"4475\"><div class=\"pcp-post-thumb-wrapper\"><div class=\"sp-pcp-post-thumb-area\"><a class=\"sp-pcp-thumb\" aria-label=\"feature_image\" href=\"https:\/\/cifalmalaga.org\/en\/evento\/dia-de-la-infancia\/\" target=\"_self\" ><img data-sps_src=\"https:\/\/cifalmalaga.org\/wp-content\/uploads\/2026\/04\/Dia-de-la-Infancia-.png\" class=\"pcp-lazyload\" width=\"2050\" height=\"2048\" alt=\"\"><\/a><\/div><\/div><div class=\"sp-pcp-post-details\"><div class=\"sp-pcp-post-details-content\"><h2 class=\"sp-pcp-title\"><a href=\"https:\/\/cifalmalaga.org\/en\/evento\/dia-de-la-infancia\/\" target=\"_self\">D\u00eda de la Infancia<\/a><\/h2><div class=\"sp-pcp-post-content\"><div class=\"sp-pcp-readmore\"><a class=\"pcp-readmore-link\" target=\"_self\" href=\"https:\/\/cifalmalaga.org\/en\/evento\/dia-de-la-infancia\/\">Ampliar informaci\u00f3n <\/a><\/div><\/div><\/div><\/div><\/div><\/div><div class=\"sp-pcp-col-xs-1 sp-pcp-col-sm-1 sp-pcp-col-md-2 sp-pcp-col-lg-3 sp-pcp-col-xl-3\"><div class=\"sp-pcp-content-padding sp-pcp-post pcp-item-4457\" data-id=\"4457\"><div class=\"pcp-post-thumb-wrapper\"><div class=\"sp-pcp-post-thumb-area\"><a class=\"sp-pcp-thumb\" aria-label=\"feature_image\" href=\"https:\/\/cifalmalaga.org\/en\/evento\/dia-de-la-eliminacion-de-la-discriminacion-racial\/\" target=\"_self\" ><img data-sps_src=\"https:\/\/cifalmalaga.org\/wp-content\/uploads\/2026\/03\/Cartel-Racismo-1-1.jpeg\" class=\"pcp-lazyload\" width=\"1015\" height=\"1600\" alt=\"\"><\/a><\/div><\/div><div class=\"sp-pcp-post-details\"><div class=\"sp-pcp-post-details-content\"><h2 class=\"sp-pcp-title\"><a href=\"https:\/\/cifalmalaga.org\/en\/evento\/dia-de-la-eliminacion-de-la-discriminacion-racial\/\" target=\"_self\">D\u00eda de la Eliminaci\u00f3n de la Discriminaci\u00f3n Racial<\/a><\/h2><div class=\"sp-pcp-post-content\"><div class=\"sp-pcp-readmore\"><a class=\"pcp-readmore-link\" target=\"_self\" href=\"https:\/\/cifalmalaga.org\/en\/evento\/dia-de-la-eliminacion-de-la-discriminacion-racial\/\">Ampliar informaci\u00f3n <\/a><\/div><\/div><\/div><\/div><\/div><\/div><div class=\"sp-pcp-col-xs-1 sp-pcp-col-sm-1 sp-pcp-col-md-2 sp-pcp-col-lg-3 sp-pcp-col-xl-3\"><div class=\"sp-pcp-content-padding sp-pcp-post pcp-item-4454\" data-id=\"4454\"><div class=\"pcp-post-thumb-wrapper\"><div class=\"sp-pcp-post-thumb-area\"><a class=\"sp-pcp-thumb\" aria-label=\"feature_image\" href=\"https:\/\/cifalmalaga.org\/en\/evento\/presentacion-del-manual-de-periodismo-etico\/\" target=\"_self\" ><img data-sps_src=\"https:\/\/cifalmalaga.org\/wp-content\/uploads\/2026\/03\/CartelRuedaPrensaRETO.png\" class=\"pcp-lazyload\" width=\"2456\" height=\"1936\" alt=\"\"><\/a><\/div><\/div><div class=\"sp-pcp-post-details\"><div class=\"sp-pcp-post-details-content\"><h2 class=\"sp-pcp-title\"><a href=\"https:\/\/cifalmalaga.org\/en\/evento\/presentacion-del-manual-de-periodismo-etico\/\" target=\"_self\">Presentaci\u00f3n del Manual de Periodismo \u00c9tico<\/a><\/h2><div class=\"sp-pcp-post-content\"><div class=\"sp-pcp-readmore\"><a class=\"pcp-readmore-link\" target=\"_self\" href=\"https:\/\/cifalmalaga.org\/en\/evento\/presentacion-del-manual-de-periodismo-etico\/\">Ampliar informaci\u00f3n <\/a><\/div><\/div><\/div><\/div><\/div><\/div><div class=\"sp-pcp-col-xs-1 sp-pcp-col-sm-1 sp-pcp-col-md-2 sp-pcp-col-lg-3 sp-pcp-col-xl-3\"><div class=\"sp-pcp-content-padding sp-pcp-post pcp-item-4435\" data-id=\"4435\"><div class=\"pcp-post-thumb-wrapper\"><div class=\"sp-pcp-post-thumb-area\"><a class=\"sp-pcp-thumb\" aria-label=\"feature_image\" href=\"https:\/\/cifalmalaga.org\/en\/evento\/dialogos-ods\/\" target=\"_self\" ><img data-sps_src=\"https:\/\/cifalmalaga.org\/wp-content\/uploads\/2026\/03\/Dialogos-ODS.jpeg\" class=\"pcp-lazyload\" width=\"975\" height=\"1600\" alt=\"\"><\/a><\/div><\/div><div class=\"sp-pcp-post-details\"><div class=\"sp-pcp-post-details-content\"><h2 class=\"sp-pcp-title\"><a href=\"https:\/\/cifalmalaga.org\/en\/evento\/dialogos-ods\/\" target=\"_self\">Di\u00e1logos ODS<\/a><\/h2><div class=\"sp-pcp-post-content\"><div class=\"sp-pcp-readmore\"><a class=\"pcp-readmore-link\" target=\"_self\" href=\"https:\/\/cifalmalaga.org\/en\/evento\/dialogos-ods\/\">Ampliar informaci\u00f3n <\/a><\/div><\/div><\/div><\/div><\/div><\/div><div class=\"sp-pcp-col-xs-1 sp-pcp-col-sm-1 sp-pcp-col-md-2 sp-pcp-col-lg-3 sp-pcp-col-xl-3\"><div class=\"sp-pcp-content-padding sp-pcp-post pcp-item-4419\" data-id=\"4419\"><div class=\"pcp-post-thumb-wrapper\"><div class=\"sp-pcp-post-thumb-area\"><a class=\"sp-pcp-thumb\" aria-label=\"feature_image\" href=\"https:\/\/cifalmalaga.org\/en\/evento\/acuerdo-con-el-colegio-de-periodistas\/\" target=\"_self\" ><img data-sps_src=\"https:\/\/cifalmalaga.org\/wp-content\/uploads\/2026\/02\/colegio.jpg\" class=\"pcp-lazyload\" width=\"1706\" height=\"960\" alt=\"\"><\/a><\/div><\/div><div class=\"sp-pcp-post-details\"><div class=\"sp-pcp-post-details-content\"><h2 class=\"sp-pcp-title\"><a href=\"https:\/\/cifalmalaga.org\/en\/evento\/acuerdo-con-el-colegio-de-periodistas\/\" target=\"_self\">Acuerdo con el Colegio de Periodistas<\/a><\/h2><div class=\"sp-pcp-post-content\"><div class=\"sp-pcp-readmore\"><a class=\"pcp-readmore-link\" target=\"_self\" href=\"https:\/\/cifalmalaga.org\/en\/evento\/acuerdo-con-el-colegio-de-periodistas\/\">Ampliar informaci\u00f3n <\/a><\/div><\/div><\/div><\/div><\/div><\/div><div class=\"sp-pcp-col-xs-1 sp-pcp-col-sm-1 sp-pcp-col-md-2 sp-pcp-col-lg-3 sp-pcp-col-xl-3\"><div class=\"sp-pcp-content-padding sp-pcp-post pcp-item-4296\" data-id=\"4296\"><div class=\"pcp-post-thumb-wrapper\"><div class=\"sp-pcp-post-thumb-area\"><a class=\"sp-pcp-thumb\" aria-label=\"feature_image\" href=\"https:\/\/cifalmalaga.org\/en\/evento\/presentacion-de-la-catedra-amazige-de-melilla\/\" target=\"_self\" ><img data-sps_src=\"https:\/\/cifalmalaga.org\/wp-content\/uploads\/2025\/11\/Post-de-Instagram_2.0.png\" class=\"pcp-lazyload\" width=\"1080\" height=\"1350\" alt=\"\"><\/a><\/div><\/div><div class=\"sp-pcp-post-details\"><div class=\"sp-pcp-post-details-content\"><h2 class=\"sp-pcp-title\"><a href=\"https:\/\/cifalmalaga.org\/en\/evento\/presentacion-de-la-catedra-amazige-de-melilla\/\" target=\"_self\">Presentaci\u00f3n de la C\u00e1tedra Amazige de Melilla<\/a><\/h2><div class=\"sp-pcp-post-content\"><div class=\"sp-pcp-readmore\"><a class=\"pcp-readmore-link\" target=\"_self\" href=\"https:\/\/cifalmalaga.org\/en\/evento\/presentacion-de-la-catedra-amazige-de-melilla\/\">Ampliar informaci\u00f3n <\/a><\/div><\/div><\/div><\/div><\/div><\/div><\/div><span class=\"sp-pcp-pagination-data\" style=\"display:none;\" data-loadmoretext=\"Ver m\u00e1s eventos\" data-endingtext=\"\"><\/span><nav class=\"pcp-post-pagination pcp-on-desktop infinite_scroll\"><a href=\"#\" class=\"page-numbers active\" data-page=\"1\">1<\/a><a href=\"#\" class=\"page-numbers\" data-page=\"2\">2<\/a><\/nav><nav class=\"pcp-post-pagination pcp-on-mobile infinite_scroll\"><a href=\"#\" class=\"page-numbers active\" data-page=\"1\">1<\/a><a href=\"#\" class=\"page-numbers\" data-page=\"2\">2<\/a><\/nav><\/div>\n<\/div><\/div><\/div><\/div><\/div>","protected":false},"excerpt":{"rendered":"","protected":false},"author":1,"featured_media":0,"parent":0,"menu_order":0,"comment_status":"closed","ping_status":"closed","template":"","meta":{"footnotes":""},"class_list":["post-2543","page","type-page","status-publish","hentry"],"_links":{"self":[{"href":"https:\/\/cifalmalaga.org\/en\/wp-json\/wp\/v2\/pages\/2543","targetHints":{"allow":["GET"]}}],"collection":[{"href":"https:\/\/cifalmalaga.org\/en\/wp-json\/wp\/v2\/pages"}],"about":[{"href":"https:\/\/cifalmalaga.org\/en\/wp-json\/wp\/v2\/types\/page"}],"author":[{"embeddable":true,"href":"https:\/\/cifalmalaga.org\/en\/wp-json\/wp\/v2\/users\/1"}],"replies":[{"embeddable":true,"href":"https:\/\/cifalmalaga.org\/en\/wp-json\/wp\/v2\/comments?post=2543"}],"version-history":[{"count":5,"href":"https:\/\/cifalmalaga.org\/en\/wp-json\/wp\/v2\/pages\/2543\/revisions"}],"predecessor-version":[{"id":4171,"href":"https:\/\/cifalmalaga.org\/en\/wp-json\/wp\/v2\/pages\/2543\/revisions\/4171"}],"wp:attachment":[{"href":"https:\/\/cifalmalaga.org\/en\/wp-json\/wp\/v2\/media?parent=2543"}],"curies":[{"name":"wp","href":"https:\/\/api.w.org\/{rel}","templated":true}]}}