{"id":191,"date":"2019-05-03T11:54:26","date_gmt":"2019-05-03T09:54:26","guid":{"rendered":"http:\/\/www.cifalmalaga.org\/?page_id=191"},"modified":"2025-12-18T09:23:02","modified_gmt":"2025-12-18T08:23:02","slug":"sedes","status":"publish","type":"page","link":"https:\/\/cifalmalaga.org\/en\/sobre-cifal-malaga\/sedes\/","title":{"rendered":"Headquarters"},"content":{"rendered":"<div class=\"fusion-fullwidth fullwidth-box fusion-builder-row-1 fusion-flex-container nonhundred-percent-fullwidth non-hundred-percent-height-scrolling\" style=\"--awb-border-radius-top-left:0px;--awb-border-radius-top-right:0px;--awb-border-radius-bottom-right:0px;--awb-border-radius-bottom-left:0px;--awb-flex-wrap:wrap;\" ><div class=\"fusion-builder-row fusion-row fusion-flex-align-items-flex-start fusion-flex-content-wrap\" style=\"max-width:1664px;margin-left: calc(-4% \/ 2 );margin-right: calc(-4% \/ 2 );\"><div class=\"fusion-layout-column fusion_builder_column fusion-builder-column-0 fusion_builder_column_1_1 1_1 fusion-flex-column\" style=\"--awb-bg-size:cover;--awb-width-large:100%;--awb-margin-top-large:0px;--awb-spacing-right-large:1.92%;--awb-margin-bottom-large:0px;--awb-spacing-left-large:1.92%;--awb-width-medium:100%;--awb-spacing-right-medium:1.92%;--awb-spacing-left-medium:1.92%;--awb-width-small:100%;--awb-spacing-right-small:1.92%;--awb-spacing-left-small:1.92%;\"><div class=\"fusion-column-wrapper fusion-flex-justify-content-flex-start fusion-content-layout-column\"><div class=\"fusion-text fusion-text-1\"><h1>Headquarters<\/h1>\n<p><img decoding=\"async\" class=\"alignnone wp-image-81 size-large\" src=\"http:\/\/cifalmalaga.org\/wp-content\/uploads\/2019\/04\/noticia7-1024x683.jpg\" alt=\"\" width=\"1024\" height=\"683\" srcset=\"https:\/\/cifalmalaga.org\/wp-content\/uploads\/2019\/04\/noticia7-18x12.jpg 18w, https:\/\/cifalmalaga.org\/wp-content\/uploads\/2019\/04\/noticia7-200x133.jpg 200w, https:\/\/cifalmalaga.org\/wp-content\/uploads\/2019\/04\/noticia7-300x200.jpg 300w, https:\/\/cifalmalaga.org\/wp-content\/uploads\/2019\/04\/noticia7-400x267.jpg 400w, https:\/\/cifalmalaga.org\/wp-content\/uploads\/2019\/04\/noticia7-600x400.jpg 600w, https:\/\/cifalmalaga.org\/wp-content\/uploads\/2019\/04\/noticia7-768x512.jpg 768w, https:\/\/cifalmalaga.org\/wp-content\/uploads\/2019\/04\/noticia7-800x533.jpg 800w, https:\/\/cifalmalaga.org\/wp-content\/uploads\/2019\/04\/noticia7-1024x683.jpg 1024w, https:\/\/cifalmalaga.org\/wp-content\/uploads\/2019\/04\/noticia7-1200x800.jpg 1200w, https:\/\/cifalmalaga.org\/wp-content\/uploads\/2019\/04\/noticia7.jpg 1347w\" sizes=\"(max-width: 1024px) 100vw, 1024px\" \/><\/p>\n<h2>Casita del Jardinero<\/h2>\n<p>The headquarters of CIFAL M\u00e1laga centre is located in a historic building (the old Casita del Jardinero), built in 1912, emblematic of the capital and located on the Paseo del Parque, one of the main arteries of the city and a must for visitors and citizens. It is located next to other significant buildings such as the Rectorate of the University of M\u00e1laga, the Bank of Spain and the historical building of Malaga City Council itself.<\/p>\n<p>Este palacete, anteriormente oficina de turismo, cuenta con tres plantas y un jard\u00edn dedicadas a la divulgaci\u00f3n de tem\u00e1ticas relacionadas con la ONU, UNITAR y los ODS, que puede ser visitado por la ciudadan\u00eda y por representantes p\u00fablicos.<\/p>\n<p>En el jard\u00edn que rodea al edifico, y donde ondea la bandera de la ONU, destaca un ficus australiano centenario con impresionantes ra\u00edces a\u00e9reas. Este espacio permite la organizaci\u00f3n de eventos culturales y talleres al aire libre con ni\u00f1os y j\u00f3venes, donde a trav\u00e9s de diversas din\u00e1micas se relacionan con los ODS y aprenden sobre como practicarlos en la vida diaria.<\/p>\n<p>Hasta diciembre de 2023 m\u00e1s de 2200 ni\u00f1os, j\u00f3venes y miembros de diversas asociaciones han pasado por los talleres de la Casita.<\/p>\n<hr \/>\n<p><img decoding=\"async\" class=\"alignnone size-full wp-image-2082\" src=\"https:\/\/cifalmalaga.org\/wp-content\/uploads\/2021\/01\/hospital-noble.jpg_1503847842.jpg\" alt=\"\" width=\"950\" height=\"633\" srcset=\"https:\/\/cifalmalaga.org\/wp-content\/uploads\/2021\/01\/hospital-noble.jpg_1503847842-18x12.jpg 18w, https:\/\/cifalmalaga.org\/wp-content\/uploads\/2021\/01\/hospital-noble.jpg_1503847842-200x133.jpg 200w, https:\/\/cifalmalaga.org\/wp-content\/uploads\/2021\/01\/hospital-noble.jpg_1503847842-300x200.jpg 300w, https:\/\/cifalmalaga.org\/wp-content\/uploads\/2021\/01\/hospital-noble.jpg_1503847842-400x267.jpg 400w, https:\/\/cifalmalaga.org\/wp-content\/uploads\/2021\/01\/hospital-noble.jpg_1503847842-600x400.jpg 600w, https:\/\/cifalmalaga.org\/wp-content\/uploads\/2021\/01\/hospital-noble.jpg_1503847842-768x512.jpg 768w, https:\/\/cifalmalaga.org\/wp-content\/uploads\/2021\/01\/hospital-noble.jpg_1503847842-800x533.jpg 800w, https:\/\/cifalmalaga.org\/wp-content\/uploads\/2021\/01\/hospital-noble.jpg_1503847842.jpg 950w\" sizes=\"(max-width: 950px) 100vw, 950px\" \/><\/p>\n<h2>Hospital Noble<\/h2>\n<p>Las oficinas administrativas, as\u00ed como diversas salas de reuniones, la sala de prensa y otras dependencias de CIFAL se encuentran en la Oficina de Naciones Unidas en M\u00e1laga, que est\u00e1 situada en el Hospital Noble, en la plaza del General Torrijos.<\/p>\n<p>El Hospital Noble debe su existencia al legado testimonial del Dr. Joseph William Noble, m\u00e9dico ingl\u00e9s, alcalde de Leicester (1841-59) y miembro del Parlamento brit\u00e1nico, que falleci\u00f3 en M\u00e1laga, donde se encontraba de vacaciones, en 1861 durante una epidemia de c\u00f3lera. Sus restos reposan en el Cementerio Ingl\u00e9s de la ciudad.<\/p>\n<p>Sus hijas destinaron parte de su herencia a la construcci\u00f3n de un hospital auxiliar donde, adem\u00e1s de los vecinos de la Malagueta, pudieran ser atendidos los marinos de nacionalidades diversas que arribaban al puerto de M\u00e1laga.<\/p>\n<p>El 24 de septiembre de 1870 la Comisi\u00f3n Municipal de Beneficencia tom\u00f3 posesi\u00f3n del edificio. Esta construcci\u00f3n del siglo XIX se enmarca dentro del estilo neog\u00f3tico ingl\u00e9s.<\/p>\n<\/div><\/div><\/div><\/div><\/div>","protected":false},"excerpt":{"rendered":"","protected":false},"author":1,"featured_media":0,"parent":647,"menu_order":0,"comment_status":"closed","ping_status":"closed","template":"","meta":{"footnotes":""},"class_list":["post-191","page","type-page","status-publish","hentry"],"_links":{"self":[{"href":"https:\/\/cifalmalaga.org\/en\/wp-json\/wp\/v2\/pages\/191","targetHints":{"allow":["GET"]}}],"collection":[{"href":"https:\/\/cifalmalaga.org\/en\/wp-json\/wp\/v2\/pages"}],"about":[{"href":"https:\/\/cifalmalaga.org\/en\/wp-json\/wp\/v2\/types\/page"}],"author":[{"embeddable":true,"href":"https:\/\/cifalmalaga.org\/en\/wp-json\/wp\/v2\/users\/1"}],"replies":[{"embeddable":true,"href":"https:\/\/cifalmalaga.org\/en\/wp-json\/wp\/v2\/comments?post=191"}],"version-history":[{"count":12,"href":"https:\/\/cifalmalaga.org\/en\/wp-json\/wp\/v2\/pages\/191\/revisions"}],"predecessor-version":[{"id":4374,"href":"https:\/\/cifalmalaga.org\/en\/wp-json\/wp\/v2\/pages\/191\/revisions\/4374"}],"up":[{"embeddable":true,"href":"https:\/\/cifalmalaga.org\/en\/wp-json\/wp\/v2\/pages\/647"}],"wp:attachment":[{"href":"https:\/\/cifalmalaga.org\/en\/wp-json\/wp\/v2\/media?parent=191"}],"curies":[{"name":"wp","href":"https:\/\/api.w.org\/{rel}","templated":true}]}}