{"id":182,"date":"2019-05-03T11:44:13","date_gmt":"2019-05-03T09:44:13","guid":{"rendered":"http:\/\/www.cifalmalaga.org\/?page_id=182"},"modified":"2026-03-10T21:28:16","modified_gmt":"2026-03-10T20:28:16","slug":"centros-cifal","status":"publish","type":"page","link":"https:\/\/cifalmalaga.org\/en\/centros-cifal\/","title":{"rendered":"CIFAL CENTERS"},"content":{"rendered":"<div class=\"fusion-fullwidth fullwidth-box fusion-builder-row-1 nonhundred-percent-fullwidth non-hundred-percent-height-scrolling\" style=\"--awb-border-radius-top-left:0px;--awb-border-radius-top-right:0px;--awb-border-radius-bottom-right:0px;--awb-border-radius-bottom-left:0px;--awb-flex-wrap:wrap;\" ><div class=\"fusion-builder-row fusion-row\"><div class=\"fusion-layout-column fusion_builder_column fusion-builder-column-0 fusion_builder_column_1_1 1_1 fusion-one-full fusion-column-first fusion-column-last\" style=\"--awb-bg-size:cover;\"><div class=\"fusion-column-wrapper fusion-column-has-shadow fusion-flex-column-wrapper-legacy\"><div class=\"fusion-text fusion-text-1\"><h1>CIFAL Centres<\/h1>\n<\/div><div class=\"fusion-sep-clear\"><\/div><div class=\"fusion-separator fusion-full-width-sep\" style=\"margin-left: auto;margin-right: auto;margin-top:16px;width:100%;\"><\/div><div class=\"fusion-sep-clear\"><\/div><div class=\"fusion-text fusion-text-2\"><p><img decoding=\"async\" class=\"alignnone size-full wp-image-4438\" src=\"https:\/\/cifalmalaga.org\/wp-content\/uploads\/2026\/03\/UNITAR-website_CIFAL-map_851x532px-scaled.jpg\" alt=\"\" width=\"2560\" height=\"1601\" srcset=\"https:\/\/cifalmalaga.org\/wp-content\/uploads\/2026\/03\/UNITAR-website_CIFAL-map_851x532px-18x12.jpg 18w, https:\/\/cifalmalaga.org\/wp-content\/uploads\/2026\/03\/UNITAR-website_CIFAL-map_851x532px-200x125.jpg 200w, https:\/\/cifalmalaga.org\/wp-content\/uploads\/2026\/03\/UNITAR-website_CIFAL-map_851x532px-300x188.jpg 300w, https:\/\/cifalmalaga.org\/wp-content\/uploads\/2026\/03\/UNITAR-website_CIFAL-map_851x532px-400x250.jpg 400w, https:\/\/cifalmalaga.org\/wp-content\/uploads\/2026\/03\/UNITAR-website_CIFAL-map_851x532px-600x375.jpg 600w, https:\/\/cifalmalaga.org\/wp-content\/uploads\/2026\/03\/UNITAR-website_CIFAL-map_851x532px-768x480.jpg 768w, https:\/\/cifalmalaga.org\/wp-content\/uploads\/2026\/03\/UNITAR-website_CIFAL-map_851x532px-800x500.jpg 800w, https:\/\/cifalmalaga.org\/wp-content\/uploads\/2026\/03\/UNITAR-website_CIFAL-map_851x532px-1024x640.jpg 1024w, https:\/\/cifalmalaga.org\/wp-content\/uploads\/2026\/03\/UNITAR-website_CIFAL-map_851x532px-1200x750.jpg 1200w, https:\/\/cifalmalaga.org\/wp-content\/uploads\/2026\/03\/UNITAR-website_CIFAL-map_851x532px-1536x960.jpg 1536w, https:\/\/cifalmalaga.org\/wp-content\/uploads\/2026\/03\/UNITAR-website_CIFAL-map_851x532px-scaled.jpg 2560w\" sizes=\"(max-width: 2560px) 100vw, 2560px\" \/><br \/>\nLa Red Global CIFAL forma parte del Instituto de las Naciones Unidas para la Formaci\u00f3n Profesional e Investigaciones (UNITAR). Fue creada en 2003 como un mecanismo para fortalecer las capacidades de autoridades locales, l\u00edderes institucionales, sociedad civil y otros agentes clave en la implementaci\u00f3n de la Agenda 2030 para el Desarrollo Sostenible.<\/p>\n<p><strong>Objetivos y misi\u00f3n<\/strong><\/p>\n<p>Promover la transferencia de conocimientos, buenas pr\u00e1cticas y metodolog\u00edas entre gobiernos nacionales, autoridades locales, organizaciones civiles, el sector privado y otros actores relevantes, con el fin de abordar los grandes desaf\u00edos globales.<br \/>\nDesarrollo Sostenible<\/p>\n<p>Capacitar para la acci\u00f3n local, alineando pol\u00edticas, planes y programas con los Objetivos de Desarrollo Sostenible (ODS), facilitando que los gobiernos subnacionales y actores locales act\u00faen con eficacia en sostenibilidad, inclusi\u00f3n, gobernanza, resiliencia y otros \u00e1mbitos.<\/p>\n<p>Fomentar el aprendizaje entre pares, la colaboraci\u00f3n multi-actor, la innovaci\u00f3n en metodolog\u00edas de formaci\u00f3n, y la adaptaci\u00f3n local de soluciones globales.<\/p>\n<p><strong>Estructura, alcance y datos claves<\/strong><\/p>\n<p>La Red CIFAL est\u00e1 compuesta actualmente por 33 centros internacionales de capacitaci\u00f3n repartidos por todos los continentes. Cada centro est\u00e1 gestionado localmente por una instituci\u00f3n aliada (universidad, gobierno local, organizaciones p\u00fablicas o mixtas), mientras que UNITAR garantiza los est\u00e1ndares acad\u00e9micos, apoyo t\u00e9cnico y coordinaci\u00f3n general mediante su Programa de Cooperaci\u00f3n Descentralizada (Decentralized Cooperation Programme \u2013 DCP).<\/p>\n<p>En 2024, la red alcanz\u00f3 aproximadamente 153.116 beneficiarios mediante 407 eventos, entre capacitaciones, talleres, seminarios y actividades de sensibilizaci\u00f3n.<br \/>\nUNITAR. Las \u00e1reas tem\u00e1ticas de los centros CIFAL son variadas y responden en muchos casos a prioridades regionales. Pueden incluir gobernanza urbana, planificaci\u00f3n territorial, resiliencia al cambio clim\u00e1tico, inclusi\u00f3n social, desarrollo econ\u00f3mico, medio ambiente, innovaci\u00f3n, seguridad vial, pol\u00edticas p\u00fablicas, entre otras.<\/p>\n<p>Los centros CIFAL act\u00faan como nodos estrat\u00e9gicos para que gobiernos locales y otros actores puedan traducir los compromisos globales en acciones concretas a nivel territorial. Esto es especialmente relevante cuando se considera que muchas de las intervenciones efectivas dependen de pol\u00edticas locales, implementaci\u00f3n t\u00e9cnica, participaci\u00f3n ciudadana y adaptaci\u00f3n al contexto.<\/p>\n<p>Adem\u00e1s, al reunir actores diversos (autoridades, sector privado, sociedad civil, acad\u00e9micos), la Red fomenta el di\u00e1logo y la co-creaci\u00f3n de soluciones, lo que favorece que las intervenciones sean m\u00e1s pertinentes, sostenibles y adaptadas a realidades locales.<\/p>\n<p>Su alcance creciente, tanto en ubicaciones geogr\u00e1ficas como en participaci\u00f3n, permite una mayor difusi\u00f3n de las mejores pr\u00e1cticas y escalamiento de modelos que funcionan bien en ciertas regiones.<\/p>\n<\/div><div class=\"fusion-text fusion-text-3\"><h2>Organigrama UNITAR<\/h2>\n<p>Nuestra estructura est\u00e1 organizada en torno a cuatro de los cinco pilares tem\u00e1ticos de la Agenda 2030: Divisi\u00f3n para la Paz, Divisi\u00f3n para las Personas, Divisi\u00f3n para el Planeta y Divisi\u00f3n para la Prosperidad. Adem\u00e1s, la naturaleza transversal de nuestro trabajo sobre el fortalecimiento de la diplomacia multilateral, el an\u00e1lisis satelital y la investigaci\u00f3n aplicada (UNOSAT) y la aceleraci\u00f3n de la implementaci\u00f3n de los ODS tambi\u00e9n se organizan en la Divisi\u00f3n de Diplomacia Multilateral y la Divisi\u00f3n de An\u00e1lisis Satelital e Investigaci\u00f3n Aplicada.<\/p>\n<p>La Oficina del Director Ejecutivo brinda la orientaci\u00f3n y direcci\u00f3n estrat\u00e9gica a todo el Instituto. La Divisi\u00f3n de Planificaci\u00f3n Estrat\u00e9gica y Desempe\u00f1o es responsable de la planificaci\u00f3n, el seguimiento y la evaluaci\u00f3n del desempe\u00f1o, as\u00ed como de la asociaci\u00f3n y la movilizaci\u00f3n de recursos, mientras que la Divisi\u00f3n de Operaciones apoya la ejecuci\u00f3n del programa desde el punto de vista operativo.<\/p>\n<p>Ver: <a href=\"https:\/\/unitar.org\/about\/unitar\/organizational-chart\">https:\/\/unitar.org\/about\/unitar<\/a><\/p>\n<\/div><div class=\"fusion-clearfix\"><\/div><\/div><\/div><div class=\"fusion-layout-column fusion_builder_column fusion-builder-column-1 fusion_builder_column_1_1 1_1 fusion-one-full fusion-column-first fusion-column-last\" style=\"--awb-bg-size:cover;\"><div class=\"fusion-column-wrapper fusion-column-has-shadow fusion-flex-column-wrapper-legacy\"><div class=\"fusion-clearfix\"><\/div><\/div><\/div><\/div><\/div>","protected":false},"excerpt":{"rendered":"","protected":false},"author":1,"featured_media":0,"parent":0,"menu_order":0,"comment_status":"closed","ping_status":"closed","template":"","meta":{"footnotes":""},"class_list":["post-182","page","type-page","status-publish","hentry"],"_links":{"self":[{"href":"https:\/\/cifalmalaga.org\/en\/wp-json\/wp\/v2\/pages\/182","targetHints":{"allow":["GET"]}}],"collection":[{"href":"https:\/\/cifalmalaga.org\/en\/wp-json\/wp\/v2\/pages"}],"about":[{"href":"https:\/\/cifalmalaga.org\/en\/wp-json\/wp\/v2\/types\/page"}],"author":[{"embeddable":true,"href":"https:\/\/cifalmalaga.org\/en\/wp-json\/wp\/v2\/users\/1"}],"replies":[{"embeddable":true,"href":"https:\/\/cifalmalaga.org\/en\/wp-json\/wp\/v2\/comments?post=182"}],"version-history":[{"count":19,"href":"https:\/\/cifalmalaga.org\/en\/wp-json\/wp\/v2\/pages\/182\/revisions"}],"predecessor-version":[{"id":4188,"href":"https:\/\/cifalmalaga.org\/en\/wp-json\/wp\/v2\/pages\/182\/revisions\/4188"}],"wp:attachment":[{"href":"https:\/\/cifalmalaga.org\/en\/wp-json\/wp\/v2\/media?parent=182"}],"curies":[{"name":"wp","href":"https:\/\/api.w.org\/{rel}","templated":true}]}}