{"id":160,"date":"2019-05-03T09:35:58","date_gmt":"2019-05-03T07:35:58","guid":{"rendered":"http:\/\/www.cifalmalaga.org\/?page_id=160"},"modified":"2022-04-28T12:50:41","modified_gmt":"2022-04-28T10:50:41","slug":"aviso-legal","status":"publish","type":"page","link":"https:\/\/cifalmalaga.org\/en\/aviso-legal\/","title":{"rendered":"Legal notice"},"content":{"rendered":"<h1>AVISO LEGAL<\/h1>\n<p>Te agradecemos que hayas decidido visitarnos. Para acceder nuestros servicios, declaras que\u00a0<strong>eres mayor de edad<\/strong> y que tienes capacidad legal de obrar de acuerdo con tu ley nacional.<\/p>\n<p>El acceso y la navegaci\u00f3n en el sitio web, o el uso de los servicios del mismo,\u00a0<strong>implican la aceptaci\u00f3n expresa e \u00edntegra de estas todas y cada una de las presentes Condiciones Generales, incluidas la Pol\u00edtica de Privacidad y Cookies, relativa a las finalidades de los tratamientos de los datos que nos facilites<\/strong>. Por favor, te recomendamos que las leas atentamente.<\/p>\n<h2><strong>1.- TITULARIDAD.<\/strong><\/h2>\n<p>En cumplimiento de la Ley 34\/2002, de 11 de julio, de Servicios de la Sociedad de la Informaci\u00f3n y del Comercio Electr\u00f3nico, los datos identificativos del titular del Portal Web cifalmalaga.org son:<\/p>\n<p style=\"font-weight: 400;\">Asociaci\u00f3n CIFAL M\u00e1laga<br \/>\nC\/Corregidor Francisco de Molina, no 1<br \/>\n29006. M\u00e1laga<br \/>\nCIF: G-93677516<br \/>\nTel\u00e9fono: +34 951 313954 y correo electr\u00f3nico info@cifalmalaga.org<br \/>\nEl acceso a\u00a0<a href=\"https:\/\/cifalmalaga.org\" target=\"_blank\" rel=\"noopener noreferrer\">cifalmalaga.org<\/a>\u00a0supone la aceptaci\u00f3n expresa del Usuario a las presentes Condiciones Generales de Uso, que podr\u00e1n ser modificadas o sustituidas por su titular en cualquier momento y sin previo aviso.<\/p>\n<h2><strong>2.- CONDICIONES GENERALES DE USO.<\/strong><\/h2>\n<p>Las siguientes Condiciones Generales regulan el uso y acceso al portal Web\u00a0<a href=\"https:\/\/cifalmalaga.org\" target=\"_blank\" rel=\"noopener noreferrer\">cifalmalaga.org<\/a>, cuya finalidad es ser puerta de entrada a CIFAL M\u00e1laga, ofreciendo a los usuarios informaci\u00f3n, servicios y contenidos v\u00eda Web. A trav\u00e9s de la p\u00e1gina web, el Usuario tiene acceso a informaci\u00f3n sobre CIFAL y servicios espec\u00edficos.<\/p>\n<p>El Usuario se compromete a hacer un uso adecuado de los contenidos, servicios, que est\u00e1n accesibles en\u00a0<a href=\"https:\/\/cifalmalaga.org\" target=\"_blank\" rel=\"noopener noreferrer\">cifalmalaga.org<\/a>, con sujeci\u00f3n a la Ley y a las presentes Condiciones Generales de Uso, respetando en todo momento a los dem\u00e1s Usuarios de la misma.<\/p>\n<p>En caso de incumplimiento total o parcial por el Usuario de las presentes condiciones Generales de Uso, CIFAL M\u00e1laga se reserva el derecho de denegar el acceso a <a href=\"https:\/\/cifalmalaga.org\" target=\"_blank\" rel=\"noopener noreferrer\">cifalmalaga.org<\/a>\u00a0sin necesidad de previo aviso al Usuario.<\/p>\n<p>CIFAL M\u00e1laga adoptar\u00e1 todas las medidas a su alcance para impedir cualquier tipo de conducta contraria a las Leyes Espa\u00f1olas y cooperar\u00e1 con las Autoridades competentes en la identificaci\u00f3n de los sujetos responsables de las acciones que puedan suponer violaciones de las leyes aplicables al presente sitio Web.<\/p>\n<p>Cuando visitas el sitio o te comunicas con nosotros a trav\u00e9s del sitio o utilizando cualquier otra forma de comunicaci\u00f3n electr\u00f3nica, como correo electr\u00f3nico y solicitudes de informaci\u00f3n, aceptas expresamente la utilizaci\u00f3n e incorporaci\u00f3n de tus datos a nuestros ficheros de gesti\u00f3n, seguimiento y promoci\u00f3n para las finalidades recogidas en el Documento \u201cPol\u00edtica de Privacidad\u201d, as\u00ed como los t\u00e9rminos y obligaciones establecidos en las presentes Condiciones Generales.<\/p>\n<h2><strong>3.- OBLIGACIONES GENERALES DEL USUARIO.<\/strong><\/h2>\n<p>El Usuario, al aceptar las presentes condiciones Generales de Uso, se obliga expresamente a:<\/p>\n<ul>\n<li>No realizar ninguna acci\u00f3n destinada perjudicar, bloquear, da\u00f1ar, inutilizar, sobrecargar, de forma temporal o definitiva, las funcionalidades, herramientas, contenidos y\/o la infraestructura de la p\u00e1gina web, de manera que impida su normal utilizaci\u00f3n.<\/li>\n<li>No introducir ni realizar contenidos injuriosos o calumniosos, tanto de otros Usuarios como de terceras empresas y organizaciones ajenas a CIFAL.<\/li>\n<li>No utilizar cualquiera de los materiales e informaciones contenidos en este Sitio Web con fines il\u00edcitos y expresamente prohibidos en las presentes Condiciones Generales de Uso, y que resulten contrarios a los derechos e intereses de CIFAL, sus usuarios y\/o terceros.<\/li>\n<\/ul>\n<p>El Usuario responder\u00e1 de los todos los da\u00f1os y perjuicios de toda naturaleza que CIFAL M\u00e1laga o cualquier tercero pueda sufrir como consecuencia del incumplimiento de cualesquiera de las obligaciones a las que queda sometido por virtud de estas \u201cCondiciones Generales de Uso\u201d o de la ley en relaci\u00f3n con el acceso y\/o utilizaci\u00f3n de la p\u00e1gina <a href=\"https:\/\/cifalmalaga.org\" target=\"_blank\" rel=\"noopener noreferrer\">cifalmalaga.org<\/a>.<\/p>\n<h2><strong>4.- PROPIEDAD INTELECTUAL E INDUSTRIAL.<\/strong><\/h2>\n<p>El sitio web\u00a0<a href=\"https:\/\/cifalmalaga.org\" target=\"_blank\" rel=\"noopener noreferrer\">cifalmalaga.org<\/a>, las p\u00e1ginas que comprende y la informaci\u00f3n o elementos contenidos en las mismas (incluyendo textos, documentos, fotograf\u00edas, dibujos, representaciones gr\u00e1ficas, entre otros), as\u00ed como logotipos, marcas, nombres comerciales u otros signos distintivos, se encuentran protegidos por derechos de propiedad intelectual o industrial, de los que CIFAL M\u00e1laga es titular u ostenta autorizaci\u00f3n para su utilizaci\u00f3n y comunicaci\u00f3n p\u00fablica de los leg\u00edtimos titulares de las mismas.<\/p>\n<p>El Usuario se obliga a usar los contenidos de forma diligente y correcta, de acuerdo a la ley, la moral y el orden p\u00fablico. CIFAL M\u00e1laga autoriza al Usuario para visualizar la informaci\u00f3n que se contiene en este sitio web, as\u00ed como para efectuar reproducciones privadas (simple actividad de descarga y almacenamiento en sus sistemas inform\u00e1ticos), siempre y cuando los elementos sean destinados \u00fanicamente al uso personal. En ning\u00fan caso, ello significar\u00e1 una autorizaci\u00f3n o licencia sobre los derechos de propiedad de CIFAL o de los leg\u00edtimos titulares de las mismas.<\/p>\n<p>El Usuario no est\u00e1 autorizado para proceder a la distribuci\u00f3n, modificaci\u00f3n, cesi\u00f3n o comunicaci\u00f3n p\u00fablica de la informaci\u00f3n contenida en esta Web en cualquier forma y cualquiera que sea su finalidad.<\/p>\n<h2><strong>5.- ENLACES.<\/strong><\/h2>\n<p>Las conexiones y enlaces a sitios o p\u00e1ginas web de terceros se han establecido \u00fanicamente como una utilidad para el Usuario. CIFAL M\u00e1laga no es, en ning\u00fan caso, responsable de las mismas o de su contenido.<\/p>\n<p>CIFAL M\u00e1laga no asume ninguna responsabilidad derivada de la existencia de enlaces entre los contenidos de este sitio y contenidos situados fuera del mismo o de cualquier otra menci\u00f3n de contenidos externos a este sitio. Tales enlaces o menciones tienen una finalidad exclusivamente informativa y, en ning\u00fan caso, implican el apoyo, aprobaci\u00f3n, comercializaci\u00f3n o relaci\u00f3n alguna entre CIFAL M\u00e1laga y las personas o entidades autoras y\/o gestoras de tales contenidos o titulares de los sitios donde se encuentren.<\/p>\n<p>Para realizar enlaces con la p\u00e1gina\u00a0<a href=\"https:\/\/cifalmalaga.org\" target=\"_blank\" rel=\"noopener noreferrer\">cifalmalaga.org<\/a>\u00a0ser\u00e1 necesaria la autorizaci\u00f3n expresa y por escrito de los titulares del portal.<\/p>\n<h2><strong>6.- RESPONSABILIDAD.<\/strong><\/h2>\n<p>CIFAL M\u00e1laga no garantiza el acceso continuado, ni la correcta visualizaci\u00f3n, descarga o utilidad de los elementos e informaci\u00f3n contenidos en las p\u00e1ginas que pueden verse impedidos, dificultados o interrumpidos por factores o circunstancias fuera de su control o ajenas a su voluntad, ni de aquellos que sean producidos por la existencia de virus inform\u00e1ticos en Internet.<\/p>\n<p>CIFAL M\u00e1laga no asume responsabilidad alguna por da\u00f1os, perjuicios, p\u00e9rdidas, reclamaciones o gastos, producidos por:<br \/>\n(i) Interferencias, interrupciones, fallos, omisiones, retrasos, bloqueos o desconexiones, motivadas por errores en las l\u00edneas y redes de telecomunicaciones o por cualquier otra causa ajena al control de CIFAL M\u00e1laga.<br \/>\n(ii) Intromisiones ileg\u00edtimas mediante el uso de programas malignos de cualquier tipo y a trav\u00e9s de cualquier medio de comunicaci\u00f3n, tales como virus inform\u00e1ticos o cualesquiera otros;<br \/>\n(iii) Uso indebido o inadecuado de la p\u00e1gina\u00a0<a href=\"https:\/\/cifalmalaga.org\" target=\"_blank\" rel=\"noopener noreferrer\">cifalmalaga.org<\/a><br \/>\n(iv) Errores de seguridad o navegaci\u00f3n producidos por un mal funcionamiento del navegador o por el uso de versiones no actualizadas.<\/p>\n<h2><strong>7.- PROTECCI\u00d3N DE DATOS DE CAR\u00c1CTER PERSONAL.<\/strong><\/h2>\n<p>Toda la pol\u00edtica de tratamiento de datos personales la encontrar\u00e1s en la Pol\u00edtica de Privacidad, que forma parte integrante de estas Condiciones Generales pero que, por simplicidad, hemos puesto en un documento aparte: Pol\u00edtica de Privacidad.<\/p>\n<h2><strong>8.- JURISDICCI\u00d3N.<\/strong><\/h2>\n<p>En caso de controversia o conflicto que pueda derivarse de la interpretaci\u00f3n o cumplimiento del presente Aviso Legal, las mismas ser\u00e1n resueltas ante los Tribunales y Juzgados de Tres Cantos, Madrid, Espa\u00f1a.<\/p>\n<p>Si alguna cl\u00e1usula o apartado de las presentes Condiciones Generales, que no sea de naturaleza esencial para la existencia del mismo, es declarada nula o inaplicable, la validez de las restantes cl\u00e1usulas no se ver\u00e1 afectada.<\/p>\n<p><small>\u00a9 CIFAL M\u00e1laga \u2013 2018. TODOS LOS DERECHOS RESERVADOS.<\/small><\/p>","protected":false},"excerpt":{"rendered":"<p>AVISO LEGAL Te agradecemos que hayas decidido visitarnos. Para acceder  [&#8230;]<\/p>","protected":false},"author":1,"featured_media":0,"parent":0,"menu_order":0,"comment_status":"closed","ping_status":"closed","template":"","meta":{"footnotes":""},"class_list":["post-160","page","type-page","status-publish","hentry"],"_links":{"self":[{"href":"https:\/\/cifalmalaga.org\/en\/wp-json\/wp\/v2\/pages\/160","targetHints":{"allow":["GET"]}}],"collection":[{"href":"https:\/\/cifalmalaga.org\/en\/wp-json\/wp\/v2\/pages"}],"about":[{"href":"https:\/\/cifalmalaga.org\/en\/wp-json\/wp\/v2\/types\/page"}],"author":[{"embeddable":true,"href":"https:\/\/cifalmalaga.org\/en\/wp-json\/wp\/v2\/users\/1"}],"replies":[{"embeddable":true,"href":"https:\/\/cifalmalaga.org\/en\/wp-json\/wp\/v2\/comments?post=160"}],"version-history":[{"count":9,"href":"https:\/\/cifalmalaga.org\/en\/wp-json\/wp\/v2\/pages\/160\/revisions"}],"predecessor-version":[{"id":3012,"href":"https:\/\/cifalmalaga.org\/en\/wp-json\/wp\/v2\/pages\/160\/revisions\/3012"}],"wp:attachment":[{"href":"https:\/\/cifalmalaga.org\/en\/wp-json\/wp\/v2\/media?parent=160"}],"curies":[{"name":"wp","href":"https:\/\/api.w.org\/{rel}","templated":true}]}}